{"id":59963,"date":"2024-12-05T11:20:48","date_gmt":"2024-12-05T11:20:48","guid":{"rendered":"https:\/\/e.kosmolat.eu\/product\/lux-sg-liq-figgeroil-bot-480ml\/"},"modified":"2026-04-22T09:48:56","modified_gmt":"2026-04-22T09:48:56","slug":"lux-botanicals-dusas-zel-vige-un-geranijas-ella-480-ml","status":"publish","type":"product","link":"https:\/\/e.kosmolat.eu\/lt\/produktas\/lux-botanicals-dusas-zel-vige-un-geranijas-ella-480-ml\/","title":{"rendered":"LUX Botanicals Du\u0161o gelis figos ir pelargonijos, 480 ml"},"content":{"rendered":"<p>Du\u0161o gelis gaivina od\u0105, o vasari\u0161kas aromatas pakelia nuotaik\u0105. Nuotaik\u0105 pakeliantis gelis, suteikiantis odai vasari\u0161ko kvapo.<\/p>\n<p>Sud\u0117tyje yra 100% nat\u016brali\u0173 ekstrakt\u0173. Dermatologi\u0161kai patikrintas.<\/p>\n","protected":false},"excerpt":{"rendered":"<p>Du\u0161o gelis gaivina od\u0105, o vasari\u0161kas aromatas pakelia nuotaik\u0105. Nuotaik\u0105 pakeliantis gelis, suteikiantis odai vasari\u0161ko kvapo. Sud\u0117tyje yra 100% nat\u016brali\u0173 ekstrakt\u0173. Dermatologi\u0161kai patikrintas.<\/p>\n","protected":false},"featured_media":98327,"template":"","meta":[],"product_cat":[2181],"product_tag":[],"class_list":{"0":"post-59963","1":"product","2":"type-product","3":"status-publish","4":"has-post-thumbnail","6":"product_brand-unilever-ua-lt","7":"product_cat-bez-kategorijas-lt","9":"first","10":"instock","11":"taxable","12":"shipping-taxable","13":"product-type-simple"},"_links":{"self":[{"href":"https:\/\/e.kosmolat.eu\/lt\/wp-json\/wp\/v2\/product\/59963","targetHints":{"allow":["GET"]}}],"collection":[{"href":"https:\/\/e.kosmolat.eu\/lt\/wp-json\/wp\/v2\/product"}],"about":[{"href":"https:\/\/e.kosmolat.eu\/lt\/wp-json\/wp\/v2\/types\/product"}],"wp:featuredmedia":[{"embeddable":true,"href":"https:\/\/e.kosmolat.eu\/lt\/wp-json\/wp\/v2\/media\/98327"}],"wp:attachment":[{"href":"https:\/\/e.kosmolat.eu\/lt\/wp-json\/wp\/v2\/media?parent=59963"}],"wp:term":[{"taxonomy":"product_cat","embeddable":true,"href":"https:\/\/e.kosmolat.eu\/lt\/wp-json\/wp\/v2\/product_cat?post=59963"},{"taxonomy":"product_tag","embeddable":true,"href":"https:\/\/e.kosmolat.eu\/lt\/wp-json\/wp\/v2\/product_tag?post=59963"}],"curies":[{"name":"wp","href":"https:\/\/api.w.org\/{rel}","templated":true}]}}