{"id":59959,"date":"2024-12-05T10:50:47","date_gmt":"2024-12-05T10:50:47","guid":{"rendered":"https:\/\/e.kosmolat.eu\/product\/lux-sg-liq-cherryblos-bot-480ml\/"},"modified":"2026-04-14T06:26:54","modified_gmt":"2026-04-14T06:26:54","slug":"lux-botanicals-dusas-zeleja-kirsu-ziedi-un-niacinamids-480-ml","status":"publish","type":"product","link":"https:\/\/e.kosmolat.eu\/lt\/produktas\/lux-botanicals-dusas-zeleja-kirsu-ziedi-un-niacinamids-480-ml\/","title":{"rendered":"LUX Botanicals du\u0161o gelis Vy\u0161ni\u0173 \u017eiedai ir niacinamidas, 480 ml"},"content":{"rendered":"<p>Du\u0161o gelis suteikia odai \u0161vyt\u0117jimo, o saldus pavasario kvapas suteikia d\u017eiaugsmo.<\/p>\n<p>Sud\u0117tyje yra 100% nat\u016brali\u0173 ekstrakt\u0173. Dermatologi\u0161kai patikrintas.<\/p>\n","protected":false},"excerpt":{"rendered":"<p>Du\u0161o gelis suteikia odai \u0161vyt\u0117jimo, o saldus pavasario kvapas suteikia d\u017eiaugsmo. Sud\u0117tyje yra 100% nat\u016brali\u0173 ekstrakt\u0173. Dermatologi\u0161kai patikrintas.<\/p>\n","protected":false},"featured_media":98323,"template":"","meta":[],"product_cat":[1282],"product_tag":[],"class_list":{"0":"post-59959","1":"product","2":"type-product","3":"status-publish","4":"has-post-thumbnail","6":"product_brand-unilever-ua-lt","7":"product_cat-duso-geliai-ir-duso-aliejai","9":"first","10":"instock","11":"taxable","12":"shipping-taxable","13":"product-type-simple"},"_links":{"self":[{"href":"https:\/\/e.kosmolat.eu\/lt\/wp-json\/wp\/v2\/product\/59959","targetHints":{"allow":["GET"]}}],"collection":[{"href":"https:\/\/e.kosmolat.eu\/lt\/wp-json\/wp\/v2\/product"}],"about":[{"href":"https:\/\/e.kosmolat.eu\/lt\/wp-json\/wp\/v2\/types\/product"}],"wp:featuredmedia":[{"embeddable":true,"href":"https:\/\/e.kosmolat.eu\/lt\/wp-json\/wp\/v2\/media\/98323"}],"wp:attachment":[{"href":"https:\/\/e.kosmolat.eu\/lt\/wp-json\/wp\/v2\/media?parent=59959"}],"wp:term":[{"taxonomy":"product_cat","embeddable":true,"href":"https:\/\/e.kosmolat.eu\/lt\/wp-json\/wp\/v2\/product_cat?post=59959"},{"taxonomy":"product_tag","embeddable":true,"href":"https:\/\/e.kosmolat.eu\/lt\/wp-json\/wp\/v2\/product_tag?post=59959"}],"curies":[{"name":"wp","href":"https:\/\/api.w.org\/{rel}","templated":true}]}}