{"id":59955,"date":"2024-12-05T10:20:47","date_gmt":"2024-12-05T10:20:47","guid":{"rendered":"https:\/\/e.kosmolat.eu\/product\/lux-sg-liq-freesaloe-bot-480ml\/"},"modified":"2026-04-22T09:48:39","modified_gmt":"2026-04-22T09:48:39","slug":"lux-botanicals-dusas-zel-frezija-un-alveja-480-ml","status":"publish","type":"product","link":"https:\/\/e.kosmolat.eu\/lt\/produktas\/lux-botanicals-dusas-zel-frezija-un-alveja-480-ml\/","title":{"rendered":"LUX Botanicals Du\u0161o gelis frezijos ir alavijai 480ml"},"content":{"rendered":"<p>Gaivinanti du\u0161o gelis, kuri valo od\u0105 ir palieka gaiv\u0173 g\u0117li\u0173 kvap\u0105. <\/p>\n<p>Sud\u0117tyje yra 100% nat\u016brali\u0173 ekstrakt\u0173. Dermatologi\u0161kai patikrintas.<\/p>\n","protected":false},"excerpt":{"rendered":"<p>Gaivinanti du\u0161o gelis, kuri valo od\u0105 ir palieka gaiv\u0173 g\u0117li\u0173 kvap\u0105. Sud\u0117tyje yra 100% nat\u016brali\u0173 ekstrakt\u0173. Dermatologi\u0161kai patikrintas.<\/p>\n","protected":false},"featured_media":98319,"template":"","meta":[],"product_cat":[2181],"product_tag":[],"class_list":{"0":"post-59955","1":"product","2":"type-product","3":"status-publish","4":"has-post-thumbnail","6":"product_brand-unilever-ua-lt","7":"product_cat-bez-kategorijas-lt","9":"first","10":"instock","11":"taxable","12":"shipping-taxable","13":"product-type-simple"},"_links":{"self":[{"href":"https:\/\/e.kosmolat.eu\/lt\/wp-json\/wp\/v2\/product\/59955","targetHints":{"allow":["GET"]}}],"collection":[{"href":"https:\/\/e.kosmolat.eu\/lt\/wp-json\/wp\/v2\/product"}],"about":[{"href":"https:\/\/e.kosmolat.eu\/lt\/wp-json\/wp\/v2\/types\/product"}],"wp:featuredmedia":[{"embeddable":true,"href":"https:\/\/e.kosmolat.eu\/lt\/wp-json\/wp\/v2\/media\/98319"}],"wp:attachment":[{"href":"https:\/\/e.kosmolat.eu\/lt\/wp-json\/wp\/v2\/media?parent=59955"}],"wp:term":[{"taxonomy":"product_cat","embeddable":true,"href":"https:\/\/e.kosmolat.eu\/lt\/wp-json\/wp\/v2\/product_cat?post=59955"},{"taxonomy":"product_tag","embeddable":true,"href":"https:\/\/e.kosmolat.eu\/lt\/wp-json\/wp\/v2\/product_tag?post=59955"}],"curies":[{"name":"wp","href":"https:\/\/api.w.org\/{rel}","templated":true}]}}