{"id":59947,"date":"2024-12-05T05:08:44","date_gmt":"2024-12-05T05:08:44","guid":{"rendered":"https:\/\/e.kosmolat.eu\/product\/911-sildoss-fitokrems-muskuliem-un-locitavam-100-ml\/"},"modified":"2026-04-18T12:40:11","modified_gmt":"2026-04-18T12:40:11","slug":"911-sildoss-fitokrems-muskuliem-un-locitavam-100-ml","status":"publish","type":"product","link":"https:\/\/e.kosmolat.eu\/lt\/produktas\/911-sildoss-fitokrems-muskuliem-un-locitavam-100-ml\/","title":{"rendered":"911 \u0160ildantis fitokremas  raumenims ir s\u0105nariams, 100 ml"},"content":{"rendered":"<p>Fito kremas turi gil\u0173 ir ilgalaik\u012f \u0161ildant\u012f bei stiprinant\u012f poveik\u012f odai ir audiniams.<\/p>\n<p>Naudojimas: Tepkite krem\u0105 saikingais judesiais, energingai \u012ftrindami \u012f \u0161vari\u0105 od\u0105 problemines vietas. Ne vaistas.<\/p>\n<p>Kontraindikacijos: galimas individualus padid\u0117j\u0119s jautrumas komponentams. <\/p>\n<p>Saugoti nuo +5\u00b0C iki +25\u00b0C temperat\u016broje.<\/p>\n<p>Geriausiass: 36 m\u0117nesiai nuo pagaminimo datos.<\/p>\n","protected":false},"excerpt":{"rendered":"<p>Fito kremas turi gil\u0173 ir ilgalaik\u012f \u0161ildant\u012f bei stiprinant\u012f poveik\u012f odai ir audiniams. Naudojimas: Tepkite krem\u0105 saikingais judesiais, energingai \u012ftrindami \u012f \u0161vari\u0105 od\u0105 problemines vietas. Ne vaistas. Kontraindikacijos: galimas individualus padid\u0117j\u0119s jautrumas komponentams. Saugoti nuo +5\u00b0C iki +25\u00b0C temperat\u016broje. Geriausiass: 36 m\u0117nesiai nuo pagaminimo datos.<\/p>\n","protected":false},"featured_media":98711,"template":"","meta":[],"product_cat":[1390],"product_tag":[],"class_list":{"0":"post-59947","1":"product","2":"type-product","3":"status-publish","4":"has-post-thumbnail","6":"product_brand-green-pharm-cosmetic_ua-lt","7":"product_cat-kremai-aliejai-kuno-pienelis","9":"first","10":"instock","11":"taxable","12":"shipping-taxable","13":"product-type-simple"},"_links":{"self":[{"href":"https:\/\/e.kosmolat.eu\/lt\/wp-json\/wp\/v2\/product\/59947","targetHints":{"allow":["GET"]}}],"collection":[{"href":"https:\/\/e.kosmolat.eu\/lt\/wp-json\/wp\/v2\/product"}],"about":[{"href":"https:\/\/e.kosmolat.eu\/lt\/wp-json\/wp\/v2\/types\/product"}],"wp:featuredmedia":[{"embeddable":true,"href":"https:\/\/e.kosmolat.eu\/lt\/wp-json\/wp\/v2\/media\/98711"}],"wp:attachment":[{"href":"https:\/\/e.kosmolat.eu\/lt\/wp-json\/wp\/v2\/media?parent=59947"}],"wp:term":[{"taxonomy":"product_cat","embeddable":true,"href":"https:\/\/e.kosmolat.eu\/lt\/wp-json\/wp\/v2\/product_cat?post=59947"},{"taxonomy":"product_tag","embeddable":true,"href":"https:\/\/e.kosmolat.eu\/lt\/wp-json\/wp\/v2\/product_tag?post=59947"}],"curies":[{"name":"wp","href":"https:\/\/api.w.org\/{rel}","templated":true}]}}