{"id":59939,"date":"2024-12-05T05:08:30","date_gmt":"2024-12-05T05:08:30","guid":{"rendered":"https:\/\/e.kosmolat.eu\/product\/911-venogels-ar-zirgkastanu-100-ml\/"},"modified":"2026-04-13T12:29:31","modified_gmt":"2026-04-13T12:29:31","slug":"911-venogels-ar-zirgkastanu-100-ml","status":"publish","type":"product","link":"https:\/\/e.kosmolat.eu\/lt\/produktas\/911-venogels-ar-zirgkastanu-100-ml\/","title":{"rendered":"911 Venogelis su ka\u0161tonais, 100 ml"},"content":{"rendered":"<p>Gelis skirtas koj\u0173 odos, linkusios \u012f nuovarg\u012f ir patinimus  prie\u017ei\u016brai.<\/p>\n<p>Naudojimas: Tepkite ant \u0161varios koj\u0173 odos masa\u017eo judesiais, kol visi\u0161kai \u012fsigers. Tik i\u0161oriniam naudojimui. Ne vaistas.<\/p>\n<p>Kontraindikacijos: galimas individualus padid\u0117j\u0119s jautrumas komponentams. <\/p>\n<p>Saugoti  gamintojo pakuot\u0117je sausose patalpose, atokiau nuo \u0161ildymo prietais\u0173 ir saul\u0117s spinduli\u0173, nuo +5\u00b0C iki +25\u00b0C temperat\u016broje, kai santykin\u0117 oro dr\u0117gm\u0117 ne didesn\u0117 kaip 75%.<\/p>\n<p>Geriausiass: 36 m\u0117nesiai nuo pagaminimo datos.<\/p>\n","protected":false},"excerpt":{"rendered":"<p>Gelis skirtas koj\u0173 odos, linkusios \u012f nuovarg\u012f ir patinimus prie\u017ei\u016brai. Naudojimas: Tepkite ant \u0161varios koj\u0173 odos masa\u017eo judesiais, kol visi\u0161kai \u012fsigers. Tik i\u0161oriniam naudojimui. Ne vaistas. Kontraindikacijos: galimas individualus padid\u0117j\u0119s jautrumas komponentams. Saugoti gamintojo pakuot\u0117je sausose patalpose, atokiau nuo \u0161ildymo prietais\u0173 ir saul\u0117s spinduli\u0173, nuo +5\u00b0C iki +25\u00b0C temperat\u016broje, kai santykin\u0117 oro dr\u0117gm\u0117 ne didesn\u0117 [&#8230;]\n","protected":false},"featured_media":98703,"template":"","meta":[],"product_cat":[2181],"product_tag":[],"class_list":{"0":"post-59939","1":"product","2":"type-product","3":"status-publish","4":"has-post-thumbnail","6":"product_brand-green-pharm-cosmetic_ua-lt","7":"product_cat-bez-kategorijas-lt","9":"first","10":"instock","11":"taxable","12":"shipping-taxable","13":"product-type-simple"},"_links":{"self":[{"href":"https:\/\/e.kosmolat.eu\/lt\/wp-json\/wp\/v2\/product\/59939","targetHints":{"allow":["GET"]}}],"collection":[{"href":"https:\/\/e.kosmolat.eu\/lt\/wp-json\/wp\/v2\/product"}],"about":[{"href":"https:\/\/e.kosmolat.eu\/lt\/wp-json\/wp\/v2\/types\/product"}],"wp:featuredmedia":[{"embeddable":true,"href":"https:\/\/e.kosmolat.eu\/lt\/wp-json\/wp\/v2\/media\/98703"}],"wp:attachment":[{"href":"https:\/\/e.kosmolat.eu\/lt\/wp-json\/wp\/v2\/media?parent=59939"}],"wp:term":[{"taxonomy":"product_cat","embeddable":true,"href":"https:\/\/e.kosmolat.eu\/lt\/wp-json\/wp\/v2\/product_cat?post=59939"},{"taxonomy":"product_tag","embeddable":true,"href":"https:\/\/e.kosmolat.eu\/lt\/wp-json\/wp\/v2\/product_tag?post=59939"}],"curies":[{"name":"wp","href":"https:\/\/api.w.org\/{rel}","templated":true}]}}