{"id":59931,"date":"2024-12-05T05:08:15","date_gmt":"2024-12-05T05:08:15","guid":{"rendered":"https:\/\/e.kosmolat.eu\/product\/911-hondroitins-ar-glikozaminu-balzams-100-ml\/"},"modified":"2026-04-23T08:31:52","modified_gmt":"2026-04-23T08:31:52","slug":"911-hondroitins-ar-glikozaminu-balzams-100-ml","status":"publish","type":"product","link":"https:\/\/e.kosmolat.eu\/lt\/produktas\/911-hondroitins-ar-glikozaminu-balzams-100-ml\/","title":{"rendered":"911 Chondroitinas su gliukozaminu Balzamas, 100 ml"},"content":{"rendered":"<p>Balzamas skirtas naudoti s\u0105nariams ir raumenims.<br \/>\nNat\u016bralus kinro\u017ei\u0173 ekstraktas ir kadagi\u0173 bei eukalipt\u0173 eteriniai aliejai ma\u017eina nuovarg\u012f po aktyvios dienos. Chondroitinas ir gliukozaminas ma\u017eina raumen\u0173 nuovarg\u012f ir skatina odos bei audini\u0173 atstatym\u0105.<\/p>\n<p>Naudojimas: nedidel\u012f kiek\u012f kremo-balzamo u\u017etepkite problemines k\u016bno vietas ir masa\u017euojamaisiais judesiais \u012ftrinkite 3-5 minutes, kol visi\u0161kai \u012fsigers 2-3 kartus per dien\u0105. Tik i\u0161oriniam naudojimui. Ne vaistas.<\/p>\n<p>Kontraindikacijos: galimas individualus padid\u0117j\u0119s jautrumas komponentams. <\/p>\n<p>Saugoti  gamintojo pakuot\u0117je sausose patalpose, atokiau nuo \u0161ildymo prietais\u0173 ir saul\u0117s spinduli\u0173, nuo +5\u00b0C iki +25\u00b0C temperat\u016broje, kai santykin\u0117 oro dr\u0117gm\u0117 ne didesn\u0117 kaip 75%.<\/p>\n<p>Geriausiass: 36 m\u0117nesiai nuo pagaminimo datos.<\/p>\n","protected":false},"excerpt":{"rendered":"<p>Balzamas skirtas naudoti s\u0105nariams ir raumenims. Nat\u016bralus kinro\u017ei\u0173 ekstraktas ir kadagi\u0173 bei eukalipt\u0173 eteriniai aliejai ma\u017eina nuovarg\u012f po aktyvios dienos. Chondroitinas ir gliukozaminas ma\u017eina raumen\u0173 nuovarg\u012f ir skatina odos bei audini\u0173 atstatym\u0105. Naudojimas: nedidel\u012f kiek\u012f kremo-balzamo u\u017etepkite problemines k\u016bno vietas ir masa\u017euojamaisiais judesiais \u012ftrinkite 3-5 minutes, kol visi\u0161kai \u012fsigers 2-3 kartus per dien\u0105. Tik i\u0161oriniam [&#8230;]\n","protected":false},"featured_media":99698,"template":"","meta":[],"product_cat":[1390],"product_tag":[],"class_list":{"0":"post-59931","1":"product","2":"type-product","3":"status-publish","4":"has-post-thumbnail","6":"product_brand-green-pharm-cosmetic_ua-lt","7":"product_cat-kremai-aliejai-kuno-pienelis","9":"first","10":"instock","11":"taxable","12":"shipping-taxable","13":"product-type-simple"},"_links":{"self":[{"href":"https:\/\/e.kosmolat.eu\/lt\/wp-json\/wp\/v2\/product\/59931","targetHints":{"allow":["GET"]}}],"collection":[{"href":"https:\/\/e.kosmolat.eu\/lt\/wp-json\/wp\/v2\/product"}],"about":[{"href":"https:\/\/e.kosmolat.eu\/lt\/wp-json\/wp\/v2\/types\/product"}],"wp:featuredmedia":[{"embeddable":true,"href":"https:\/\/e.kosmolat.eu\/lt\/wp-json\/wp\/v2\/media\/99698"}],"wp:attachment":[{"href":"https:\/\/e.kosmolat.eu\/lt\/wp-json\/wp\/v2\/media?parent=59931"}],"wp:term":[{"taxonomy":"product_cat","embeddable":true,"href":"https:\/\/e.kosmolat.eu\/lt\/wp-json\/wp\/v2\/product_cat?post=59931"},{"taxonomy":"product_tag","embeddable":true,"href":"https:\/\/e.kosmolat.eu\/lt\/wp-json\/wp\/v2\/product_tag?post=59931"}],"curies":[{"name":"wp","href":"https:\/\/api.w.org\/{rel}","templated":true}]}}