{"id":59923,"date":"2024-12-05T05:06:53","date_gmt":"2024-12-05T05:06:53","guid":{"rendered":"https:\/\/e.kosmolat.eu\/product\/911-okopnik-tauksakne-balzams-100-ml\/"},"modified":"2026-04-23T08:31:38","modified_gmt":"2026-04-23T08:31:38","slug":"911-okopnik-tauksakne-balzams-100-ml","status":"publish","type":"product","link":"https:\/\/e.kosmolat.eu\/lt\/produktas\/911-okopnik-tauksakne-balzams-100-ml\/","title":{"rendered":"911 Okopnik (tauki\u0173) balzamas, 100 ml"},"content":{"rendered":"<p>Nat\u016brali priemon\u0117 odos ir audini\u0173 atstatymui. Gerina mikrocirkuliacij\u0105, ma\u017eina diskomfort\u0105 po fizinio kr\u016bvio, palaiko lengvumo ir komforto jausm\u0105. Rekomenduojama tepti s\u0105narius ir rai\u0161\u010dius. <\/p>\n<p>Naudojimas: lengvais masa\u017eo judesiais tepkite problemines vietas 2-3 kartus per dien\u0105. Tik i\u0161oriniam naudojimui. Ne vaistas.<\/p>\n<p>Kontraindikacijos: galimas individualus padid\u0117j\u0119s jautrumas komponentams. <\/p>\n<p>Saugoti  gamintojo pakuot\u0117je sausose patalpose, atokiau nuo \u0161ildymo prietais\u0173 ir saul\u0117s spinduli\u0173, nuo +5\u00b0C iki +25\u00b0C temperat\u016broje, kai santykin\u0117 oro dr\u0117gm\u0117 ne didesn\u0117 kaip 75%.<\/p>\n<p>Geriausiass: 36 m\u0117nesiai nuo pagaminimo datos.<\/p>\n","protected":false},"excerpt":{"rendered":"<p>Nat\u016brali priemon\u0117 odos ir audini\u0173 atstatymui. Gerina mikrocirkuliacij\u0105, ma\u017eina diskomfort\u0105 po fizinio kr\u016bvio, palaiko lengvumo ir komforto jausm\u0105. Rekomenduojama tepti s\u0105narius ir rai\u0161\u010dius. Naudojimas: lengvais masa\u017eo judesiais tepkite problemines vietas 2-3 kartus per dien\u0105. Tik i\u0161oriniam naudojimui. Ne vaistas. Kontraindikacijos: galimas individualus padid\u0117j\u0119s jautrumas komponentams. Saugoti gamintojo pakuot\u0117je sausose patalpose, atokiau nuo \u0161ildymo prietais\u0173 ir [&#8230;]\n","protected":false},"featured_media":98699,"template":"","meta":[],"product_cat":[1390],"product_tag":[],"class_list":{"0":"post-59923","1":"product","2":"type-product","3":"status-publish","4":"has-post-thumbnail","6":"product_brand-green-pharm-cosmetic_ua-lt","7":"product_cat-kremai-aliejai-kuno-pienelis","9":"first","10":"instock","11":"taxable","12":"shipping-taxable","13":"product-type-simple"},"_links":{"self":[{"href":"https:\/\/e.kosmolat.eu\/lt\/wp-json\/wp\/v2\/product\/59923","targetHints":{"allow":["GET"]}}],"collection":[{"href":"https:\/\/e.kosmolat.eu\/lt\/wp-json\/wp\/v2\/product"}],"about":[{"href":"https:\/\/e.kosmolat.eu\/lt\/wp-json\/wp\/v2\/types\/product"}],"wp:featuredmedia":[{"embeddable":true,"href":"https:\/\/e.kosmolat.eu\/lt\/wp-json\/wp\/v2\/media\/98699"}],"wp:attachment":[{"href":"https:\/\/e.kosmolat.eu\/lt\/wp-json\/wp\/v2\/media?parent=59923"}],"wp:term":[{"taxonomy":"product_cat","embeddable":true,"href":"https:\/\/e.kosmolat.eu\/lt\/wp-json\/wp\/v2\/product_cat?post=59923"},{"taxonomy":"product_tag","embeddable":true,"href":"https:\/\/e.kosmolat.eu\/lt\/wp-json\/wp\/v2\/product_tag?post=59923"}],"curies":[{"name":"wp","href":"https:\/\/api.w.org\/{rel}","templated":true}]}}