{"id":59915,"date":"2024-12-05T05:05:59","date_gmt":"2024-12-05T05:05:59","guid":{"rendered":"https:\/\/e.kosmolat.eu\/product\/911-balzams-pec-apdegumiem-100-ml\/"},"modified":"2026-04-13T09:31:13","modified_gmt":"2026-04-13T09:31:13","slug":"i_911-balzams-pec-apdegumiem-100-ml","status":"publish","type":"product","link":"https:\/\/e.kosmolat.eu\/lt\/produktas\/i_911-balzams-pec-apdegumiem-100-ml\/","title":{"rendered":"I_911 Balzamas po nudegim\u0173, 100 ml"},"content":{"rendered":"<p>Stimuliuoja odos atsistatymo procesus po nudegim\u0173.<\/p>\n<p>Naudojimas: 1-2 mm balzamo sluoksniu u\u017etepkite problemines odos vietas. Tik i\u0161oriniam naudojimui. Ne vaistas.<\/p>\n<p>Kontraindikacijos: galimas individualus padid\u0117j\u0119s jautrumas komponentams. <\/p>\n<p>Saugoti  gamintojo pakuot\u0117je sausose patalpose, atokiau nuo \u0161ildymo prietais\u0173 ir saul\u0117s spinduli\u0173, nuo +5\u00b0C iki +25\u00b0C temperat\u016broje, kai santykin\u0117 oro dr\u0117gm\u0117 ne didesn\u0117 kaip 75%.<\/p>\n<p>Geriausiass: 36 m\u0117nesiai nuo pagaminimo datos.<\/p>\n","protected":false},"excerpt":{"rendered":"<p>Stimuliuoja odos atsistatymo procesus po nudegim\u0173. Naudojimas: 1-2 mm balzamo sluoksniu u\u017etepkite problemines odos vietas. Tik i\u0161oriniam naudojimui. Ne vaistas. Kontraindikacijos: galimas individualus padid\u0117j\u0119s jautrumas komponentams. Saugoti gamintojo pakuot\u0117je sausose patalpose, atokiau nuo \u0161ildymo prietais\u0173 ir saul\u0117s spinduli\u0173, nuo +5\u00b0C iki +25\u00b0C temperat\u016broje, kai santykin\u0117 oro dr\u0117gm\u0117 ne didesn\u0117 kaip 75%. Geriausiass: 36 m\u0117nesiai nuo [&#8230;]\n","protected":false},"featured_media":100264,"template":"","meta":[],"product_cat":[1390],"product_tag":[],"class_list":{"0":"post-59915","1":"product","2":"type-product","3":"status-publish","4":"has-post-thumbnail","6":"product_brand-green-pharm-cosmetic_ua-lt","7":"product_cat-kremai-aliejai-kuno-pienelis","9":"first","10":"instock","11":"taxable","12":"shipping-taxable","13":"product-type-simple"},"_links":{"self":[{"href":"https:\/\/e.kosmolat.eu\/lt\/wp-json\/wp\/v2\/product\/59915","targetHints":{"allow":["GET"]}}],"collection":[{"href":"https:\/\/e.kosmolat.eu\/lt\/wp-json\/wp\/v2\/product"}],"about":[{"href":"https:\/\/e.kosmolat.eu\/lt\/wp-json\/wp\/v2\/types\/product"}],"wp:featuredmedia":[{"embeddable":true,"href":"https:\/\/e.kosmolat.eu\/lt\/wp-json\/wp\/v2\/media\/100264"}],"wp:attachment":[{"href":"https:\/\/e.kosmolat.eu\/lt\/wp-json\/wp\/v2\/media?parent=59915"}],"wp:term":[{"taxonomy":"product_cat","embeddable":true,"href":"https:\/\/e.kosmolat.eu\/lt\/wp-json\/wp\/v2\/product_cat?post=59915"},{"taxonomy":"product_tag","embeddable":true,"href":"https:\/\/e.kosmolat.eu\/lt\/wp-json\/wp\/v2\/product_tag?post=59915"}],"curies":[{"name":"wp","href":"https:\/\/api.w.org\/{rel}","templated":true}]}}