{"id":59907,"date":"2024-12-05T05:04:47","date_gmt":"2024-12-05T05:04:47","guid":{"rendered":"https:\/\/e.kosmolat.eu\/product\/911-zivokost-tauksakne-balzams-100-ml\/"},"modified":"2026-04-13T09:30:58","modified_gmt":"2026-04-13T09:30:58","slug":"911-zivokost-tauksakne-balzams-100-ml","status":"publish","type":"product","link":"https:\/\/e.kosmolat.eu\/lt\/produktas\/911-zivokost-tauksakne-balzams-100-ml\/","title":{"rendered":"911 \u017divokost (tauki\u0173) balzamas, 100 ml"},"content":{"rendered":"<p>Galinga balzamo formul\u0117 praturtinta nat\u016braliais er\u0161k\u0117tro\u017ei\u0173, apyni\u0173 spurg\u0173, ka\u0161ton\u0173, ugnia\u017eoli\u0173, dilg\u0117li\u0173 ir imbier\u0173 ekstraktais. \u0160ie komponentai skatina audini\u0173 atsistatym\u0105, mal\u0161ina raumen\u0173 spazmus, gerina mikrocirkuliacij\u0105 ir ramina od\u0105. Reguliarus balzamo naudojimas pagerina odos b\u016bkl\u0119, ma\u017eina \u012ftamp\u0105 ir atkuria nat\u016bral\u0173 jos gro\u017e\u012f.<\/p>\n<p>Naudojimas: lengvais masa\u017eo judesiais tepkite problemines vietas kelis kartus per dien\u0105. Tik i\u0161oriniam naudojimui. Ne vaistas<\/p>\n<p>Kontraindikacijos: galimas individualus padid\u0117j\u0119s jautrumas komponentams. <\/p>\n<p>Saugoti  gamintojo pakuot\u0117je sausose patalpose, atokiau nuo \u0161ildymo prietais\u0173 ir saul\u0117s spinduli\u0173, nuo +5\u00b0C iki +25\u00b0C temperat\u016broje, kai santykin\u0117 oro dr\u0117gm\u0117 ne didesn\u0117 kaip 75%.<\/p>\n<p>Geriausiass: 36 m\u0117nesiai nuo pagaminimo datos.<\/p>\n","protected":false},"excerpt":{"rendered":"<p>Galinga balzamo formul\u0117 praturtinta nat\u016braliais er\u0161k\u0117tro\u017ei\u0173, apyni\u0173 spurg\u0173, ka\u0161ton\u0173, ugnia\u017eoli\u0173, dilg\u0117li\u0173 ir imbier\u0173 ekstraktais. \u0160ie komponentai skatina audini\u0173 atsistatym\u0105, mal\u0161ina raumen\u0173 spazmus, gerina mikrocirkuliacij\u0105 ir ramina od\u0105. Reguliarus balzamo naudojimas pagerina odos b\u016bkl\u0119, ma\u017eina \u012ftamp\u0105 ir atkuria nat\u016bral\u0173 jos gro\u017e\u012f. Naudojimas: lengvais masa\u017eo judesiais tepkite problemines vietas kelis kartus per dien\u0105. Tik i\u0161oriniam naudojimui. Ne [&#8230;]\n","protected":false},"featured_media":99860,"template":"","meta":[],"product_cat":[1390],"product_tag":[],"class_list":{"0":"post-59907","1":"product","2":"type-product","3":"status-publish","4":"has-post-thumbnail","6":"product_brand-green-pharm-cosmetic_ua-lt","7":"product_cat-kremai-aliejai-kuno-pienelis","9":"first","10":"outofstock","11":"taxable","12":"shipping-taxable","13":"product-type-simple"},"_links":{"self":[{"href":"https:\/\/e.kosmolat.eu\/lt\/wp-json\/wp\/v2\/product\/59907","targetHints":{"allow":["GET"]}}],"collection":[{"href":"https:\/\/e.kosmolat.eu\/lt\/wp-json\/wp\/v2\/product"}],"about":[{"href":"https:\/\/e.kosmolat.eu\/lt\/wp-json\/wp\/v2\/types\/product"}],"wp:featuredmedia":[{"embeddable":true,"href":"https:\/\/e.kosmolat.eu\/lt\/wp-json\/wp\/v2\/media\/99860"}],"wp:attachment":[{"href":"https:\/\/e.kosmolat.eu\/lt\/wp-json\/wp\/v2\/media?parent=59907"}],"wp:term":[{"taxonomy":"product_cat","embeddable":true,"href":"https:\/\/e.kosmolat.eu\/lt\/wp-json\/wp\/v2\/product_cat?post=59907"},{"taxonomy":"product_tag","embeddable":true,"href":"https:\/\/e.kosmolat.eu\/lt\/wp-json\/wp\/v2\/product_tag?post=59907"}],"curies":[{"name":"wp","href":"https:\/\/api.w.org\/{rel}","templated":true}]}}