{"id":59899,"date":"2024-12-05T05:04:00","date_gmt":"2024-12-05T05:04:00","guid":{"rendered":"https:\/\/e.kosmolat.eu\/product\/911-sabelnik-varnkaja-kaju-balzams-100-ml\/"},"modified":"2026-04-16T13:39:33","modified_gmt":"2026-04-16T13:39:33","slug":"911-sabelnik-varnkaja-kaju-balzams-100-ml","status":"publish","type":"product","link":"https:\/\/e.kosmolat.eu\/lt\/produktas\/911-sabelnik-varnkaja-kaju-balzams-100-ml\/","title":{"rendered":"911 Sabelnik p\u0117d\u0173 balzamas, 100 ml"},"content":{"rendered":"<p>Balzamas kasdienei p\u0117d\u0173 odos prie\u017ei\u016brai. Sabelnik turi atkuriam\u0173j\u0173 savybi\u0173. Apyni\u0173 spurg\u0173 ekstraktas ir alantoinas padeda pagerinti med\u017eiag\u0173 apykaitos procesus, ramina od\u0105 ir atkuria jos barjerines funkcijas, didina epidermio elastingum\u0105.<\/p>\n<p>Naudojimas: Tepkite sukamaisiais judesiais ant odos 2-3 kartus per dien\u0105. Tik i\u0161oriniam naudojimui. Ne vaistas.<\/p>\n<p>Kontraindikacijos: galimas individualus padid\u0117j\u0119s jautrumas komponentams. <\/p>\n<p>Saugoti  gamintojo pakuot\u0117je sausose patalpose, atokiau nuo \u0161ildymo prietais\u0173 ir saul\u0117s spinduli\u0173, nuo +5\u00b0C iki +25\u00b0C temperat\u016broje, kai santykin\u0117 oro dr\u0117gm\u0117 ne didesn\u0117 kaip 75%.<\/p>\n<p>Geriausiass: 36 m\u0117nesiai nuo pagaminimo datos.<\/p>\n","protected":false},"excerpt":{"rendered":"<p>Balzamas kasdienei p\u0117d\u0173 odos prie\u017ei\u016brai. Sabelnik turi atkuriam\u0173j\u0173 savybi\u0173. Apyni\u0173 spurg\u0173 ekstraktas ir alantoinas padeda pagerinti med\u017eiag\u0173 apykaitos procesus, ramina od\u0105 ir atkuria jos barjerines funkcijas, didina epidermio elastingum\u0105. Naudojimas: Tepkite sukamaisiais judesiais ant odos 2-3 kartus per dien\u0105. Tik i\u0161oriniam naudojimui. Ne vaistas. Kontraindikacijos: galimas individualus padid\u0117j\u0119s jautrumas komponentams. Saugoti gamintojo pakuot\u0117je sausose patalpose, [&#8230;]\n","protected":false},"featured_media":100192,"template":"","meta":[],"product_cat":[1763],"product_tag":[],"class_list":{"0":"post-59899","1":"product","2":"type-product","3":"status-publish","4":"has-post-thumbnail","6":"product_brand-green-pharm-cosmetic_ua-lt","7":"product_cat-koju-prieziuros-kosmetika","9":"first","10":"instock","11":"taxable","12":"shipping-taxable","13":"product-type-simple"},"_links":{"self":[{"href":"https:\/\/e.kosmolat.eu\/lt\/wp-json\/wp\/v2\/product\/59899","targetHints":{"allow":["GET"]}}],"collection":[{"href":"https:\/\/e.kosmolat.eu\/lt\/wp-json\/wp\/v2\/product"}],"about":[{"href":"https:\/\/e.kosmolat.eu\/lt\/wp-json\/wp\/v2\/types\/product"}],"wp:featuredmedia":[{"embeddable":true,"href":"https:\/\/e.kosmolat.eu\/lt\/wp-json\/wp\/v2\/media\/100192"}],"wp:attachment":[{"href":"https:\/\/e.kosmolat.eu\/lt\/wp-json\/wp\/v2\/media?parent=59899"}],"wp:term":[{"taxonomy":"product_cat","embeddable":true,"href":"https:\/\/e.kosmolat.eu\/lt\/wp-json\/wp\/v2\/product_cat?post=59899"},{"taxonomy":"product_tag","embeddable":true,"href":"https:\/\/e.kosmolat.eu\/lt\/wp-json\/wp\/v2\/product_tag?post=59899"}],"curies":[{"name":"wp","href":"https:\/\/api.w.org\/{rel}","templated":true}]}}