{"id":59891,"date":"2024-12-05T05:02:33","date_gmt":"2024-12-05T05:02:33","guid":{"rendered":"https:\/\/e.kosmolat.eu\/product\/911-bodjaga-balzams-zilumiem-un-sasitumiem-100-ml\/"},"modified":"2026-04-21T07:33:50","modified_gmt":"2026-04-21T07:33:50","slug":"911-bodjaga-balzams-zilumiem-un-sasitumiem-100-ml","status":"publish","type":"product","link":"https:\/\/e.kosmolat.eu\/lt\/produktas\/911-bodjaga-balzams-zilumiem-un-sasitumiem-100-ml\/","title":{"rendered":"911 Bodyaga balzamas nuo sumu\u0161im\u0173 ir m\u0117lyni\u0173, 100 ml"},"content":{"rendered":"<p>Bodyaga balzamas padeda pagerinti odos mikrocirkuliacij\u0105 ir sumu\u0161im\u0173 b\u016bkl\u0119, taip pat ma\u017eina patinim\u0105 po m\u0117lynes. Produktas taip pat veiksmingai ma\u017eina raumen\u0173 \u012ftamp\u0105.<\/p>\n<p>Naudojimas: tepkite ant odos lengvais masa\u017eo judesiais 2-3 kartus per dien\u0105. Ne vaistas.<\/p>\n<p>Kontraindikacijos: galimas individualus padid\u0117j\u0119s jautrumas komponentams. <\/p>\n<p>Saugoti  gamintojo pakuot\u0117je sausose patalpose, atokiau nuo \u0161ildymo prietais\u0173 ir saul\u0117s spinduli\u0173, nuo +5\u00b0C iki +25\u00b0C temperat\u016broje, kai santykin\u0117 oro dr\u0117gm\u0117 ne didesn\u0117 kaip 75%.<\/p>\n<p>Geriausiass: 36 m\u0117nesiai nuo pagaminimo datos.<\/p>\n","protected":false},"excerpt":{"rendered":"<p>Bodyaga balzamas padeda pagerinti odos mikrocirkuliacij\u0105 ir sumu\u0161im\u0173 b\u016bkl\u0119, taip pat ma\u017eina patinim\u0105 po m\u0117lynes. Produktas taip pat veiksmingai ma\u017eina raumen\u0173 \u012ftamp\u0105. Naudojimas: tepkite ant odos lengvais masa\u017eo judesiais 2-3 kartus per dien\u0105. Ne vaistas. Kontraindikacijos: galimas individualus padid\u0117j\u0119s jautrumas komponentams. Saugoti gamintojo pakuot\u0117je sausose patalpose, atokiau nuo \u0161ildymo prietais\u0173 ir saul\u0117s spinduli\u0173, nuo +5\u00b0C [&#8230;]\n","protected":false},"featured_media":99694,"template":"","meta":[],"product_cat":[2181],"product_tag":[],"class_list":{"0":"post-59891","1":"product","2":"type-product","3":"status-publish","4":"has-post-thumbnail","6":"product_brand-green-pharm-cosmetic_ua-lt","7":"product_cat-bez-kategorijas-lt","9":"first","10":"instock","11":"taxable","12":"shipping-taxable","13":"product-type-simple"},"_links":{"self":[{"href":"https:\/\/e.kosmolat.eu\/lt\/wp-json\/wp\/v2\/product\/59891","targetHints":{"allow":["GET"]}}],"collection":[{"href":"https:\/\/e.kosmolat.eu\/lt\/wp-json\/wp\/v2\/product"}],"about":[{"href":"https:\/\/e.kosmolat.eu\/lt\/wp-json\/wp\/v2\/types\/product"}],"wp:featuredmedia":[{"embeddable":true,"href":"https:\/\/e.kosmolat.eu\/lt\/wp-json\/wp\/v2\/media\/99694"}],"wp:attachment":[{"href":"https:\/\/e.kosmolat.eu\/lt\/wp-json\/wp\/v2\/media?parent=59891"}],"wp:term":[{"taxonomy":"product_cat","embeddable":true,"href":"https:\/\/e.kosmolat.eu\/lt\/wp-json\/wp\/v2\/product_cat?post=59891"},{"taxonomy":"product_tag","embeddable":true,"href":"https:\/\/e.kosmolat.eu\/lt\/wp-json\/wp\/v2\/product_tag?post=59891"}],"curies":[{"name":"wp","href":"https:\/\/api.w.org\/{rel}","templated":true}]}}