{"id":59855,"date":"2024-12-04T05:17:13","date_gmt":"2024-12-04T05:17:13","guid":{"rendered":"https:\/\/e.kosmolat.eu\/product\/spa-natural-krems-pedu-plaisu-profilaksei-100-ml\/"},"modified":"2026-04-24T05:29:29","modified_gmt":"2026-04-24T05:29:29","slug":"spa-natural-krems-pedu-plaisu-profilaksei-100-ml","status":"publish","type":"product","link":"https:\/\/e.kosmolat.eu\/lt\/produktas\/spa-natural-krems-pedu-plaisu-profilaksei-100-ml\/","title":{"rendered":"SPA NATURAL Kremas p\u0117d\u0173 tr\u016bkin\u0117jimo profilaktikai, 100 ml"},"content":{"rendered":"<p>Tinkamos prie\u017ei\u016bros tr\u016bkumo pasekm\u0117 sausa, pleiskanojanti ir \u012ftr\u016bkusi p\u0117d\u0173 od\u0105. Turtinga kremo formul\u0117 praturtinta taukmed\u017ei\u0173 sviestu, avokad\u0173 ir simondsij\u0173 aliejais b\u016btina maitinan\u010diai p\u0117d\u0173 odos prie\u017ei\u016brai. Mentolis gaivina ir suteikia komforto jausm\u0105. Tinka nuolatiniam naudojimui. <\/p>\n<p>Naudojimas: tepkite krem\u0105 ant \u0161varios ir sausos p\u0117d\u0173 odos.<br \/>\nAtsargumo priemon\u0117s: Tik i\u0161oriniam naudojimui. Patekus \u012f akis, gerai nuplauti vandeniu ir, jei reikia, kreiptis \u012f gydytoj\u0105.<\/p>\n<p>\u012esp\u0117jimas: galimas individualus padid\u0117j\u0119s jautrumas komponentams.<\/p>\n<p>Geriausias: 30 m\u0117nesi\u0173 nuo pagaminimo datos.<\/p>\n<p>Laikyti nuo +5 iki +25\u00b0C temperat\u016broje, atokiau nuo tiesiogini\u0173 saul\u0117s spinduli\u0173. Laikyti bent 0,5 m atstumu nuo \u0161ildymo prietais\u0173.<\/p>\n","protected":false},"excerpt":{"rendered":"<p>Tinkamos prie\u017ei\u016bros tr\u016bkumo pasekm\u0117 sausa, pleiskanojanti ir \u012ftr\u016bkusi p\u0117d\u0173 od\u0105. Turtinga kremo formul\u0117 praturtinta taukmed\u017ei\u0173 sviestu, avokad\u0173 ir simondsij\u0173 aliejais b\u016btina maitinan\u010diai p\u0117d\u0173 odos prie\u017ei\u016brai. Mentolis gaivina ir suteikia komforto jausm\u0105. Tinka nuolatiniam naudojimui. Naudojimas: tepkite krem\u0105 ant \u0161varios ir sausos p\u0117d\u0173 odos. Atsargumo priemon\u0117s: Tik i\u0161oriniam naudojimui. Patekus \u012f akis, gerai nuplauti vandeniu ir, [&#8230;]\n","protected":false},"featured_media":102874,"template":"","meta":[],"product_cat":[1763],"product_tag":[],"class_list":{"0":"post-59855","1":"product","2":"type-product","3":"status-publish","4":"has-post-thumbnail","6":"product_brand-aljans-krasoti_ua-lt","7":"product_cat-koju-prieziuros-kosmetika","9":"first","10":"instock","11":"taxable","12":"shipping-taxable","13":"product-type-simple"},"_links":{"self":[{"href":"https:\/\/e.kosmolat.eu\/lt\/wp-json\/wp\/v2\/product\/59855","targetHints":{"allow":["GET"]}}],"collection":[{"href":"https:\/\/e.kosmolat.eu\/lt\/wp-json\/wp\/v2\/product"}],"about":[{"href":"https:\/\/e.kosmolat.eu\/lt\/wp-json\/wp\/v2\/types\/product"}],"wp:featuredmedia":[{"embeddable":true,"href":"https:\/\/e.kosmolat.eu\/lt\/wp-json\/wp\/v2\/media\/102874"}],"wp:attachment":[{"href":"https:\/\/e.kosmolat.eu\/lt\/wp-json\/wp\/v2\/media?parent=59855"}],"wp:term":[{"taxonomy":"product_cat","embeddable":true,"href":"https:\/\/e.kosmolat.eu\/lt\/wp-json\/wp\/v2\/product_cat?post=59855"},{"taxonomy":"product_tag","embeddable":true,"href":"https:\/\/e.kosmolat.eu\/lt\/wp-json\/wp\/v2\/product_tag?post=59855"}],"curies":[{"name":"wp","href":"https:\/\/api.w.org\/{rel}","templated":true}]}}