{"id":59847,"date":"2024-12-04T05:16:54","date_gmt":"2024-12-04T05:16:54","guid":{"rendered":"https:\/\/e.kosmolat.eu\/product\/spa-natural-krems-pedu-plaisu-profilaksei-155-ml\/"},"modified":"2026-04-23T09:16:14","modified_gmt":"2026-04-23T09:16:14","slug":"spa-natural-krems-pedu-plaisu-profilaksei-155-ml","status":"publish","type":"product","link":"https:\/\/e.kosmolat.eu\/lt\/produktas\/spa-natural-krems-pedu-plaisu-profilaksei-155-ml\/","title":{"rendered":"SPA NATURAL Kremas p\u0117d\u0173 tr\u016bkin\u0117jimo profilaktikai, 155 ml"},"content":{"rendered":"<p>P\u0117d\u0173 kremas i\u0161 Natural Spa serijos yra SOS eliksyras, skirtas p\u0117d\u0173 tr\u016bkin\u0117jimo profilaktikai. Taukmed\u017ei\u0173 sviestas, avokad\u0173 ir simondsij\u0173 aliejai pagerina labai sausos, \u0161iurk\u0161\u010dios p\u0117d\u0173 odos b\u016bkl\u0119, j\u0105 mink\u0161tina ir prisotina maistin\u0117mis med\u017eiagomis, saugo nuo tolesnio \u0161erpetojimo  ir skilin\u0117jimo. Gyslo\u010di\u0173 ir arbatmed\u017ei\u0173 aliejus suaktyvina p\u0117d\u0173 odos atk\u016brimo proces\u0105. Reguliariai naudojant j\u016bs\u0173 p\u0117dos ir kulnai bus i\u0161puosel\u0117ti, o oda \u0161velni it \u0161ilkin\u0117!<\/p>\n<p>Naudojimas: tepkite krem\u0105 ant \u0161varios ir sausos p\u0117d\u0173 odos.<br \/>\nAtsargumo priemon\u0117s: Tik i\u0161oriniam naudojimui. Patekus \u012f akis, gerai nuplauti vandeniu ir, jei reikia, kreiptis \u012f gydytoj\u0105.<\/p>\n<p>\u012esp\u0117jimas: galimas individualus padid\u0117j\u0119s jautrumas komponentams.<\/p>\n<p>Geriausias: 30 m\u0117nesi\u0173 nuo pagaminimo datos.<\/p>\n<p>Laikyti nuo +5 iki +25\u00b0C temperat\u016broje, atokiau nuo tiesiogini\u0173 saul\u0117s spinduli\u0173. Laikyti bent 0,5 m atstumu nuo \u0161ildymo prietais\u0173.<\/p>\n","protected":false},"excerpt":{"rendered":"<p>P\u0117d\u0173 kremas i\u0161 Natural Spa serijos yra SOS eliksyras, skirtas p\u0117d\u0173 tr\u016bkin\u0117jimo profilaktikai. Taukmed\u017ei\u0173 sviestas, avokad\u0173 ir simondsij\u0173 aliejai pagerina labai sausos, \u0161iurk\u0161\u010dios p\u0117d\u0173 odos b\u016bkl\u0119, j\u0105 mink\u0161tina ir prisotina maistin\u0117mis med\u017eiagomis, saugo nuo tolesnio \u0161erpetojimo ir skilin\u0117jimo. Gyslo\u010di\u0173 ir arbatmed\u017ei\u0173 aliejus suaktyvina p\u0117d\u0173 odos atk\u016brimo proces\u0105. Reguliariai naudojant j\u016bs\u0173 p\u0117dos ir kulnai bus i\u0161puosel\u0117ti, [&#8230;]\n","protected":false},"featured_media":99763,"template":"","meta":[],"product_cat":[2181],"product_tag":[],"class_list":{"0":"post-59847","1":"product","2":"type-product","3":"status-publish","4":"has-post-thumbnail","6":"product_brand-aljans-krasoti_ua-lt","7":"product_cat-bez-kategorijas-lt","9":"first","10":"instock","11":"taxable","12":"shipping-taxable","13":"product-type-simple"},"_links":{"self":[{"href":"https:\/\/e.kosmolat.eu\/lt\/wp-json\/wp\/v2\/product\/59847","targetHints":{"allow":["GET"]}}],"collection":[{"href":"https:\/\/e.kosmolat.eu\/lt\/wp-json\/wp\/v2\/product"}],"about":[{"href":"https:\/\/e.kosmolat.eu\/lt\/wp-json\/wp\/v2\/types\/product"}],"wp:featuredmedia":[{"embeddable":true,"href":"https:\/\/e.kosmolat.eu\/lt\/wp-json\/wp\/v2\/media\/99763"}],"wp:attachment":[{"href":"https:\/\/e.kosmolat.eu\/lt\/wp-json\/wp\/v2\/media?parent=59847"}],"wp:term":[{"taxonomy":"product_cat","embeddable":true,"href":"https:\/\/e.kosmolat.eu\/lt\/wp-json\/wp\/v2\/product_cat?post=59847"},{"taxonomy":"product_tag","embeddable":true,"href":"https:\/\/e.kosmolat.eu\/lt\/wp-json\/wp\/v2\/product_tag?post=59847"}],"curies":[{"name":"wp","href":"https:\/\/api.w.org\/{rel}","templated":true}]}}