{"id":59831,"date":"2024-12-04T05:16:09","date_gmt":"2024-12-04T05:16:09","guid":{"rendered":"https:\/\/e.kosmolat.eu\/product\/naturals-spa-mitrinoss-dienas-sejas-krems-100-ml\/"},"modified":"2026-05-08T21:02:15","modified_gmt":"2026-05-08T21:02:15","slug":"i_naturals-spa-mitrinoss-dienas-sejas-krems-100-ml","status":"publish","type":"product","link":"https:\/\/e.kosmolat.eu\/lt\/produktas\/i_naturals-spa-mitrinoss-dienas-sejas-krems-100-ml\/","title":{"rendered":"I_NATURALS SPA Dieninis dr\u0117kinamasis veido kremas, 100 ml"},"content":{"rendered":"<p>\u0160velnus lengvos, sodrios tekst\u016bros veido kremas, skirtas dr\u0117kinti saus\u0105, pavargusi\u0105 od\u0105. Alavijai dr\u0117kina od\u0105, o brukn\u0117s, kaip antioksidantas, padeda apsaugoti od\u0105 nuo neigiamo aplinkos poveikio.Simondsij\u0173 (Jojoba)  aliejus maitina ir mink\u0161tina od\u0105, palaiko jos stangrum\u0105 ir elastingum\u0105. Kremas papildomai praturtintas elastinu ir kolagenu. Idealiai tinka kaip makia\u017eo pagrindas.<\/p>\n<p>Naudojimas: Tepkite veido od\u0105 kremu.<\/p>\n<p>Atsargumo priemon\u0117s: Tik i\u0161oriniam naudojimui. Patekus \u012f akis, gerai nuplauti vandeniu ir, jei reikia, kreiptis \u012f gydytoj\u0105.<\/p>\n<p>\u012esp\u0117jimas: galimas individualus padid\u0117j\u0119s jautrumas komponentams.<\/p>\n<p>Geriausias: 30 m\u0117nesi\u0173 nuo pagaminimo datos.<\/p>\n<p>Laikyti nuo +5 iki +25\u00b0C temperat\u016broje, atokiau nuo tiesiogini\u0173 saul\u0117s spinduli\u0173. Laikyti bent 0,5 m atstumu nuo \u0161ildymo prietais\u0173.<\/p>\n","protected":false},"excerpt":{"rendered":"<p>\u0160velnus lengvos, sodrios tekst\u016bros veido kremas, skirtas dr\u0117kinti saus\u0105, pavargusi\u0105 od\u0105. Alavijai dr\u0117kina od\u0105, o brukn\u0117s, kaip antioksidantas, padeda apsaugoti od\u0105 nuo neigiamo aplinkos poveikio.Simondsij\u0173 (Jojoba) aliejus maitina ir mink\u0161tina od\u0105, palaiko jos stangrum\u0105 ir elastingum\u0105. Kremas papildomai praturtintas elastinu ir kolagenu. Idealiai tinka kaip makia\u017eo pagrindas. Naudojimas: Tepkite veido od\u0105 kremu. Atsargumo priemon\u0117s: Tik [&#8230;]\n","protected":false},"featured_media":100740,"template":"","meta":[],"product_cat":[1322],"product_tag":[],"class_list":{"0":"post-59831","1":"product","2":"type-product","3":"status-publish","4":"has-post-thumbnail","6":"product_brand-aljans-krasoti_ua-lt","7":"product_cat-veido-kremai","9":"first","10":"instock","11":"taxable","12":"shipping-taxable","13":"product-type-simple"},"_links":{"self":[{"href":"https:\/\/e.kosmolat.eu\/lt\/wp-json\/wp\/v2\/product\/59831","targetHints":{"allow":["GET"]}}],"collection":[{"href":"https:\/\/e.kosmolat.eu\/lt\/wp-json\/wp\/v2\/product"}],"about":[{"href":"https:\/\/e.kosmolat.eu\/lt\/wp-json\/wp\/v2\/types\/product"}],"wp:featuredmedia":[{"embeddable":true,"href":"https:\/\/e.kosmolat.eu\/lt\/wp-json\/wp\/v2\/media\/100740"}],"wp:attachment":[{"href":"https:\/\/e.kosmolat.eu\/lt\/wp-json\/wp\/v2\/media?parent=59831"}],"wp:term":[{"taxonomy":"product_cat","embeddable":true,"href":"https:\/\/e.kosmolat.eu\/lt\/wp-json\/wp\/v2\/product_cat?post=59831"},{"taxonomy":"product_tag","embeddable":true,"href":"https:\/\/e.kosmolat.eu\/lt\/wp-json\/wp\/v2\/product_tag?post=59831"}],"curies":[{"name":"wp","href":"https:\/\/api.w.org\/{rel}","templated":true}]}}