{"id":59815,"date":"2024-12-04T05:15:27","date_gmt":"2024-12-04T05:15:27","guid":{"rendered":"https:\/\/e.kosmolat.eu\/product\/pharma-bio-lab-dadzu-balz-maska-pret-matu-izkris-un-matu-struktur-atjaunos-150-ml\/"},"modified":"2026-04-17T06:32:21","modified_gmt":"2026-04-17T06:32:21","slug":"pharma-bio-lab-dadzu-balz-maska-pret-matu-izkris-un-matu-struktur-atjaunos-150-ml","status":"publish","type":"product","link":"https:\/\/e.kosmolat.eu\/lt\/produktas\/pharma-bio-lab-dadzu-balz-maska-pret-matu-izkris-un-matu-struktur-atjaunos-150-ml\/","title":{"rendered":"PHARMA BIO LABORATORY Varnal\u0117\u0161\u0173 balzamas-kauk\u0117 nuo plauk\u0173 slinkimo ir plauk\u0173 strukt\u016brai atkurti, 150"},"content":{"rendered":"<p>Varnal\u0117\u0161\u0173 balzam\u0105 suk\u016br\u0117 Pharma BIO Laboratory\u2122 ekspertai, atsi\u017evelgdami \u012f visus plauk\u0173 poreikius. Receptas praturtintas vaistini\u0173 \u017eoleli\u0173 kolekcija ir galingu CAPAUXEIN\u00ae kompleksu (Pranc\u016bzija). CAPAUXEIN\u00ae* kompleksas skatina plauk\u0173 augim\u0105, padeda sustiprinti plauk\u0173 stiebus ir suteikia jiems gyvybingumo reguliariai naudojant.<\/p>\n<p>Naudojimas: po \u0161amp\u016bno naudojimo balzam\u0105-kauk\u0119 tolygiai paskirstykite ant dr\u0117gn\u0173 plauk\u0173 per vis\u0105 ilg\u012f, leiskite veikti 2-3 minutes. Nuplaukite \u0161iltu vandeniu.<\/p>\n<p>Atsargumo priemon\u0117s: Tik i\u0161oriniam naudojimui. Patekus \u012f akis, gerai nuplauti vandeniu ir, jei reikia, kreiptis \u012f gydytoj\u0105.<\/p>\n<p>\u012esp\u0117jimas: galimas individualus padid\u0117j\u0119s jautrumas komponentams. Sud\u0117tyje yra vitamino A. Prie\u0161 vartojim\u0105 b\u016btina atsi\u017evelgti \u012f paros doz\u0119..<\/p>\n<p>Geriausias: 24 m\u0117nesiai nuo pagaminimo datos.<\/p>\n<p>Laikyti nuo +5 iki +25\u00b0C temperat\u016broje, atokiau nuo tiesiogini\u0173 saul\u0117s spinduli\u0173. Laikyti bent 0,5 m atstumu nuo \u0161ildymo prietais\u0173.<\/p>\n","protected":false},"excerpt":{"rendered":"<p>Varnal\u0117\u0161\u0173 balzam\u0105 suk\u016br\u0117 Pharma BIO Laboratory\u2122 ekspertai, atsi\u017evelgdami \u012f visus plauk\u0173 poreikius. Receptas praturtintas vaistini\u0173 \u017eoleli\u0173 kolekcija ir galingu CAPAUXEIN\u00ae kompleksu (Pranc\u016bzija). CAPAUXEIN\u00ae* kompleksas skatina plauk\u0173 augim\u0105, padeda sustiprinti plauk\u0173 stiebus ir suteikia jiems gyvybingumo reguliariai naudojant. Naudojimas: po \u0161amp\u016bno naudojimo balzam\u0105-kauk\u0119 tolygiai paskirstykite ant dr\u0117gn\u0173 plauk\u0173 per vis\u0105 ilg\u012f, leiskite veikti 2-3 minutes. Nuplaukite [&#8230;]\n","protected":false},"featured_media":102082,"template":"","meta":[],"product_cat":[2181],"product_tag":[],"class_list":{"0":"post-59815","1":"product","2":"type-product","3":"status-publish","4":"has-post-thumbnail","6":"product_brand-aljans-krasoti_ua-lt","7":"product_cat-bez-kategorijas-lt","9":"first","10":"instock","11":"taxable","12":"shipping-taxable","13":"product-type-simple"},"_links":{"self":[{"href":"https:\/\/e.kosmolat.eu\/lt\/wp-json\/wp\/v2\/product\/59815","targetHints":{"allow":["GET"]}}],"collection":[{"href":"https:\/\/e.kosmolat.eu\/lt\/wp-json\/wp\/v2\/product"}],"about":[{"href":"https:\/\/e.kosmolat.eu\/lt\/wp-json\/wp\/v2\/types\/product"}],"wp:featuredmedia":[{"embeddable":true,"href":"https:\/\/e.kosmolat.eu\/lt\/wp-json\/wp\/v2\/media\/102082"}],"wp:attachment":[{"href":"https:\/\/e.kosmolat.eu\/lt\/wp-json\/wp\/v2\/media?parent=59815"}],"wp:term":[{"taxonomy":"product_cat","embeddable":true,"href":"https:\/\/e.kosmolat.eu\/lt\/wp-json\/wp\/v2\/product_cat?post=59815"},{"taxonomy":"product_tag","embeddable":true,"href":"https:\/\/e.kosmolat.eu\/lt\/wp-json\/wp\/v2\/product_tag?post=59815"}],"curies":[{"name":"wp","href":"https:\/\/api.w.org\/{rel}","templated":true}]}}