{"id":59807,"date":"2024-12-04T05:14:57","date_gmt":"2024-12-04T05:14:57","guid":{"rendered":"https:\/\/e.kosmolat.eu\/product\/pharma-bio-lab-dadzu-bio-serums-2-in-1-pret-matu-izkrisanu-7-x-10-ml\/"},"modified":"2026-04-16T08:46:53","modified_gmt":"2026-04-16T08:46:53","slug":"pharma-bio-lab-dadzu-bio-serums-2-in-1-pret-matu-izkrisanu-7-x-10-ml","status":"publish","type":"product","link":"https:\/\/e.kosmolat.eu\/lt\/produktas\/pharma-bio-lab-dadzu-bio-serums-2-in-1-pret-matu-izkrisanu-7-x-10-ml\/","title":{"rendered":"PHARMA BIO LABORATORY Varnal\u0117\u0161\u0173 bioserumas 2in1nuo plauk\u0173 slinkimo, 7 x 10 ml"},"content":{"rendered":"<p>\u2022 Apsaugo nuo plauk\u0173 slinkimo<br \/>\n\u2022 Stiprina plauk\u0173 augim\u0105<\/p>\n<p>BIO-Serum buvo sukurtas Pharma BIO Laboratory\u00ae ekspert\u0173, atsi\u017evelgdami \u012f visus plauk\u0173 poreikius. Jis nelipnus, patogus ir paprastas naudoti. Receptas praturtintas vaista\u017eoli\u0173 kolekcija, kuri\u0105 sudaro varnal\u0117\u0161\u0173 \u0161aknys, ajer\u0173 \u0161aknys, dilg\u0117l\u0117s, gelsv\u0117s, ber\u017e\u0173 lapai, dobilai ir apyni\u0173 spurgai. Produktas praturtintas galingu Capauxein\u00ae* kompleksu (Pranc\u016bzija)  kuris gali<br \/>\npagerinti augim\u0105, pagerinti plauk\u0173 stiprum\u0105 ir gyvibingum\u0105 bei u\u017ekirsti keli\u0105 plauk\u0173 slinkimui.<\/p>\n<p>Naudojimas: Pur\u0161kite Bio-serum\u0105 5\u20137 cm atstumu ant \u0161varios galvos odos. Kruop\u0161\u010diai \u012ftrinkite masa\u017euojamaisiais judesiais, neskalaukite. Esant stipriam plauk\u0173 slinkimui, naudoti kasdien profilaktikai ir plauk\u0173 augimo skatinimui, naudoti 2-3 kartus per savait\u0119.<\/p>\n<p>Atsargumo priemon\u0117s: Tik i\u0161oriniam naudojimui. Patekus \u012f akis, gerai nuplauti vandeniu ir, jei reikia, kreiptis \u012f gydytoj\u0105.<\/p>\n<p>\u012esp\u0117jimas: galimas individualus padid\u0117j\u0119s jautrumas komponentams. Sud\u0117tyje yra vitamino A. Prie\u0161 vartojim\u0105 b\u016btina atsi\u017evelgti \u012f paros doz\u0119..<\/p>\n<p>Geriausias: 24 m\u0117nesiai nuo pagaminimo datos.<\/p>\n<p>Laikyti nuo +5 iki +25\u00b0C temperat\u016broje, atokiau nuo tiesiogini\u0173 saul\u0117s spinduli\u0173. Laikyti bent 0,5 m atstumu nuo \u0161ildymo prietais\u0173.<\/p>\n","protected":false},"excerpt":{"rendered":"<p>\u2022 Apsaugo nuo plauk\u0173 slinkimo \u2022 Stiprina plauk\u0173 augim\u0105 BIO-Serum buvo sukurtas Pharma BIO Laboratory\u00ae ekspert\u0173, atsi\u017evelgdami \u012f visus plauk\u0173 poreikius. Jis nelipnus, patogus ir paprastas naudoti. Receptas praturtintas vaista\u017eoli\u0173 kolekcija, kuri\u0105 sudaro varnal\u0117\u0161\u0173 \u0161aknys, ajer\u0173 \u0161aknys, dilg\u0117l\u0117s, gelsv\u0117s, ber\u017e\u0173 lapai, dobilai ir apyni\u0173 spurgai. Produktas praturtintas galingu Capauxein\u00ae* kompleksu (Pranc\u016bzija) kuris gali pagerinti augim\u0105, [&#8230;]\n","protected":false},"featured_media":98940,"template":"","meta":[],"product_cat":[1345],"product_tag":[],"class_list":{"0":"post-59807","1":"product","2":"type-product","3":"status-publish","4":"has-post-thumbnail","6":"product_brand-aljans-krasoti_ua-lt","7":"product_cat-kitos-plauku-prieziuros-priemones","9":"first","10":"instock","11":"taxable","12":"shipping-taxable","13":"product-type-simple"},"_links":{"self":[{"href":"https:\/\/e.kosmolat.eu\/lt\/wp-json\/wp\/v2\/product\/59807","targetHints":{"allow":["GET"]}}],"collection":[{"href":"https:\/\/e.kosmolat.eu\/lt\/wp-json\/wp\/v2\/product"}],"about":[{"href":"https:\/\/e.kosmolat.eu\/lt\/wp-json\/wp\/v2\/types\/product"}],"wp:featuredmedia":[{"embeddable":true,"href":"https:\/\/e.kosmolat.eu\/lt\/wp-json\/wp\/v2\/media\/98940"}],"wp:attachment":[{"href":"https:\/\/e.kosmolat.eu\/lt\/wp-json\/wp\/v2\/media?parent=59807"}],"wp:term":[{"taxonomy":"product_cat","embeddable":true,"href":"https:\/\/e.kosmolat.eu\/lt\/wp-json\/wp\/v2\/product_cat?post=59807"},{"taxonomy":"product_tag","embeddable":true,"href":"https:\/\/e.kosmolat.eu\/lt\/wp-json\/wp\/v2\/product_tag?post=59807"}],"curies":[{"name":"wp","href":"https:\/\/api.w.org\/{rel}","templated":true}]}}