{"id":59799,"date":"2024-12-04T05:14:38","date_gmt":"2024-12-04T05:14:38","guid":{"rendered":"https:\/\/e.kosmolat.eu\/product\/pharma-bio-lab-mitr-micel-udens-ar-ellam-notur-grima-non-visiem-adas-tip-500-ml\/"},"modified":"2026-04-20T07:38:11","modified_gmt":"2026-04-20T07:38:11","slug":"pharma-bio-lab-mitr-micel-udens-ar-ellam-notur-grima-non-visiem-adas-tip-500-ml","status":"publish","type":"product","link":"https:\/\/e.kosmolat.eu\/lt\/produktas\/pharma-bio-lab-mitr-micel-udens-ar-ellam-notur-grima-non-visiem-adas-tip-500-ml\/","title":{"rendered":"PHARMA BIO LABORATORY Dr\u0117kinamasis micelinis vanduo su aliejais ilgalaikiam makia\u017eui pa\u0161alinti vis\u0173"},"content":{"rendered":"<p>Micelinis vanduo su vertingais aliejais skirtas ypa\u010d \u0161velniai nuvalyti od\u0105 nuo ne\u0161varum\u0173 ir pa\u0161alinti vis\u0173 tip\u0173 veido, aki\u0173 ir l\u016bp\u0173 makia\u017e\u0105. \u0160velni formul\u0117 nepalieka riebios pl\u0117vel\u0117s ir nesausina odos. Micel\u0117s efektyviai pa\u0161alina ne\u0161varumus, riebal\u0173 pertekli\u0173 ir \u0161velniai pa\u0161alina makia\u017e\u0105. \u017doleli\u0173 fitokolekcija suteikia visapusi\u0161k\u0105 prie\u017ei\u016br\u0105. Aktyvus vandens komponentas* puikiai dr\u0117kina od\u0105. Rugiag\u0117l\u0117s pasi\u017eymi ry\u0161kiu tonizuojan\u010diu poveikiu, ro\u017e\u0117s ramina od\u0105. Argano aliejus mink\u0161tina od\u0105, pa\u0161alina i\u0161saus\u0117jim\u0105.<\/p>\n<p>ODA TOBULIAI \u0160VARI<br \/>\nIR NAT\u016aRALIAI PRI\u017dI\u016aR\u0116TA!<br \/>\nNaudojimas: U\u017etepkite ant vatos diskelio ir kruop\u0161\u010diai nuvalykite veid\u0105, \u012fskaitant srit\u012f aplink akis ir l\u016bpas. Nereikia nuplauti vandeniu.<\/p>\n<p>Atsargumo priemon\u0117s: Tik i\u0161oriniam naudojimui. Patekus \u012f akis, gerai nuplauti vandeniu ir, jei reikia, kreiptis \u012f gydytoj\u0105. \u012esp\u0117jimas: galimas individualus padid\u0117j\u0119s jautrumas komponentams<\/p>\n<p>Geriausias: 24 m\u0117nesiai nuo pagaminimo datos.<\/p>\n<p>Laikyti nuo +5 iki +25\u00b0C temperat\u016broje, atokiau nuo tiesiogini\u0173 saul\u0117s spinduli\u0173. Laikyti bent 0,5 m atstumu nuo \u0161ildymo prietais\u0173.<\/p>\n","protected":false},"excerpt":{"rendered":"<p>Micelinis vanduo su vertingais aliejais skirtas ypa\u010d \u0161velniai nuvalyti od\u0105 nuo ne\u0161varum\u0173 ir pa\u0161alinti vis\u0173 tip\u0173 veido, aki\u0173 ir l\u016bp\u0173 makia\u017e\u0105. \u0160velni formul\u0117 nepalieka riebios pl\u0117vel\u0117s ir nesausina odos. Micel\u0117s efektyviai pa\u0161alina ne\u0161varumus, riebal\u0173 pertekli\u0173 ir \u0161velniai pa\u0161alina makia\u017e\u0105. \u017doleli\u0173 fitokolekcija suteikia visapusi\u0161k\u0105 prie\u017ei\u016br\u0105. Aktyvus vandens komponentas* puikiai dr\u0117kina od\u0105. Rugiag\u0117l\u0117s pasi\u017eymi ry\u0161kiu tonizuojan\u010diu poveikiu, [&#8230;]\n","protected":false},"featured_media":102078,"template":"","meta":[],"product_cat":[1570],"product_tag":[],"class_list":{"0":"post-59799","1":"product","2":"type-product","3":"status-publish","4":"has-post-thumbnail","6":"product_brand-aljans-krasoti_ua-lt","7":"product_cat-micelinis-vanduo","9":"first","10":"instock","11":"taxable","12":"shipping-taxable","13":"product-type-simple"},"_links":{"self":[{"href":"https:\/\/e.kosmolat.eu\/lt\/wp-json\/wp\/v2\/product\/59799","targetHints":{"allow":["GET"]}}],"collection":[{"href":"https:\/\/e.kosmolat.eu\/lt\/wp-json\/wp\/v2\/product"}],"about":[{"href":"https:\/\/e.kosmolat.eu\/lt\/wp-json\/wp\/v2\/types\/product"}],"wp:featuredmedia":[{"embeddable":true,"href":"https:\/\/e.kosmolat.eu\/lt\/wp-json\/wp\/v2\/media\/102078"}],"wp:attachment":[{"href":"https:\/\/e.kosmolat.eu\/lt\/wp-json\/wp\/v2\/media?parent=59799"}],"wp:term":[{"taxonomy":"product_cat","embeddable":true,"href":"https:\/\/e.kosmolat.eu\/lt\/wp-json\/wp\/v2\/product_cat?post=59799"},{"taxonomy":"product_tag","embeddable":true,"href":"https:\/\/e.kosmolat.eu\/lt\/wp-json\/wp\/v2\/product_tag?post=59799"}],"curies":[{"name":"wp","href":"https:\/\/api.w.org\/{rel}","templated":true}]}}