{"id":59791,"date":"2024-12-04T05:14:19","date_gmt":"2024-12-04T05:14:19","guid":{"rendered":"https:\/\/e.kosmolat.eu\/product\/oblepikha-davanu-kompl-smiltserks-krems-roku-un-nagu-kops-275-ml-fitobalzams-kajam-275\/"},"modified":"2026-04-23T06:41:27","modified_gmt":"2026-04-23T06:41:27","slug":"oblepikha-davanu-kompl-smiltserks-krems-roku-un-nagu-kops-275-ml-fitobalzams-kajam-275","status":"publish","type":"product","link":"https:\/\/e.kosmolat.eu\/lt\/produktas\/oblepikha-davanu-kompl-smiltserks-krems-roku-un-nagu-kops-275-ml-fitobalzams-kajam-275\/","title":{"rendered":"OBLEPIKHA Dovan\u0173 rinkinys \u0160altalankis (Rank\u0173 ir nag\u0173 kremas, 275 ml + Fito balzamas kojoms, 275 ml)"},"content":{"rendered":"<p>Rinkinys:<br \/>\n1. Rank\u0173 ir nag\u0173 kremas su \u0161altalankiais ir medetkomis<\/p>\n<p>Naudojimas: Tepkite ant \u0161vari\u0173 rank\u0173 masa\u017euojamaisiais judesiais, atkreipdami d\u0117mes\u012f \u012f nag\u0173 plok\u0161teles. Sud\u0117tyje yra vitamino A. Prie\u0161 vartojim\u0105 b\u016btina atsi\u017evelgti \u012f paros doz\u0119.<\/p>\n<p>1.\tFito balzamas p\u0117doms su \u0161altalankiais ir gyslo\u010diais, apsaugantis nuo \u012ftr\u016bkim\u0173 ir nuospaud\u0173  atsiradimo <\/p>\n<p>Naudojimas: U\u017etepkite fitobalzamo \u0161vari\u0105, saus\u0105 p\u0117d\u0173 ir kuln\u0173 od\u0105. Sud\u0117tyje yra vitamino A. Prie\u0161 vartojim\u0105 b\u016btina atsi\u017evelgti \u012f paros doz\u0119.<\/p>\n<p>Atsargumo priemon\u0117s: Tik i\u0161oriniam naudojimui. Patekus \u012f akis, gerai nuplauti vandeniu ir, jei reikia, kreiptis \u012f gydytoj\u0105.<\/p>\n<p>\u012esp\u0117jimas: galimas individualus padid\u0117j\u0119s jautrumas komponentams.<br \/>\nGeriausias: 24 m\u0117nesiai nuo pagaminimo datos.<\/p>\n<p>Laikyti nuo +5 iki +25\u00b0C temperat\u016broje, atokiau nuo tiesiogini\u0173 saul\u0117s spinduli\u0173. Laikyti bent 0,5 m atstumu nuo \u0161ildymo prietais\u0173.<\/p>\n","protected":false},"excerpt":{"rendered":"<p>Rinkinys: 1. Rank\u0173 ir nag\u0173 kremas su \u0161altalankiais ir medetkomis Naudojimas: Tepkite ant \u0161vari\u0173 rank\u0173 masa\u017euojamaisiais judesiais, atkreipdami d\u0117mes\u012f \u012f nag\u0173 plok\u0161teles. Sud\u0117tyje yra vitamino A. Prie\u0161 vartojim\u0105 b\u016btina atsi\u017evelgti \u012f paros doz\u0119. 1. Fito balzamas p\u0117doms su \u0161altalankiais ir gyslo\u010diais, apsaugantis nuo \u012ftr\u016bkim\u0173 ir nuospaud\u0173 atsiradimo Naudojimas: U\u017etepkite fitobalzamo \u0161vari\u0105, saus\u0105 p\u0117d\u0173 ir kuln\u0173 [&#8230;]\n","protected":false},"featured_media":99409,"template":"","meta":[],"product_cat":[1855],"product_tag":[],"class_list":{"0":"post-59791","1":"product","2":"type-product","3":"status-publish","4":"has-post-thumbnail","6":"product_brand-aljans-krasoti_ua-lt","7":"product_cat-dovanu-rinkiniai-moterim","9":"first","10":"instock","11":"taxable","12":"shipping-taxable","13":"product-type-simple"},"_links":{"self":[{"href":"https:\/\/e.kosmolat.eu\/lt\/wp-json\/wp\/v2\/product\/59791","targetHints":{"allow":["GET"]}}],"collection":[{"href":"https:\/\/e.kosmolat.eu\/lt\/wp-json\/wp\/v2\/product"}],"about":[{"href":"https:\/\/e.kosmolat.eu\/lt\/wp-json\/wp\/v2\/types\/product"}],"wp:featuredmedia":[{"embeddable":true,"href":"https:\/\/e.kosmolat.eu\/lt\/wp-json\/wp\/v2\/media\/99409"}],"wp:attachment":[{"href":"https:\/\/e.kosmolat.eu\/lt\/wp-json\/wp\/v2\/media?parent=59791"}],"wp:term":[{"taxonomy":"product_cat","embeddable":true,"href":"https:\/\/e.kosmolat.eu\/lt\/wp-json\/wp\/v2\/product_cat?post=59791"},{"taxonomy":"product_tag","embeddable":true,"href":"https:\/\/e.kosmolat.eu\/lt\/wp-json\/wp\/v2\/product_tag?post=59791"}],"curies":[{"name":"wp","href":"https:\/\/api.w.org\/{rel}","templated":true}]}}