{"id":59783,"date":"2024-12-04T05:13:47","date_gmt":"2024-12-04T05:13:47","guid":{"rendered":"https:\/\/e.kosmolat.eu\/product\/oblepikha-fitobalzams-kaj-ar-smiltserks-un-celmal-plaisu-un-varzacu-profilaksei-275-ml\/"},"modified":"2026-04-23T06:41:14","modified_gmt":"2026-04-23T06:41:14","slug":"oblepikha-fitobalzams-kaj-ar-smiltserks-un-celmal-plaisu-un-varzacu-profilaksei-275-ml","status":"publish","type":"product","link":"https:\/\/e.kosmolat.eu\/lt\/produktas\/oblepikha-fitobalzams-kaj-ar-smiltserks-un-celmal-plaisu-un-varzacu-profilaksei-275-ml\/","title":{"rendered":"OBLEPIKHA Fitobalzamas p\u0117doms su \u0161altalankiais ir gyslo\u010diais \u012ftr\u016bkim\u0173 ir nuospaud\u0173, 275 ml"},"content":{"rendered":"<p>Tinkama maitinanti prie\u017ei\u016bra pad\u0117s i\u0161saugoti p\u0117d\u0173 gro\u017e\u012f ilg\u0105 laik\u0105. \u0160altalanki\u0173 aliejus ir arbatmed\u017ei\u0173 aliejus mink\u0161tina ir maitina p\u0117d\u0173 od\u0105, saugo j\u0105 nuo \u0161erpetojimo ir \u012ftr\u016bkim\u0173.<br \/>\nNaudojimas: U\u017etepkite fitobalzamo ant \u0161varios, sausos p\u0117d\u0173 ir kuln\u0173 odos.<\/p>\n<p>Atsargumo priemon\u0117s: tik i\u0161oriniam naudojimui. Patekus \u012f akis, gerai nuplauti vandeniu ir, jei reikia, kreiptis \u012f gydytoj\u0105.<\/p>\n<p>\u012esp\u0117jimas: galimas individualus padid\u0117j\u0119s jautrumas komponentams. Sud\u0117tyje yra vitamino A. Prie\u0161 vartojim\u0105 b\u016btina atsi\u017evelgti \u012f paros doz\u0119.<\/p>\n<p>Geriausias: 24 m\u0117nesiai nuo pagaminimo datos.<\/p>\n<p>Laikyti nuo +5 iki +25\u00b0C temperat\u016broje, atokiau nuo tiesiogini\u0173 saul\u0117s spinduli\u0173. Laikyti bent 0,5 m atstumu nuo \u0161ildymo prietais\u0173.<\/p>\n","protected":false},"excerpt":{"rendered":"<p>Tinkama maitinanti prie\u017ei\u016bra pad\u0117s i\u0161saugoti p\u0117d\u0173 gro\u017e\u012f ilg\u0105 laik\u0105. \u0160altalanki\u0173 aliejus ir arbatmed\u017ei\u0173 aliejus mink\u0161tina ir maitina p\u0117d\u0173 od\u0105, saugo j\u0105 nuo \u0161erpetojimo ir \u012ftr\u016bkim\u0173. Naudojimas: U\u017etepkite fitobalzamo ant \u0161varios, sausos p\u0117d\u0173 ir kuln\u0173 odos. Atsargumo priemon\u0117s: tik i\u0161oriniam naudojimui. Patekus \u012f akis, gerai nuplauti vandeniu ir, jei reikia, kreiptis \u012f gydytoj\u0105. \u012esp\u0117jimas: galimas individualus [&#8230;]\n","protected":false},"featured_media":99852,"template":"","meta":[],"product_cat":[1763],"product_tag":[],"class_list":{"0":"post-59783","1":"product","2":"type-product","3":"status-publish","4":"has-post-thumbnail","6":"product_brand-aljans-krasoti_ua-lt","7":"product_cat-koju-prieziuros-kosmetika","9":"first","10":"instock","11":"taxable","12":"shipping-taxable","13":"product-type-simple"},"_links":{"self":[{"href":"https:\/\/e.kosmolat.eu\/lt\/wp-json\/wp\/v2\/product\/59783","targetHints":{"allow":["GET"]}}],"collection":[{"href":"https:\/\/e.kosmolat.eu\/lt\/wp-json\/wp\/v2\/product"}],"about":[{"href":"https:\/\/e.kosmolat.eu\/lt\/wp-json\/wp\/v2\/types\/product"}],"wp:featuredmedia":[{"embeddable":true,"href":"https:\/\/e.kosmolat.eu\/lt\/wp-json\/wp\/v2\/media\/99852"}],"wp:attachment":[{"href":"https:\/\/e.kosmolat.eu\/lt\/wp-json\/wp\/v2\/media?parent=59783"}],"wp:term":[{"taxonomy":"product_cat","embeddable":true,"href":"https:\/\/e.kosmolat.eu\/lt\/wp-json\/wp\/v2\/product_cat?post=59783"},{"taxonomy":"product_tag","embeddable":true,"href":"https:\/\/e.kosmolat.eu\/lt\/wp-json\/wp\/v2\/product_tag?post=59783"}],"curies":[{"name":"wp","href":"https:\/\/api.w.org\/{rel}","templated":true}]}}