{"id":59775,"date":"2024-12-04T05:13:29","date_gmt":"2024-12-04T05:13:29","guid":{"rendered":"https:\/\/e.kosmolat.eu\/product\/family-doctor-3-davanu-kompl-3-dienas-sejas-kr-75-ml-nakts-sejas-kr-75\/"},"modified":"2025-05-01T17:06:49","modified_gmt":"2025-05-01T17:06:49","slug":"family-doctor-3-davanu-kompl-3-dienas-sejas-kr-75-ml-nakts-sejas-kr-75","status":"publish","type":"product","link":"https:\/\/e.kosmolat.eu\/lt\/produktas\/family-doctor-3-davanu-kompl-3-dienas-sejas-kr-75-ml-nakts-sejas-kr-75\/","title":{"rendered":"FAMILY DOCTOR 3 Dovan\u0173 rinkinys (Dieninis veido kremas, 75 ml + Naktinis veido kremas, 75 ml)"},"content":{"rendered":"<p>Rinkinys:<br \/>\n1. Day Age Expert dieninis veido kremas<\/p>\n<p>Suteikia veido odai maitinan\u010di\u0105 ir dr\u0117kinan\u010di\u0105 prie\u017ei\u016br\u0105.<br \/>\nNaudojimas: tepkite veid\u0105 kremu. Sud\u0117tyje yra vitamino A. Prie\u0161 naudojim\u0105 b\u016btina atsi\u017evelgti \u012f paros doz\u0119.<\/p>\n<p>2. Night Age Expert Naktinis veido kremas<\/p>\n<p>Tinkamai maitina saus\u0105 brand\u017ei\u0105 od\u0105. Naudojimas: tepkite veid\u0105 kremu. Sud\u0117tyje yra vitamino A. Prie\u0161 naudojim\u0105 b\u016btina atsi\u017evelgti \u012f paros doz\u0119.<\/p>\n<p>Atsargumo priemon\u0117s: Tik i\u0161oriniam naudojimui. Patekus \u012f akis, gerai nuplauti vandeniu ir, jei reikia, kreiptis \u012f gydytoj\u0105.<\/p>\n<p>\u012esp\u0117jimas: galimas individualus padid\u0117j\u0119s jautrumas komponentams. Geriausias: 30 m\u0117nesi\u0173 nuo pagaminimo datos.<\/p>\n<p>Laikyti nuo +5 iki +25\u00b0C temperat\u016broje, atokiau nuo tiesiogini\u0173 saul\u0117s spinduli\u0173. Laikyti bent 0,5 m atstumu nuo \u0161ildymo prietais\u0173.<\/p>\n","protected":false},"excerpt":{"rendered":"<p>Rinkinys: 1. Day Age Expert dieninis veido kremas Suteikia veido odai maitinan\u010di\u0105 ir dr\u0117kinan\u010di\u0105 prie\u017ei\u016br\u0105. Naudojimas: tepkite veid\u0105 kremu. Sud\u0117tyje yra vitamino A. Prie\u0161 naudojim\u0105 b\u016btina atsi\u017evelgti \u012f paros doz\u0119. 2. Night Age Expert Naktinis veido kremas Tinkamai maitina saus\u0105 brand\u017ei\u0105 od\u0105. Naudojimas: tepkite veid\u0105 kremu. Sud\u0117tyje yra vitamino A. Prie\u0161 naudojim\u0105 b\u016btina atsi\u017evelgti \u012f [&#8230;]\n","protected":false},"featured_media":59777,"template":"","meta":[],"product_cat":[1855],"product_tag":[],"class_list":{"0":"post-59775","1":"product","2":"type-product","3":"status-publish","4":"has-post-thumbnail","6":"product_brand-aljans-krasoti_ua-lt","7":"product_cat-dovanu-rinkiniai-moterim","9":"first","10":"instock","11":"taxable","12":"shipping-taxable","13":"product-type-simple"},"_links":{"self":[{"href":"https:\/\/e.kosmolat.eu\/lt\/wp-json\/wp\/v2\/product\/59775","targetHints":{"allow":["GET"]}}],"collection":[{"href":"https:\/\/e.kosmolat.eu\/lt\/wp-json\/wp\/v2\/product"}],"about":[{"href":"https:\/\/e.kosmolat.eu\/lt\/wp-json\/wp\/v2\/types\/product"}],"wp:featuredmedia":[{"embeddable":true,"href":"https:\/\/e.kosmolat.eu\/lt\/wp-json\/wp\/v2\/media\/59777"}],"wp:attachment":[{"href":"https:\/\/e.kosmolat.eu\/lt\/wp-json\/wp\/v2\/media?parent=59775"}],"wp:term":[{"taxonomy":"product_cat","embeddable":true,"href":"https:\/\/e.kosmolat.eu\/lt\/wp-json\/wp\/v2\/product_cat?post=59775"},{"taxonomy":"product_tag","embeddable":true,"href":"https:\/\/e.kosmolat.eu\/lt\/wp-json\/wp\/v2\/product_tag?post=59775"}],"curies":[{"name":"wp","href":"https:\/\/api.w.org\/{rel}","templated":true}]}}