{"id":59767,"date":"2024-12-04T05:13:09","date_gmt":"2024-12-04T05:13:09","guid":{"rendered":"https:\/\/e.kosmolat.eu\/product\/family-doctor-atjaunojoss-pedu-balz-pret-plaisam-un-sausumu-160-ml\/"},"modified":"2026-04-23T11:48:23","modified_gmt":"2026-04-23T11:48:23","slug":"family-doctor-atjaunojoss-pedu-balz-pret-plaisam-un-sausumu-160-ml","status":"publish","type":"product","link":"https:\/\/e.kosmolat.eu\/lt\/produktas\/family-doctor-atjaunojoss-pedu-balz-pret-plaisam-un-sausumu-160-ml\/","title":{"rendered":"FAMILY DOCTOR Atkuriamasis p\u0117d\u0173 balzamas Stop \u012ftr\u016bkimams ir sausumui, 160 ml"},"content":{"rendered":"<p>Balzamas skirtas pri\u017ei\u016br\u0117ti saus\u0105, \u0161iurk\u0161\u010di\u0105 p\u0117d\u0173 od\u0105, linkusi\u0105 \u012f \u012ftr\u016bkimus ir saus\u0173 nuospaud\u0173 susidarym\u0105. Gyslo\u010diai, jona\u017eol\u0117s ir vynuog\u0117s padeda maitinti ir mink\u0161tinti od\u0105, saugo j\u0105 nuo i\u0161saus\u0117jimo ir \u0161erpetojimo.<\/p>\n<p>Naudojimas: \u0161velniais masa\u017eo judesiais tepkite balzam\u0105 ant \u0161varios ir sausos p\u0117d\u0173 odos.<\/p>\n<p>Atsargumo priemon\u0117s: Tik i\u0161oriniam naudojimui. Patekus \u012f akis, gerai nuplauti vandeniu ir, jei reikia, kreiptis \u012f gydytoj\u0105.<br \/>\nSud\u0117tyje yra vitamino A. Prie\u0161 naudojim\u0105 b\u016btina atsi\u017evelgti \u012f paros doz\u0119<\/p>\n<p>\u012esp\u0117jimas: galimas individualus padid\u0117j\u0119s jautrumas komponentams. <\/p>\n<p>Geriausias: 30 m\u0117nesi\u0173 nuo pagaminimo datos.<\/p>\n<p>Laikyti nuo +5 iki +25\u00b0C temperat\u016broje, atokiau nuo tiesiogini\u0173 saul\u0117s spinduli\u0173. Laikyti bent 0,5 m atstumu nuo \u0161ildymo prietais\u0173.<\/p>\n","protected":false},"excerpt":{"rendered":"<p>Balzamas skirtas pri\u017ei\u016br\u0117ti saus\u0105, \u0161iurk\u0161\u010di\u0105 p\u0117d\u0173 od\u0105, linkusi\u0105 \u012f \u012ftr\u016bkimus ir saus\u0173 nuospaud\u0173 susidarym\u0105. Gyslo\u010diai, jona\u017eol\u0117s ir vynuog\u0117s padeda maitinti ir mink\u0161tinti od\u0105, saugo j\u0105 nuo i\u0161saus\u0117jimo ir \u0161erpetojimo. Naudojimas: \u0161velniais masa\u017eo judesiais tepkite balzam\u0105 ant \u0161varios ir sausos p\u0117d\u0173 odos. Atsargumo priemon\u0117s: Tik i\u0161oriniam naudojimui. Patekus \u012f akis, gerai nuplauti vandeniu ir, jei reikia, [&#8230;]\n","protected":false},"featured_media":99405,"template":"","meta":[],"product_cat":[1763],"product_tag":[],"class_list":{"0":"post-59767","1":"product","2":"type-product","3":"status-publish","4":"has-post-thumbnail","6":"product_brand-aljans-krasoti_ua-lt","7":"product_cat-koju-prieziuros-kosmetika","9":"first","10":"instock","11":"taxable","12":"shipping-taxable","13":"product-type-simple"},"_links":{"self":[{"href":"https:\/\/e.kosmolat.eu\/lt\/wp-json\/wp\/v2\/product\/59767","targetHints":{"allow":["GET"]}}],"collection":[{"href":"https:\/\/e.kosmolat.eu\/lt\/wp-json\/wp\/v2\/product"}],"about":[{"href":"https:\/\/e.kosmolat.eu\/lt\/wp-json\/wp\/v2\/types\/product"}],"wp:featuredmedia":[{"embeddable":true,"href":"https:\/\/e.kosmolat.eu\/lt\/wp-json\/wp\/v2\/media\/99405"}],"wp:attachment":[{"href":"https:\/\/e.kosmolat.eu\/lt\/wp-json\/wp\/v2\/media?parent=59767"}],"wp:term":[{"taxonomy":"product_cat","embeddable":true,"href":"https:\/\/e.kosmolat.eu\/lt\/wp-json\/wp\/v2\/product_cat?post=59767"},{"taxonomy":"product_tag","embeddable":true,"href":"https:\/\/e.kosmolat.eu\/lt\/wp-json\/wp\/v2\/product_tag?post=59767"}],"curies":[{"name":"wp","href":"https:\/\/api.w.org\/{rel}","templated":true}]}}