{"id":59751,"date":"2024-12-04T05:12:29","date_gmt":"2024-12-04T05:12:29","guid":{"rendered":"https:\/\/e.kosmolat.eu\/product\/family-doctor-kaju-kopsanas-krems-pret-nogurumu-75-ml\/"},"modified":"2026-04-01T12:28:07","modified_gmt":"2026-04-01T12:28:07","slug":"i_family-doctor-kaju-kopsanas-krems-pret-nogurumu-75-ml","status":"publish","type":"product","link":"https:\/\/e.kosmolat.eu\/lt\/produktas\/i_family-doctor-kaju-kopsanas-krems-pret-nogurumu-75-ml\/","title":{"rendered":"I_FAMILY DOCTOR Nuovarg\u012f ma\u017einantis p\u0117d\u0173 prie\u017ei\u016bros kremas, 75 ml"},"content":{"rendered":"<p>Su m\u0117t\u0173 ir simondsij\u0173 aliejumi. Intensyvi p\u0117d\u0173 odos prie\u017ei\u016bra.<\/p>\n<p>Naudojimas: tepkite krem\u0105 ant \u0161varios, sausos p\u0117d\u0173 odos.<\/p>\n<p>Atsargumo priemon\u0117s: Tik i\u0161oriniam naudojimui. Patekus \u012f akis, gerai nuplauti vandeniu ir, jei reikia, kreiptis \u012f gydytoj\u0105.<br \/>\n\u012esp\u0117jimas: galimas individualus padid\u0117j\u0119s jautrumas komponentams. <\/p>\n<p>Geriausias: 30 m\u0117nesi\u0173 nuo pagaminimo datos.<\/p>\n<p>Laikyti nuo +5 iki +25\u00b0C temperat\u016broje, atokiau nuo tiesiogini\u0173 saul\u0117s spinduli\u0173. Laikyti bent 0,5 m atstumu nuo \u0161ildymo prietais\u0173.<\/p>\n","protected":false},"excerpt":{"rendered":"<p>Su m\u0117t\u0173 ir simondsij\u0173 aliejumi. Intensyvi p\u0117d\u0173 odos prie\u017ei\u016bra. Naudojimas: tepkite krem\u0105 ant \u0161varios, sausos p\u0117d\u0173 odos. Atsargumo priemon\u0117s: Tik i\u0161oriniam naudojimui. Patekus \u012f akis, gerai nuplauti vandeniu ir, jei reikia, kreiptis \u012f gydytoj\u0105. \u012esp\u0117jimas: galimas individualus padid\u0117j\u0119s jautrumas komponentams. Geriausias: 30 m\u0117nesi\u0173 nuo pagaminimo datos. Laikyti nuo +5 iki +25\u00b0C temperat\u016broje, atokiau nuo tiesiogini\u0173 [&#8230;]\n","protected":false},"featured_media":99844,"template":"","meta":[],"product_cat":[1763],"product_tag":[],"class_list":{"0":"post-59751","1":"product","2":"type-product","3":"status-publish","4":"has-post-thumbnail","6":"product_brand-aljans-krasoti_ua-lt","7":"product_cat-koju-prieziuros-kosmetika","9":"first","10":"instock","11":"taxable","12":"shipping-taxable","13":"product-type-simple"},"_links":{"self":[{"href":"https:\/\/e.kosmolat.eu\/lt\/wp-json\/wp\/v2\/product\/59751","targetHints":{"allow":["GET"]}}],"collection":[{"href":"https:\/\/e.kosmolat.eu\/lt\/wp-json\/wp\/v2\/product"}],"about":[{"href":"https:\/\/e.kosmolat.eu\/lt\/wp-json\/wp\/v2\/types\/product"}],"wp:featuredmedia":[{"embeddable":true,"href":"https:\/\/e.kosmolat.eu\/lt\/wp-json\/wp\/v2\/media\/99844"}],"wp:attachment":[{"href":"https:\/\/e.kosmolat.eu\/lt\/wp-json\/wp\/v2\/media?parent=59751"}],"wp:term":[{"taxonomy":"product_cat","embeddable":true,"href":"https:\/\/e.kosmolat.eu\/lt\/wp-json\/wp\/v2\/product_cat?post=59751"},{"taxonomy":"product_tag","embeddable":true,"href":"https:\/\/e.kosmolat.eu\/lt\/wp-json\/wp\/v2\/product_tag?post=59751"}],"curies":[{"name":"wp","href":"https:\/\/api.w.org\/{rel}","templated":true}]}}