{"id":59743,"date":"2024-12-04T05:12:09","date_gmt":"2024-12-04T05:12:09","guid":{"rendered":"https:\/\/e.kosmolat.eu\/product\/family-doctor-maigs-attiross-pienins-sausai-un-jutigai-sejas-adai-250-ml\/"},"modified":"2026-04-03T05:47:08","modified_gmt":"2026-04-03T05:47:08","slug":"family-doctor-maigs-attiross-pienins-sausai-un-jutigai-sejas-adai-250-ml","status":"publish","type":"product","link":"https:\/\/e.kosmolat.eu\/lt\/produktas\/family-doctor-maigs-attiross-pienins-sausai-un-jutigai-sejas-adai-250-ml\/","title":{"rendered":"FAMILY DOCTOR \u0160velnus pienelis prausimuisi sausai ir jautriai odai, 250 ml"},"content":{"rendered":"<p>\u0160velnus pienelis- prausiklis \u0161velniai nuvalo od\u0105 nuo ne\u0161varum\u0173 ir \u0161velniai pa\u0161alina makia\u017e\u0105, suteikdamas malon\u0173 \u0161varos ir komforto poj\u016bt\u012f. Kompozicija praturtinta medviln\u0117s, arnik\u0173, hamameli\u0173 ir avi\u017e\u0173 ekstraktais.<\/p>\n<p>Naudojimas: delnuose suputokite nedidel\u012f kiek\u012f pienelio, u\u017etepkite ant dr\u0117gnos veido odos, nuplaukite \u0161iltu vandeniu.<br \/>\nAtsargumo priemon\u0117s<\/p>\n<p>Atsargumo priemon\u0117s: Tik i\u0161oriniam naudojimui. Patekus \u012f akis, gerai nuplauti vandeniu ir, jei reikia, kreiptis \u012f gydytoj\u0105. <\/p>\n<p>\u012esp\u0117jimas: galimas individualus padid\u0117j\u0119s jautrumas komponentams.<br \/>\nSud\u0117tyje yra vitamino A. Prie\u0161 naudodami \u012fvertinkite dienos doz\u0119.<\/p>\n<p>Geriausias: 30 m\u0117nesi\u0173 nuo pagaminimo datos.<\/p>\n<p>Laikyti nuo +5 iki +25\u00b0C temperat\u016broje, atokiau nuo tiesiogini\u0173 saul\u0117s spinduli\u0173. Laikyti bent 0,5 m atstumu nuo \u0161ildymo prietais\u0173.<\/p>\n","protected":false},"excerpt":{"rendered":"<p>\u0160velnus pienelis- prausiklis \u0161velniai nuvalo od\u0105 nuo ne\u0161varum\u0173 ir \u0161velniai pa\u0161alina makia\u017e\u0105, suteikdamas malon\u0173 \u0161varos ir komforto poj\u016bt\u012f. Kompozicija praturtinta medviln\u0117s, arnik\u0173, hamameli\u0173 ir avi\u017e\u0173 ekstraktais. Naudojimas: delnuose suputokite nedidel\u012f kiek\u012f pienelio, u\u017etepkite ant dr\u0117gnos veido odos, nuplaukite \u0161iltu vandeniu. Atsargumo priemon\u0117s Atsargumo priemon\u0117s: Tik i\u0161oriniam naudojimui. Patekus \u012f akis, gerai nuplauti vandeniu ir, jei [&#8230;]\n","protected":false},"featured_media":99144,"template":"","meta":[],"product_cat":[1574],"product_tag":[],"class_list":{"0":"post-59743","1":"product","2":"type-product","3":"status-publish","4":"has-post-thumbnail","6":"product_brand-sale-lt","7":"product_cat-pieneliai-ir-aliejai","9":"first","10":"instock","11":"taxable","12":"shipping-taxable","13":"product-type-simple"},"_links":{"self":[{"href":"https:\/\/e.kosmolat.eu\/lt\/wp-json\/wp\/v2\/product\/59743","targetHints":{"allow":["GET"]}}],"collection":[{"href":"https:\/\/e.kosmolat.eu\/lt\/wp-json\/wp\/v2\/product"}],"about":[{"href":"https:\/\/e.kosmolat.eu\/lt\/wp-json\/wp\/v2\/types\/product"}],"wp:featuredmedia":[{"embeddable":true,"href":"https:\/\/e.kosmolat.eu\/lt\/wp-json\/wp\/v2\/media\/99144"}],"wp:attachment":[{"href":"https:\/\/e.kosmolat.eu\/lt\/wp-json\/wp\/v2\/media?parent=59743"}],"wp:term":[{"taxonomy":"product_cat","embeddable":true,"href":"https:\/\/e.kosmolat.eu\/lt\/wp-json\/wp\/v2\/product_cat?post=59743"},{"taxonomy":"product_tag","embeddable":true,"href":"https:\/\/e.kosmolat.eu\/lt\/wp-json\/wp\/v2\/product_tag?post=59743"}],"curies":[{"name":"wp","href":"https:\/\/api.w.org\/{rel}","templated":true}]}}