{"id":59735,"date":"2024-12-04T05:11:48","date_gmt":"2024-12-04T05:11:48","guid":{"rendered":"https:\/\/e.kosmolat.eu\/product\/family-doctor-sejas-kopsanas-krems-aktiva-mitrinasana-kombin-un-saus-adai-75-ml\/"},"modified":"2026-04-17T09:24:04","modified_gmt":"2026-04-17T09:24:04","slug":"family-doctor-sejas-kopsanas-krems-aktiva-mitrinasana-kombin-un-saus-adai-75-ml","status":"publish","type":"product","link":"https:\/\/e.kosmolat.eu\/lt\/produktas\/family-doctor-sejas-kopsanas-krems-aktiva-mitrinasana-kombin-un-saus-adai-75-ml\/","title":{"rendered":"FAMILY DOCTOR Veido prie\u017ei\u016bros kremas Aktyvus dr\u0117kinamasis Mi\u0161riai ir sausai odai, 75 ml"},"content":{"rendered":"<p>Alavij\u0173 ir ro\u017ei\u0173 ekstraktai. Intensyvi veido odos prie\u017ei\u016bra.<br \/>\nNaudojimas: tepkite veido od\u0105 kremu.<\/p>\n<p>Atsargumo priemon\u0117s: Tik i\u0161oriniam naudojimui. Patekus \u012f akis, gerai nuplauti vandeniu ir, jei reikia, kreiptis \u012f gydytoj\u0105. <\/p>\n<p>\u012esp\u0117jimas: galimas individualus padid\u0117j\u0119s jautrumas komponentams. Geriausias: 30 m\u0117nesi\u0173 nuo pagaminimo datos.<\/p>\n<p>Laikyti nuo +5 iki +25\u00b0C temperat\u016broje, atokiau nuo tiesiogini\u0173 saul\u0117s spinduli\u0173. Laikyti bent 0,5 m atstumu nuo \u0161ildymo prietais\u0173.<\/p>\n","protected":false},"excerpt":{"rendered":"<p>Alavij\u0173 ir ro\u017ei\u0173 ekstraktai. Intensyvi veido odos prie\u017ei\u016bra. Naudojimas: tepkite veido od\u0105 kremu. Atsargumo priemon\u0117s: Tik i\u0161oriniam naudojimui. Patekus \u012f akis, gerai nuplauti vandeniu ir, jei reikia, kreiptis \u012f gydytoj\u0105. \u012esp\u0117jimas: galimas individualus padid\u0117j\u0119s jautrumas komponentams. Geriausias: 30 m\u0117nesi\u0173 nuo pagaminimo datos. Laikyti nuo +5 iki +25\u00b0C temperat\u016broje, atokiau nuo tiesiogini\u0173 saul\u0117s spinduli\u0173. Laikyti bent [&#8230;]\n","protected":false},"featured_media":99840,"template":"","meta":[],"product_cat":[2181],"product_tag":[],"class_list":{"0":"post-59735","1":"product","2":"type-product","3":"status-publish","4":"has-post-thumbnail","6":"product_brand-aljans-krasoti_ua-lt","7":"product_cat-bez-kategorijas-lt","9":"first","10":"instock","11":"taxable","12":"shipping-taxable","13":"product-type-simple"},"_links":{"self":[{"href":"https:\/\/e.kosmolat.eu\/lt\/wp-json\/wp\/v2\/product\/59735","targetHints":{"allow":["GET"]}}],"collection":[{"href":"https:\/\/e.kosmolat.eu\/lt\/wp-json\/wp\/v2\/product"}],"about":[{"href":"https:\/\/e.kosmolat.eu\/lt\/wp-json\/wp\/v2\/types\/product"}],"wp:featuredmedia":[{"embeddable":true,"href":"https:\/\/e.kosmolat.eu\/lt\/wp-json\/wp\/v2\/media\/99840"}],"wp:attachment":[{"href":"https:\/\/e.kosmolat.eu\/lt\/wp-json\/wp\/v2\/media?parent=59735"}],"wp:term":[{"taxonomy":"product_cat","embeddable":true,"href":"https:\/\/e.kosmolat.eu\/lt\/wp-json\/wp\/v2\/product_cat?post=59735"},{"taxonomy":"product_tag","embeddable":true,"href":"https:\/\/e.kosmolat.eu\/lt\/wp-json\/wp\/v2\/product_tag?post=59735"}],"curies":[{"name":"wp","href":"https:\/\/api.w.org\/{rel}","templated":true}]}}