{"id":59719,"date":"2024-12-04T05:11:08","date_gmt":"2024-12-04T05:11:08","guid":{"rendered":"https:\/\/e.kosmolat.eu\/product\/family-doctor-phyto-serums-sejai-un-kaklam-jaunibas-energija-75-ml\/"},"modified":"2026-04-01T11:39:25","modified_gmt":"2026-04-01T11:39:25","slug":"i_family-doctor-phyto-serums-sejai-un-kaklam-jaunibas-energija-75-ml","status":"publish","type":"product","link":"https:\/\/e.kosmolat.eu\/lt\/produktas\/i_family-doctor-phyto-serums-sejai-un-kaklam-jaunibas-energija-75-ml\/","title":{"rendered":"I_FAMILY DOCTOR Fito serumas veidui ir kaklui Jaunyst\u0117s energija, 75 ml"},"content":{"rendered":"<p>Fito serumas puikiai pri\u017ei\u016bri veido od\u0105. Vitamin\u0173 kompleksas ir alyvuogi\u0173 aliejus dr\u0117kina ir prisotina od\u0105 vitaminais, i\u0161laiko nat\u016bral\u0173 jos glotnum\u0105. Lengvos kremin\u0117s tekst\u016bros idealiai tinka kaip makia\u017eo pagrindas.<\/p>\n<p>Naudojimas: U\u017etepkite fito serum\u0105 ant \u0161varios veido ir kaklo odos.<\/p>\n<p>Atsargumo priemon\u0117s: Tik i\u0161oriniam naudojimui. Patekus \u012f akis, gerai nuplauti vandeniu ir, jei reikia, kreiptis \u012f gydytoj\u0105. <\/p>\n<p>\u012esp\u0117jimas: galimas individualus padid\u0117j\u0119s jautrumas komponentams. <\/p>\n<p>Geriausias: 30 m\u0117nesi\u0173 nuo pagaminimo datos.<\/p>\n<p>Laikyti nuo +5 iki +25\u00b0C temperat\u016broje, atokiau nuo tiesiogini\u0173 saul\u0117s spinduli\u0173. Laikyti bent 0,5 m atstumu nuo \u0161ildymo prietais\u0173.<\/p>\n","protected":false},"excerpt":{"rendered":"<p>Fito serumas puikiai pri\u017ei\u016bri veido od\u0105. Vitamin\u0173 kompleksas ir alyvuogi\u0173 aliejus dr\u0117kina ir prisotina od\u0105 vitaminais, i\u0161laiko nat\u016bral\u0173 jos glotnum\u0105. Lengvos kremin\u0117s tekst\u016bros idealiai tinka kaip makia\u017eo pagrindas. Naudojimas: U\u017etepkite fito serum\u0105 ant \u0161varios veido ir kaklo odos. Atsargumo priemon\u0117s: Tik i\u0161oriniam naudojimui. Patekus \u012f akis, gerai nuplauti vandeniu ir, jei reikia, kreiptis \u012f gydytoj\u0105. [&#8230;]\n","protected":false},"featured_media":100440,"template":"","meta":[],"product_cat":[2181],"product_tag":[],"class_list":{"0":"post-59719","1":"product","2":"type-product","3":"status-publish","4":"has-post-thumbnail","6":"product_brand-aljans-krasoti_ua-lt","7":"product_cat-bez-kategorijas-lt","9":"first","10":"instock","11":"taxable","12":"shipping-taxable","13":"product-type-simple"},"_links":{"self":[{"href":"https:\/\/e.kosmolat.eu\/lt\/wp-json\/wp\/v2\/product\/59719","targetHints":{"allow":["GET"]}}],"collection":[{"href":"https:\/\/e.kosmolat.eu\/lt\/wp-json\/wp\/v2\/product"}],"about":[{"href":"https:\/\/e.kosmolat.eu\/lt\/wp-json\/wp\/v2\/types\/product"}],"wp:featuredmedia":[{"embeddable":true,"href":"https:\/\/e.kosmolat.eu\/lt\/wp-json\/wp\/v2\/media\/100440"}],"wp:attachment":[{"href":"https:\/\/e.kosmolat.eu\/lt\/wp-json\/wp\/v2\/media?parent=59719"}],"wp:term":[{"taxonomy":"product_cat","embeddable":true,"href":"https:\/\/e.kosmolat.eu\/lt\/wp-json\/wp\/v2\/product_cat?post=59719"},{"taxonomy":"product_tag","embeddable":true,"href":"https:\/\/e.kosmolat.eu\/lt\/wp-json\/wp\/v2\/product_tag?post=59719"}],"curies":[{"name":"wp","href":"https:\/\/api.w.org\/{rel}","templated":true}]}}