{"id":59711,"date":"2024-12-04T05:10:43","date_gmt":"2024-12-04T05:10:43","guid":{"rendered":"https:\/\/e.kosmolat.eu\/product\/family-doctor-night-age-expert-nakts-sejas-kr-barosana-maigums-un-komforts-75-ml\/"},"modified":"2026-04-17T09:23:18","modified_gmt":"2026-04-17T09:23:18","slug":"i_family-doctor-night-age-expert-nakts-sejas-kr-barosana-maigums-un-komforts-75-ml","status":"publish","type":"product","link":"https:\/\/e.kosmolat.eu\/lt\/produktas\/i_family-doctor-night-age-expert-nakts-sejas-kr-barosana-maigums-un-komforts-75-ml\/","title":{"rendered":"I_FAMILY DOCTOR Night Age Expert naktinis veido kremas Maitinimas, mink\u0161tinimas ir komfortas,  75 ml"},"content":{"rendered":"<p>Su er\u0161k\u0117tuogi\u0173, kvie\u010di\u0173 gemal\u0173 ir ramun\u0117li\u0173 ekstraktais. Teikia maitinan\u010di\u0105 veido odos prie\u017ei\u016br\u0105.<\/p>\n<p>Naudojimas: tepkite veid\u0105 kremu.<\/p>\n<p>Atsargumo priemon\u0117s: Tik i\u0161oriniam naudojimui. Patekus \u012f akis, gerai nuplauti vandeniu ir, jei reikia, kreiptis \u012f gydytoj\u0105. Sud\u0117tyje yra vitamino A. Prie\u0161 naudojim\u0105 b\u016btina atsi\u017evelgti \u012f paros doz\u0119.<\/p>\n<p>\u012esp\u0117jimas: galimas individualus padid\u0117j\u0119s jautrumas komponentams. Geriausias: 30 m\u0117nesi\u0173 nuo pagaminimo datos.<\/p>\n<p>Laikyti nuo +5 iki +25\u00b0C temperat\u016broje, atokiau nuo tiesiogini\u0173 saul\u0117s spinduli\u0173. Laikyti bent 0,5 m atstumu nuo \u0161ildymo prietais\u0173.<\/p>\n","protected":false},"excerpt":{"rendered":"<p>Su er\u0161k\u0117tuogi\u0173, kvie\u010di\u0173 gemal\u0173 ir ramun\u0117li\u0173 ekstraktais. Teikia maitinan\u010di\u0105 veido odos prie\u017ei\u016br\u0105. Naudojimas: tepkite veid\u0105 kremu. Atsargumo priemon\u0117s: Tik i\u0161oriniam naudojimui. Patekus \u012f akis, gerai nuplauti vandeniu ir, jei reikia, kreiptis \u012f gydytoj\u0105. Sud\u0117tyje yra vitamino A. Prie\u0161 naudojim\u0105 b\u016btina atsi\u017evelgti \u012f paros doz\u0119. \u012esp\u0117jimas: galimas individualus padid\u0117j\u0119s jautrumas komponentams. Geriausias: 30 m\u0117nesi\u0173 nuo pagaminimo [&#8230;]\n","protected":false},"featured_media":98687,"template":"","meta":[],"product_cat":[2181],"product_tag":[],"class_list":{"0":"post-59711","1":"product","2":"type-product","3":"status-publish","4":"has-post-thumbnail","6":"product_brand-aljans-krasoti_ua-lt","7":"product_cat-bez-kategorijas-lt","9":"first","10":"instock","11":"taxable","12":"shipping-taxable","13":"product-type-simple"},"_links":{"self":[{"href":"https:\/\/e.kosmolat.eu\/lt\/wp-json\/wp\/v2\/product\/59711","targetHints":{"allow":["GET"]}}],"collection":[{"href":"https:\/\/e.kosmolat.eu\/lt\/wp-json\/wp\/v2\/product"}],"about":[{"href":"https:\/\/e.kosmolat.eu\/lt\/wp-json\/wp\/v2\/types\/product"}],"wp:featuredmedia":[{"embeddable":true,"href":"https:\/\/e.kosmolat.eu\/lt\/wp-json\/wp\/v2\/media\/98687"}],"wp:attachment":[{"href":"https:\/\/e.kosmolat.eu\/lt\/wp-json\/wp\/v2\/media?parent=59711"}],"wp:term":[{"taxonomy":"product_cat","embeddable":true,"href":"https:\/\/e.kosmolat.eu\/lt\/wp-json\/wp\/v2\/product_cat?post=59711"},{"taxonomy":"product_tag","embeddable":true,"href":"https:\/\/e.kosmolat.eu\/lt\/wp-json\/wp\/v2\/product_tag?post=59711"}],"curies":[{"name":"wp","href":"https:\/\/api.w.org\/{rel}","templated":true}]}}