{"id":59703,"date":"2024-12-04T05:10:23","date_gmt":"2024-12-04T05:10:23","guid":{"rendered":"https:\/\/e.kosmolat.eu\/product\/family-doctor-profilakt-zobu-pasta-maiga-attir-un-ekstra-stiprinas-250-g\/"},"modified":"2026-04-21T10:32:07","modified_gmt":"2026-04-21T10:32:07","slug":"i_family-doctor-profilakt-zobu-pasta-maiga-attir-un-ekstra-stiprinas-250-g","status":"publish","type":"product","link":"https:\/\/e.kosmolat.eu\/lt\/produktas\/i_family-doctor-profilakt-zobu-pasta-maiga-attir-un-ekstra-stiprinas-250-g\/","title":{"rendered":"FAMILY DOCTOR Dant\u0173 pasta \u0160velnus valymas ir ekstra galia, 250 g"},"content":{"rendered":"<p>Itin \u0161velnaus skonio dant\u0173 pasta, skirta pa\u0161alinti apna\u0161as, veiksmingai pri\u017ei\u016br\u0117ti dantis ir dantenas bei gaivinti burnos kvap\u0105. Specialiai parinktas receptas praturtintas \u0105\u017euol\u0173 \u017eiev\u0117s, dilg\u0117li\u0173, eukalipt\u0173, alavij\u0173, propolio ekstraktais, taip pat m\u0117t\u0173 eteriniu aliejumi.<\/p>\n<p>Naudojimas  u\u017etepkite nedidel\u012f pastos kiek\u012f ant dant\u0173 \u0161epet\u0117lio. Valykite dantis sukamaisiais judesiais 2-3 minutes. I\u0161sival\u0119 dantis, praskalaukite burn\u0105 vandeniu. Nenurykite.<\/p>\n<p>Atsargumo priemon\u0117s: Naudokite tik kaip nurodyta. Galimas individualus jautrumas sudedamosioms dalims. Laikyti vaikams nepasiekiamoje vietoje.<\/p>\n<p>Geriausias: 24 m\u0117nesiai nuo pagaminimo datos.<\/p>\n<p>Laikyti nuo +5 iki +25\u00b0C temperat\u016broje, atokiau nuo tiesiogini\u0173 saul\u0117s spinduli\u0173. Laikyti bent 0,5 m atstumu nuo \u0161ildymo prietais\u0173.<\/p>\n","protected":false},"excerpt":{"rendered":"<p>Itin \u0161velnaus skonio dant\u0173 pasta, skirta pa\u0161alinti apna\u0161as, veiksmingai pri\u017ei\u016br\u0117ti dantis ir dantenas bei gaivinti burnos kvap\u0105. Specialiai parinktas receptas praturtintas \u0105\u017euol\u0173 \u017eiev\u0117s, dilg\u0117li\u0173, eukalipt\u0173, alavij\u0173, propolio ekstraktais, taip pat m\u0117t\u0173 eteriniu aliejumi. Naudojimas u\u017etepkite nedidel\u012f pastos kiek\u012f ant dant\u0173 \u0161epet\u0117lio. Valykite dantis sukamaisiais judesiais 2-3 minutes. I\u0161sival\u0119 dantis, praskalaukite burn\u0105 vandeniu. Nenurykite. Atsargumo priemon\u0117s: [&#8230;]\n","protected":false},"featured_media":102987,"template":"","meta":[],"product_cat":[2181],"product_tag":[],"class_list":{"0":"post-59703","1":"product","2":"type-product","3":"status-publish","4":"has-post-thumbnail","6":"product_brand-sale-lt","7":"product_cat-bez-kategorijas-lt","9":"first","10":"instock","11":"taxable","12":"shipping-taxable","13":"product-type-simple"},"_links":{"self":[{"href":"https:\/\/e.kosmolat.eu\/lt\/wp-json\/wp\/v2\/product\/59703","targetHints":{"allow":["GET"]}}],"collection":[{"href":"https:\/\/e.kosmolat.eu\/lt\/wp-json\/wp\/v2\/product"}],"about":[{"href":"https:\/\/e.kosmolat.eu\/lt\/wp-json\/wp\/v2\/types\/product"}],"wp:featuredmedia":[{"embeddable":true,"href":"https:\/\/e.kosmolat.eu\/lt\/wp-json\/wp\/v2\/media\/102987"}],"wp:attachment":[{"href":"https:\/\/e.kosmolat.eu\/lt\/wp-json\/wp\/v2\/media?parent=59703"}],"wp:term":[{"taxonomy":"product_cat","embeddable":true,"href":"https:\/\/e.kosmolat.eu\/lt\/wp-json\/wp\/v2\/product_cat?post=59703"},{"taxonomy":"product_tag","embeddable":true,"href":"https:\/\/e.kosmolat.eu\/lt\/wp-json\/wp\/v2\/product_tag?post=59703"}],"curies":[{"name":"wp","href":"https:\/\/api.w.org\/{rel}","templated":true}]}}