{"id":59695,"date":"2024-12-04T05:10:00","date_gmt":"2024-12-04T05:10:00","guid":{"rendered":"https:\/\/e.kosmolat.eu\/product\/family-doctor-kompl-zobu-pasta-zobu-un-smaganu-vesel-veseliga-elpa-un-ultra-aizsardz-250\/"},"modified":"2026-04-18T06:32:44","modified_gmt":"2026-04-18T06:32:44","slug":"i_fami-doctor-kompl-zobu-pasta-zobu-un-smaganu-vesel-veseliga-elpa-un-ultra-aizsardz-250","status":"publish","type":"product","link":"https:\/\/e.kosmolat.eu\/lt\/produktas\/i_fami-doctor-kompl-zobu-pasta-zobu-un-smaganu-vesel-veseliga-elpa-un-ultra-aizsardz-250\/","title":{"rendered":"I_FAMILY DOCTOR Kompl.sin\u0117 dant\u0173 pasta sveikoms dantenoms ir dantims Sveikam kv\u0117pavimui ir ypatingai"},"content":{"rendered":"<p>Gaivinan\u010dio m\u0117t\u0173 skonio dant\u0173 pasta skirta efektyviai \u0161alinti apna\u0161as, palaikyti sveikus dantis, dantenas ir burn\u0105 bei i\u0161laikyti gaiv\u0173 kv\u0117pavim\u0105. Specialiai parinktas receptas praturtintas kalciu ir ramun\u0117li\u0173, medetk\u0173, m\u0117t\u0173 ir \u0161altalanki\u0173 ekstraktais.<\/p>\n<p>Naudojimas u\u017etepkite nedidel\u012f pastos kiek\u012f ant dant\u0173 \u0161epet\u0117lio. Valykite dantis sukamaisiais judesiais 2-3 minutes. I\u0161sival\u0119 dantis, praskalaukite burn\u0105 vandeniu. Nenurykite.<\/p>\n<p>Atsargumo priemon\u0117s: Naudokite tik kaip nurodyta. Galimas individualus jautrumas sudedamosioms dalims. Laikyti vaikams nepasiekiamoje vietoje.<\/p>\n<p>Geriausias: 24 m\u0117nesiai nuo pagaminimo datos.<\/p>\n<p>Laikyti nuo +5 iki +25\u00b0C temperat\u016broje, atokiau nuo tiesiogini\u0173 saul\u0117s spinduli\u0173. Laikyti bent 0,5 m atstumu nuo \u0161ildymo prietais\u0173.<\/p>\n","protected":false},"excerpt":{"rendered":"<p>Gaivinan\u010dio m\u0117t\u0173 skonio dant\u0173 pasta skirta efektyviai \u0161alinti apna\u0161as, palaikyti sveikus dantis, dantenas ir burn\u0105 bei i\u0161laikyti gaiv\u0173 kv\u0117pavim\u0105. Specialiai parinktas receptas praturtintas kalciu ir ramun\u0117li\u0173, medetk\u0173, m\u0117t\u0173 ir \u0161altalanki\u0173 ekstraktais. Naudojimas u\u017etepkite nedidel\u012f pastos kiek\u012f ant dant\u0173 \u0161epet\u0117lio. Valykite dantis sukamaisiais judesiais 2-3 minutes. I\u0161sival\u0119 dantis, praskalaukite burn\u0105 vandeniu. Nenurykite. Atsargumo priemon\u0117s: Naudokite tik [&#8230;]\n","protected":false},"featured_media":99759,"template":"","meta":[],"product_cat":[1308],"product_tag":[],"class_list":{"0":"post-59695","1":"product","2":"type-product","3":"status-publish","4":"has-post-thumbnail","6":"product_brand-aljans-krasoti_ua-lt","7":"product_cat-dantu-pastos-ir-geliai","9":"first","10":"instock","11":"taxable","12":"shipping-taxable","13":"product-type-simple"},"_links":{"self":[{"href":"https:\/\/e.kosmolat.eu\/lt\/wp-json\/wp\/v2\/product\/59695","targetHints":{"allow":["GET"]}}],"collection":[{"href":"https:\/\/e.kosmolat.eu\/lt\/wp-json\/wp\/v2\/product"}],"about":[{"href":"https:\/\/e.kosmolat.eu\/lt\/wp-json\/wp\/v2\/types\/product"}],"wp:featuredmedia":[{"embeddable":true,"href":"https:\/\/e.kosmolat.eu\/lt\/wp-json\/wp\/v2\/media\/99759"}],"wp:attachment":[{"href":"https:\/\/e.kosmolat.eu\/lt\/wp-json\/wp\/v2\/media?parent=59695"}],"wp:term":[{"taxonomy":"product_cat","embeddable":true,"href":"https:\/\/e.kosmolat.eu\/lt\/wp-json\/wp\/v2\/product_cat?post=59695"},{"taxonomy":"product_tag","embeddable":true,"href":"https:\/\/e.kosmolat.eu\/lt\/wp-json\/wp\/v2\/product_tag?post=59695"}],"curies":[{"name":"wp","href":"https:\/\/api.w.org\/{rel}","templated":true}]}}