{"id":59687,"date":"2024-12-04T05:09:30","date_gmt":"2024-12-04T05:09:30","guid":{"rendered":"https:\/\/e.kosmolat.eu\/product\/family-doctor-dental-care-gimen-zobu-pasta-kops-katrai-dienai-250-g\/"},"modified":"2026-04-21T08:32:21","modified_gmt":"2026-04-21T08:32:21","slug":"i_family-doctor-dental-care-gimen-zobu-pasta-kops-katrai-dienai-250-g","status":"publish","type":"product","link":"https:\/\/e.kosmolat.eu\/lt\/produktas\/i_family-doctor-dental-care-gimen-zobu-pasta-kops-katrai-dienai-250-g\/","title":{"rendered":"FAMILY DOCTOR Dental Care \u0160eimos dant\u0173 pasta kasdienin\u0117 prie\u017ei\u016bra, 250 g"},"content":{"rendered":"<p>\u0160eimos dant\u0173 pasta sukurta specialiai pagrindiniams dant\u0173 ir burnos prie\u017ei\u016bros poreikiams tenkinti. Efektyviai nuvalo apna\u0161as ir suteikia ilgalaik\u012f gaiv\u0173 kvap\u0105. Dant\u0173 pastos receptas praturtintas prebiotikais, kalciu ir vaista\u017eoli\u0173 ekstraktais \u2013 jona\u017eoli\u0173, ramun\u0117li\u0173, \u017ealiosios arbatos.<\/p>\n<p>Naudojimas: u\u017etepkite nedidel\u012f pastos kiek\u012f ant dant\u0173 \u0161epet\u0117lio. Valykite dantis sukamaisiais judesiais 2-3 minutes. I\u0161sival\u0119 dantis, praskalaukite burn\u0105 vandeniu. Nenurykite.<\/p>\n<p>Atsargumo priemon\u0117s: Naudokite tik kaip nurodyta. Galimas individualus jautrumas sudedamosioms dalims. Laikyti vaikams nepasiekiamoje vietoje.<\/p>\n<p>Geriausias: 24 m\u0117nesiai nuo pagaminimo datos.<\/p>\n<p>Laikyti nuo +5 iki +25\u00b0C temperat\u016broje, atokiau nuo tiesiogini\u0173 saul\u0117s spinduli\u0173. Laikyti bent 0,5 m atstumu nuo \u0161ildymo prietais\u0173.<\/p>\n","protected":false},"excerpt":{"rendered":"<p>\u0160eimos dant\u0173 pasta sukurta specialiai pagrindiniams dant\u0173 ir burnos prie\u017ei\u016bros poreikiams tenkinti. Efektyviai nuvalo apna\u0161as ir suteikia ilgalaik\u012f gaiv\u0173 kvap\u0105. Dant\u0173 pastos receptas praturtintas prebiotikais, kalciu ir vaista\u017eoli\u0173 ekstraktais \u2013 jona\u017eoli\u0173, ramun\u0117li\u0173, \u017ealiosios arbatos. Naudojimas: u\u017etepkite nedidel\u012f pastos kiek\u012f ant dant\u0173 \u0161epet\u0117lio. Valykite dantis sukamaisiais judesiais 2-3 minutes. I\u0161sival\u0119 dantis, praskalaukite burn\u0105 vandeniu. Nenurykite. Atsargumo [&#8230;]\n","protected":false},"featured_media":102983,"template":"","meta":[],"product_cat":[1308],"product_tag":[],"class_list":{"0":"post-59687","1":"product","2":"type-product","3":"status-publish","4":"has-post-thumbnail","6":"product_brand-aljans-krasoti_ua-lt","7":"product_cat-dantu-pastos-ir-geliai","9":"first","10":"instock","11":"taxable","12":"shipping-taxable","13":"product-type-simple"},"_links":{"self":[{"href":"https:\/\/e.kosmolat.eu\/lt\/wp-json\/wp\/v2\/product\/59687","targetHints":{"allow":["GET"]}}],"collection":[{"href":"https:\/\/e.kosmolat.eu\/lt\/wp-json\/wp\/v2\/product"}],"about":[{"href":"https:\/\/e.kosmolat.eu\/lt\/wp-json\/wp\/v2\/types\/product"}],"wp:featuredmedia":[{"embeddable":true,"href":"https:\/\/e.kosmolat.eu\/lt\/wp-json\/wp\/v2\/media\/102983"}],"wp:attachment":[{"href":"https:\/\/e.kosmolat.eu\/lt\/wp-json\/wp\/v2\/media?parent=59687"}],"wp:term":[{"taxonomy":"product_cat","embeddable":true,"href":"https:\/\/e.kosmolat.eu\/lt\/wp-json\/wp\/v2\/product_cat?post=59687"},{"taxonomy":"product_tag","embeddable":true,"href":"https:\/\/e.kosmolat.eu\/lt\/wp-json\/wp\/v2\/product_tag?post=59687"}],"curies":[{"name":"wp","href":"https:\/\/api.w.org\/{rel}","templated":true}]}}