{"id":59679,"date":"2024-12-04T05:09:09","date_gmt":"2024-12-04T05:09:09","guid":{"rendered":"https:\/\/e.kosmolat.eu\/product\/family-doctor-zobu-pasta-ar-melno-ogli-balinoss-efekts-250-g\/"},"modified":"2026-03-19T09:56:22","modified_gmt":"2026-03-19T09:56:22","slug":"family-doctor-zobu-pasta-ar-melno-ogli-balinoss-efekts-250-g","status":"publish","type":"product","link":"https:\/\/e.kosmolat.eu\/lt\/produktas\/family-doctor-zobu-pasta-ar-melno-ogli-balinoss-efekts-250-g\/","title":{"rendered":"FAMILY DOCTOR Dant\u0173 pasta su juoda anglimi Balinamasis efektas, 250 g"},"content":{"rendered":"<p>Spindinti sniego baltumo \u0161ypsena be dideli\u0173 pastang\u0173! Aktyvuotos juodosios anglies d\u0117ka dant\u0173 pasta kruop\u0161\u010diai pa\u0161alina apna\u0161as, kurias sukelia da\u017eantys g\u0117rimai (arbata, kava, vynas). Citrina suteikia nedidel\u012f balinimo efekt\u0105. Aktyvus dant\u0173 pastos komponentas** didina atsparum\u0105 kariesui. Reguliarus i\u0161skirtinio m\u0117t\u0173 skonio dant\u0173 pastos naudojimas u\u017etikrina nat\u016brali\u0105 \u0161var\u0105 ir nepriekai\u0161ting\u0105 kvapo gaivum\u0105.<\/p>\n<p>Naudojimas  u\u017etepkite nedidel\u012f pastos kiek\u012f ant dant\u0173 \u0161epet\u0117lio. Valykite dantis sukamaisiais judesiais 2-3 minutes. I\u0161sival\u0119 dantis, praskalaukite burn\u0105 vandeniu. Nenurykite.<\/p>\n<p>Atsargumo priemon\u0117s: Naudokite tik kaip nurodyta. Galimas individualus jautrumas sudedamosioms dalims. Laikyti vaikams nepasiekiamoje vietoje.<\/p>\n<p>Geriausias: 24 m\u0117nesiai nuo pagaminimo datos.<\/p>\n<p>Laikyti nuo +5 iki +25\u00b0C temperat\u016broje, atokiau nuo tiesiogini\u0173 saul\u0117s spinduli\u0173. Laikyti bent 0,5 m atstumu nuo \u0161ildymo prietais\u0173.<\/p>\n","protected":false},"excerpt":{"rendered":"<p>Spindinti sniego baltumo \u0161ypsena be dideli\u0173 pastang\u0173! Aktyvuotos juodosios anglies d\u0117ka dant\u0173 pasta kruop\u0161\u010diai pa\u0161alina apna\u0161as, kurias sukelia da\u017eantys g\u0117rimai (arbata, kava, vynas). Citrina suteikia nedidel\u012f balinimo efekt\u0105. Aktyvus dant\u0173 pastos komponentas** didina atsparum\u0105 kariesui. Reguliarus i\u0161skirtinio m\u0117t\u0173 skonio dant\u0173 pastos naudojimas u\u017etikrina nat\u016brali\u0105 \u0161var\u0105 ir nepriekai\u0161ting\u0105 kvapo gaivum\u0105. Naudojimas u\u017etepkite nedidel\u012f pastos kiek\u012f ant [&#8230;]\n","protected":false},"featured_media":100512,"template":"","meta":[],"product_cat":[1308],"product_tag":[],"class_list":{"0":"post-59679","1":"product","2":"type-product","3":"status-publish","4":"has-post-thumbnail","6":"product_brand-aljans-krasoti_ua-lt","7":"product_cat-dantu-pastos-ir-geliai","9":"first","10":"instock","11":"taxable","12":"shipping-taxable","13":"product-type-simple"},"_links":{"self":[{"href":"https:\/\/e.kosmolat.eu\/lt\/wp-json\/wp\/v2\/product\/59679","targetHints":{"allow":["GET"]}}],"collection":[{"href":"https:\/\/e.kosmolat.eu\/lt\/wp-json\/wp\/v2\/product"}],"about":[{"href":"https:\/\/e.kosmolat.eu\/lt\/wp-json\/wp\/v2\/types\/product"}],"wp:featuredmedia":[{"embeddable":true,"href":"https:\/\/e.kosmolat.eu\/lt\/wp-json\/wp\/v2\/media\/100512"}],"wp:attachment":[{"href":"https:\/\/e.kosmolat.eu\/lt\/wp-json\/wp\/v2\/media?parent=59679"}],"wp:term":[{"taxonomy":"product_cat","embeddable":true,"href":"https:\/\/e.kosmolat.eu\/lt\/wp-json\/wp\/v2\/product_cat?post=59679"},{"taxonomy":"product_tag","embeddable":true,"href":"https:\/\/e.kosmolat.eu\/lt\/wp-json\/wp\/v2\/product_tag?post=59679"}],"curies":[{"name":"wp","href":"https:\/\/api.w.org\/{rel}","templated":true}]}}