{"id":59671,"date":"2024-12-04T05:08:47","date_gmt":"2024-12-04T05:08:47","guid":{"rendered":"https:\/\/e.kosmolat.eu\/product\/eov-parfimets-kermena-losjons-very-sexy-200-ml\/"},"modified":"2026-04-02T05:58:26","modified_gmt":"2026-04-02T05:58:26","slug":"eov-parfimets-kermena-losjons-very-sexy-200-ml","status":"publish","type":"product","link":"https:\/\/e.kosmolat.eu\/lt\/produktas\/eov-parfimets-kermena-losjons-very-sexy-200-ml\/","title":{"rendered":"ENERGY OF VITAMINS Parfumuotas k\u016bno losjonas Very Sexy, 200 ml"},"content":{"rendered":"<p>Parfumuotas losjonas akimirksniu pakels nuotaik\u0105 ir pavers odos prie\u017ei\u016br\u0105 grynu malonumu. Greitai susigeria ir nepalieka riebaus blizgesio.<br \/>\nIlgai i\u0161liekantis aromatas apima sulting\u0173, prinokusi\u0173 granat\u0173 natas su kerin\u010di\u0173 bij\u016bnini\u0173  ro\u017ei\u0173 ir gaivaus muskuso atspalviu. *Hialurono r\u016bg\u0161tis efektyviai sulaiko dr\u0117gm\u0119, dr\u0117kina ir apsaugo nuo odos i\u0161saus\u0117jimo. Pantenolis daro od\u0105 \u0161velni\u0105 ir aksomin\u0119, padeda atkurti apsaugin\u012f barjer\u0105.<\/p>\n<p>\u2022 Pripildo od\u0105 dr\u0117gm\u0117s*<br \/>\n\u2022 Mink\u0161tumas ir atsigavimas<br \/>\n\u2022 Su hialurono r\u016bg\u0161timi<br \/>\n\u2022 Ilgai i\u0161liekantis aromatas<\/p>\n<p>Naudojimas: \u0161velniais masa\u017eo judesiais tepkite losjon\u0105 ant odos, kol visi\u0161kai \u012fsigers.<\/p>\n<p>Atsargumo priemon\u0117s: Tik i\u0161oriniam naudojimui. Patekus \u012f akis, gerai nuplauti vandeniu ir, jei reikia, kreiptis \u012f gydytoj\u0105.<\/p>\n<p>\u012esp\u0117jimas: galimas individualus padid\u0117j\u0119s jautrumas komponentams. <\/p>\n<p>Geriausias: 24 m\u0117nesiai nuo pagaminimo datos.<\/p>\n<p>Laikyti nuo +5 iki +25\u00b0C temperat\u016broje, atokiau nuo tiesiogini\u0173 saul\u0117s spinduli\u0173. Laikyti bent 0,5 m atstumu nuo \u0161ildymo prietais\u0173.<\/p>\n","protected":false},"excerpt":{"rendered":"<p>Parfumuotas losjonas akimirksniu pakels nuotaik\u0105 ir pavers odos prie\u017ei\u016br\u0105 grynu malonumu. Greitai susigeria ir nepalieka riebaus blizgesio. Ilgai i\u0161liekantis aromatas apima sulting\u0173, prinokusi\u0173 granat\u0173 natas su kerin\u010di\u0173 bij\u016bnini\u0173 ro\u017ei\u0173 ir gaivaus muskuso atspalviu. *Hialurono r\u016bg\u0161tis efektyviai sulaiko dr\u0117gm\u0119, dr\u0117kina ir apsaugo nuo odos i\u0161saus\u0117jimo. Pantenolis daro od\u0105 \u0161velni\u0105 ir aksomin\u0119, padeda atkurti apsaugin\u012f barjer\u0105. \u2022 [&#8230;]\n","protected":false},"featured_media":100881,"template":"","meta":[],"product_cat":[2181],"product_tag":[],"class_list":{"0":"post-59671","1":"product","2":"type-product","3":"status-publish","4":"has-post-thumbnail","6":"product_brand-aljans-krasoti_ua-lt","7":"product_cat-bez-kategorijas-lt","9":"first","10":"instock","11":"taxable","12":"shipping-taxable","13":"product-type-simple"},"_links":{"self":[{"href":"https:\/\/e.kosmolat.eu\/lt\/wp-json\/wp\/v2\/product\/59671","targetHints":{"allow":["GET"]}}],"collection":[{"href":"https:\/\/e.kosmolat.eu\/lt\/wp-json\/wp\/v2\/product"}],"about":[{"href":"https:\/\/e.kosmolat.eu\/lt\/wp-json\/wp\/v2\/types\/product"}],"wp:featuredmedia":[{"embeddable":true,"href":"https:\/\/e.kosmolat.eu\/lt\/wp-json\/wp\/v2\/media\/100881"}],"wp:attachment":[{"href":"https:\/\/e.kosmolat.eu\/lt\/wp-json\/wp\/v2\/media?parent=59671"}],"wp:term":[{"taxonomy":"product_cat","embeddable":true,"href":"https:\/\/e.kosmolat.eu\/lt\/wp-json\/wp\/v2\/product_cat?post=59671"},{"taxonomy":"product_tag","embeddable":true,"href":"https:\/\/e.kosmolat.eu\/lt\/wp-json\/wp\/v2\/product_tag?post=59671"}],"curies":[{"name":"wp","href":"https:\/\/api.w.org\/{rel}","templated":true}]}}