{"id":59655,"date":"2024-12-04T05:08:09","date_gmt":"2024-12-04T05:08:09","guid":{"rendered":"https:\/\/e.kosmolat.eu\/product\/eov-parfimets-kermena-skrubis-mirdzums-bronze-250-ml\/"},"modified":"2026-04-07T14:01:45","modified_gmt":"2026-04-07T14:01:45","slug":"eov-parfimets-kermena-skrubis-mirdzums-bronze-250-ml","status":"publish","type":"product","link":"https:\/\/e.kosmolat.eu\/lt\/produktas\/eov-parfimets-kermena-skrubis-mirdzums-bronze-250-ml\/","title":{"rendered":"ENERGY OF VITAMINS Parfumuotas k\u016bno \u0161veitiklis-blizgesys Bronze, 250 ml"},"content":{"rendered":"<p>Padovanokite sau atostog\u0173 atmosfer\u0105! Parfumuotas blizgantis \u0161veitiklis ne tik \u0161velniai r\u016bpinasi k\u016bnu, bet ir padaro od\u0105 maloni\u0105 liesti, \u0161ilkin\u0119 ir suteikia jai lengvo \u0161vyt\u0117jimo. Formul\u0117 praturtinta vertingu makadamij\u0173 aliejumi, kuris puikiai dr\u0117kina ir maitina od\u0105. Mineralin\u0117 druska masa\u017euojant padeda \u0161velniai i\u0161valyti od\u0105. O gra\u017eus blizgesys palieka lengv\u0105 blizges\u012f ant k\u016bno!<br \/>\nNaudojimas: lengvais masa\u017euojamaisiais judesiais u\u017etepkite parfumuot\u0105 blizgant\u012f \u0161veitikl\u012f ant \u0161varios, dr\u0117gnos odos. Tada nuplaukite \u0161iltu vandeniu.<\/p>\n<p>Atsargumo priemon\u0117s: Tik i\u0161oriniam naudojimui. Patekus \u012f akis, gerai nuplauti vandeniu ir, jei reikia, kreiptis \u012f gydytoj\u0105.<\/p>\n<p>\u012esp\u0117jimas: galimas individualus padid\u0117j\u0119s jautrumas komponentams. <\/p>\n<p>Geriausias: 24 m\u0117nesiai nuo pagaminimo datos.<\/p>\n<p>Laikyti nuo +5 iki +25\u00b0C temperat\u016broje, atokiau nuo tiesiogini\u0173 saul\u0117s spinduli\u0173. Laikyti bent 0,5 m atstumu nuo \u0161ildymo prietais\u0173.<\/p>\n","protected":false},"excerpt":{"rendered":"<p>Padovanokite sau atostog\u0173 atmosfer\u0105! Parfumuotas blizgantis \u0161veitiklis ne tik \u0161velniai r\u016bpinasi k\u016bnu, bet ir padaro od\u0105 maloni\u0105 liesti, \u0161ilkin\u0119 ir suteikia jai lengvo \u0161vyt\u0117jimo. Formul\u0117 praturtinta vertingu makadamij\u0173 aliejumi, kuris puikiai dr\u0117kina ir maitina od\u0105. Mineralin\u0117 druska masa\u017euojant padeda \u0161velniai i\u0161valyti od\u0105. O gra\u017eus blizgesys palieka lengv\u0105 blizges\u012f ant k\u016bno! Naudojimas: lengvais masa\u017euojamaisiais judesiais u\u017etepkite [&#8230;]\n","protected":false},"featured_media":100556,"template":"","meta":[],"product_cat":[1359],"product_tag":[],"class_list":{"0":"post-59655","1":"product","2":"type-product","3":"status-publish","4":"has-post-thumbnail","6":"product_brand-aljans-krasoti_ua-lt","7":"product_cat-kuno-sveitikliai-ir-pilingai","9":"first","10":"instock","11":"taxable","12":"shipping-taxable","13":"product-type-simple"},"_links":{"self":[{"href":"https:\/\/e.kosmolat.eu\/lt\/wp-json\/wp\/v2\/product\/59655","targetHints":{"allow":["GET"]}}],"collection":[{"href":"https:\/\/e.kosmolat.eu\/lt\/wp-json\/wp\/v2\/product"}],"about":[{"href":"https:\/\/e.kosmolat.eu\/lt\/wp-json\/wp\/v2\/types\/product"}],"wp:featuredmedia":[{"embeddable":true,"href":"https:\/\/e.kosmolat.eu\/lt\/wp-json\/wp\/v2\/media\/100556"}],"wp:attachment":[{"href":"https:\/\/e.kosmolat.eu\/lt\/wp-json\/wp\/v2\/media?parent=59655"}],"wp:term":[{"taxonomy":"product_cat","embeddable":true,"href":"https:\/\/e.kosmolat.eu\/lt\/wp-json\/wp\/v2\/product_cat?post=59655"},{"taxonomy":"product_tag","embeddable":true,"href":"https:\/\/e.kosmolat.eu\/lt\/wp-json\/wp\/v2\/product_tag?post=59655"}],"curies":[{"name":"wp","href":"https:\/\/api.w.org\/{rel}","templated":true}]}}