{"id":59647,"date":"2024-12-04T05:07:51","date_gmt":"2024-12-04T05:07:51","guid":{"rendered":"https:\/\/e.kosmolat.eu\/product\/viva-oliva-davanu-kompl-olivu-no-1-roku-kr-275-ml-balzams-kaj-275-ml\/"},"modified":"2026-04-23T06:41:00","modified_gmt":"2026-04-23T06:41:00","slug":"viva-oliva-davanu-kompl-olivu-no-1-roku-kr-275-ml-balzams-kaj-275-ml","status":"publish","type":"product","link":"https:\/\/e.kosmolat.eu\/lt\/produktas\/viva-oliva-davanu-kompl-olivu-no-1-roku-kr-275-ml-balzams-kaj-275-ml\/","title":{"rendered":"VIVA OLIVA Dovan\u0173 rinkinys Alyvuogi\u0173 Nr. 1 (rank\u0173 kremas, 275 ml + p\u0117d\u0173 balzamas, 275 ml)"},"content":{"rendered":"<p>Rinkinys:<br \/>\n1. Dr\u0117kinamasis ir mink\u0161tinantis rank\u0173 kremas su alyvuogi\u0173 ir vynuogi\u0173 aliejumi<\/p>\n<p>Naudojimas: Tepkite ant \u0161vari\u0173 rank\u0173 masa\u017euojamaisiais judesiais, atkreipdami d\u0117mes\u012f \u012f nag\u0173 plok\u0161teles.  <\/p>\n<p>2. Gaivus balzamas pavargusioms p\u0117doms su alyvuogi\u0173 ir m\u0117t\u0173 aliejumi<\/p>\n<p>Naudojimas: masa\u017einiais judesiais tepkite ant \u0161varios p\u0117d\u0173 odos.<\/p>\n<p>Atsargumo priemon\u0117s: Tik i\u0161oriniam naudojimui. Patekus \u012f akis, gerai nuplauti vandeniu ir, jei reikia, kreiptis \u012f gydytoj\u0105.<\/p>\n<p>\u012esp\u0117jimas: galimas individualus padid\u0117j\u0119s jautrumas komponentams. Geriausias: 24 m\u0117nesiai nuo pagaminimo datos.<\/p>\n<p>Laikyti nuo +5 iki +25\u00b0C temperat\u016broje, atokiau nuo tiesiogini\u0173 saul\u0117s spinduli\u0173. Laikyti bent 0,5 m atstumu nuo \u0161ildymo prietais\u0173.<\/p>\n","protected":false},"excerpt":{"rendered":"<p>Rinkinys: 1. Dr\u0117kinamasis ir mink\u0161tinantis rank\u0173 kremas su alyvuogi\u0173 ir vynuogi\u0173 aliejumi Naudojimas: Tepkite ant \u0161vari\u0173 rank\u0173 masa\u017euojamaisiais judesiais, atkreipdami d\u0117mes\u012f \u012f nag\u0173 plok\u0161teles. 2. Gaivus balzamas pavargusioms p\u0117doms su alyvuogi\u0173 ir m\u0117t\u0173 aliejumi Naudojimas: masa\u017einiais judesiais tepkite ant \u0161varios p\u0117d\u0173 odos. Atsargumo priemon\u0117s: Tik i\u0161oriniam naudojimui. Patekus \u012f akis, gerai nuplauti vandeniu ir, jei [&#8230;]\n","protected":false},"featured_media":107444,"template":"","meta":[],"product_cat":[1855],"product_tag":[],"class_list":{"0":"post-59647","1":"product","2":"type-product","3":"status-publish","4":"has-post-thumbnail","6":"product_brand-aljans-krasoti_ua-lt","7":"product_cat-dovanu-rinkiniai-moterim","9":"first","10":"instock","11":"taxable","12":"shipping-taxable","13":"product-type-simple"},"_links":{"self":[{"href":"https:\/\/e.kosmolat.eu\/lt\/wp-json\/wp\/v2\/product\/59647","targetHints":{"allow":["GET"]}}],"collection":[{"href":"https:\/\/e.kosmolat.eu\/lt\/wp-json\/wp\/v2\/product"}],"about":[{"href":"https:\/\/e.kosmolat.eu\/lt\/wp-json\/wp\/v2\/types\/product"}],"wp:featuredmedia":[{"embeddable":true,"href":"https:\/\/e.kosmolat.eu\/lt\/wp-json\/wp\/v2\/media\/107444"}],"wp:attachment":[{"href":"https:\/\/e.kosmolat.eu\/lt\/wp-json\/wp\/v2\/media?parent=59647"}],"wp:term":[{"taxonomy":"product_cat","embeddable":true,"href":"https:\/\/e.kosmolat.eu\/lt\/wp-json\/wp\/v2\/product_cat?post=59647"},{"taxonomy":"product_tag","embeddable":true,"href":"https:\/\/e.kosmolat.eu\/lt\/wp-json\/wp\/v2\/product_tag?post=59647"}],"curies":[{"name":"wp","href":"https:\/\/api.w.org\/{rel}","templated":true}]}}