{"id":59639,"date":"2024-12-04T05:07:33","date_gmt":"2024-12-04T05:07:33","guid":{"rendered":"https:\/\/e.kosmolat.eu\/product\/viva-oliva-atves-balz-nogurus-kajam-ar-olivellu-un-piparmetr-ellu-275-ml\/"},"modified":"2026-04-22T10:26:16","modified_gmt":"2026-04-22T10:26:16","slug":"viva-oliva-atves-balz-nogurus-kajam-ar-olivellu-un-piparmetr-ellu-275-ml","status":"publish","type":"product","link":"https:\/\/e.kosmolat.eu\/lt\/produktas\/viva-oliva-atves-balz-nogurus-kajam-ar-olivellu-un-piparmetr-ellu-275-ml\/","title":{"rendered":"VIVA OLIVA Gaivinantis balzamas pavargusioms p\u0117doms su alyvuogi\u0173 ir m\u0117t\u0173 aliejumi, 275 ml"},"content":{"rendered":"<p>Gaivinantis balzamas, skirtas suma\u017einti nuovargio ir sunkumo jausm\u0105 kojose. Alyvuogi\u0173 aliejus dr\u0117kina ir maitina p\u0117d\u0173 od\u0105. M\u0117tos  ir mentolis pasi\u017eymi gaiviu ir tonizuojan\u010diu poveikiu, padeda suma\u017einti pavargusias kojas.<\/p>\n<p>Naudojimas: masa\u017einiais judesiais tepkite ant \u0161varios p\u0117d\u0173 odos.<\/p>\n<p>Atsargumo priemon\u0117s: Tik i\u0161oriniam naudojimui. Patekus \u012f akis, gerai nuplauti vandeniu ir, jei reikia, kreiptis \u012f gydytoj\u0105.<\/p>\n<p>\u012esp\u0117jimas: galimas individualus padid\u0117j\u0119s jautrumas komponentams. Geriausias: 24 m\u0117nesiai nuo pagaminimo datos.<\/p>\n<p>Laikyti nuo +5 iki +25\u00b0C temperat\u016broje, atokiau nuo tiesiogini\u0173 saul\u0117s spinduli\u0173. Laikyti bent 0,5 m atstumu nuo \u0161ildymo prietais\u0173.<\/p>\n","protected":false},"excerpt":{"rendered":"<p>Gaivinantis balzamas, skirtas suma\u017einti nuovargio ir sunkumo jausm\u0105 kojose. Alyvuogi\u0173 aliejus dr\u0117kina ir maitina p\u0117d\u0173 od\u0105. M\u0117tos ir mentolis pasi\u017eymi gaiviu ir tonizuojan\u010diu poveikiu, padeda suma\u017einti pavargusias kojas. Naudojimas: masa\u017einiais judesiais tepkite ant \u0161varios p\u0117d\u0173 odos. Atsargumo priemon\u0117s: Tik i\u0161oriniam naudojimui. Patekus \u012f akis, gerai nuplauti vandeniu ir, jei reikia, kreiptis \u012f gydytoj\u0105. \u012esp\u0117jimas: galimas [&#8230;]\n","protected":false},"featured_media":99401,"template":"","meta":[],"product_cat":[2181],"product_tag":[],"class_list":{"0":"post-59639","1":"product","2":"type-product","3":"status-publish","4":"has-post-thumbnail","6":"product_brand-aljans-krasoti_ua-lt","7":"product_cat-bez-kategorijas-lt","9":"first","10":"instock","11":"taxable","12":"shipping-taxable","13":"product-type-simple"},"_links":{"self":[{"href":"https:\/\/e.kosmolat.eu\/lt\/wp-json\/wp\/v2\/product\/59639","targetHints":{"allow":["GET"]}}],"collection":[{"href":"https:\/\/e.kosmolat.eu\/lt\/wp-json\/wp\/v2\/product"}],"about":[{"href":"https:\/\/e.kosmolat.eu\/lt\/wp-json\/wp\/v2\/types\/product"}],"wp:featuredmedia":[{"embeddable":true,"href":"https:\/\/e.kosmolat.eu\/lt\/wp-json\/wp\/v2\/media\/99401"}],"wp:attachment":[{"href":"https:\/\/e.kosmolat.eu\/lt\/wp-json\/wp\/v2\/media?parent=59639"}],"wp:term":[{"taxonomy":"product_cat","embeddable":true,"href":"https:\/\/e.kosmolat.eu\/lt\/wp-json\/wp\/v2\/product_cat?post=59639"},{"taxonomy":"product_tag","embeddable":true,"href":"https:\/\/e.kosmolat.eu\/lt\/wp-json\/wp\/v2\/product_tag?post=59639"}],"curies":[{"name":"wp","href":"https:\/\/api.w.org\/{rel}","templated":true}]}}