{"id":59623,"date":"2024-12-04T05:06:57","date_gmt":"2024-12-04T05:06:57","guid":{"rendered":"https:\/\/e.kosmolat.eu\/product\/lady-wow-hydragenist-acu-konturu-serums-5-ml\/"},"modified":"2025-12-17T09:45:19","modified_gmt":"2025-12-17T09:45:19","slug":"lady-wow-hydragenist-acu-konturu-serums-5-ml","status":"publish","type":"product","link":"https:\/\/e.kosmolat.eu\/lt\/produktas\/lady-wow-hydragenist-acu-konturu-serums-5-ml\/","title":{"rendered":"LADY WOW Hydragenist aki\u0173 kont\u016bro serumas, 5 ml"},"content":{"rendered":"<p>HYDRAGENIST Eye Serum yra profesionali LADY WOW ekspert\u0173 ampulin\u0117 formul\u0117, moksli\u0161kai sukurta giliai dr\u0117kinti ir pri\u017ei\u016br\u0117ti od\u0105 aplink akis. Lengvos tekst\u016bros, nepalieka riebaus blizgesio ar lipnios pl\u0117vel\u0117s. Aktyvus dr\u0117kinamasis komponentas\u00b9 giliai dr\u0117kina od\u0105 iki 72 valand\u0173. Metalinis volelis idealiai v\u0117sina ir pagerina kraujotak\u0105 masa\u017eo metu. ir tonizuoja od\u0105 aplink akis.<\/p>\n<p>Naudojimas: atidarykite volel\u012f ampul\u0119 ir kelet\u0105 kart\u0173 paspauskite jos pagrind\u0105, tolygiai paskirstykite serum\u0105 ant nuvalytos odos aplink akis nuo vidinio akies kampo iki i\u0161orinio kampo. Rekomenduojama naudoti kasdien ryte ir vakare.<\/p>\n<p>Atsargumo priemon\u0117s: Tik i\u0161oriniam naudojimui. Patekus \u012f akis, gerai nuplauti vandeniu ir, jei reikia, kreiptis \u012f gydytoj\u0105.<\/p>\n<p>\u012esp\u0117jimas: galimas individualus padid\u0117j\u0119s jautrumas komponentams. <\/p>\n<p>Geriausias: 24 m\u0117nesiai nuo pagaminimo datos.<\/p>\n<p>Laikyti nuo +5 iki +25\u00b0C temperat\u016broje, atokiau nuo tiesiogini\u0173 saul\u0117s spinduli\u0173. Laikyti bent 0,5 m atstumu nuo \u0161ildymo prietais\u0173.<\/p>\n","protected":false},"excerpt":{"rendered":"<p>HYDRAGENIST Eye Serum yra profesionali LADY WOW ekspert\u0173 ampulin\u0117 formul\u0117, moksli\u0161kai sukurta giliai dr\u0117kinti ir pri\u017ei\u016br\u0117ti od\u0105 aplink akis. Lengvos tekst\u016bros, nepalieka riebaus blizgesio ar lipnios pl\u0117vel\u0117s. Aktyvus dr\u0117kinamasis komponentas\u00b9 giliai dr\u0117kina od\u0105 iki 72 valand\u0173. Metalinis volelis idealiai v\u0117sina ir pagerina kraujotak\u0105 masa\u017eo metu. ir tonizuoja od\u0105 aplink akis. Naudojimas: atidarykite volel\u012f ampul\u0119 ir [&#8230;]\n","protected":false},"featured_media":102825,"template":"","meta":[],"product_cat":[2181],"product_tag":[],"class_list":{"0":"post-59623","1":"product","2":"type-product","3":"status-publish","4":"has-post-thumbnail","6":"product_brand-aljans-krasoti_ua-lt","7":"product_cat-bez-kategorijas-lt","9":"first","10":"instock","11":"taxable","12":"shipping-taxable","13":"product-type-simple"},"_links":{"self":[{"href":"https:\/\/e.kosmolat.eu\/lt\/wp-json\/wp\/v2\/product\/59623","targetHints":{"allow":["GET"]}}],"collection":[{"href":"https:\/\/e.kosmolat.eu\/lt\/wp-json\/wp\/v2\/product"}],"about":[{"href":"https:\/\/e.kosmolat.eu\/lt\/wp-json\/wp\/v2\/types\/product"}],"wp:featuredmedia":[{"embeddable":true,"href":"https:\/\/e.kosmolat.eu\/lt\/wp-json\/wp\/v2\/media\/102825"}],"wp:attachment":[{"href":"https:\/\/e.kosmolat.eu\/lt\/wp-json\/wp\/v2\/media?parent=59623"}],"wp:term":[{"taxonomy":"product_cat","embeddable":true,"href":"https:\/\/e.kosmolat.eu\/lt\/wp-json\/wp\/v2\/product_cat?post=59623"},{"taxonomy":"product_tag","embeddable":true,"href":"https:\/\/e.kosmolat.eu\/lt\/wp-json\/wp\/v2\/product_tag?post=59623"}],"curies":[{"name":"wp","href":"https:\/\/api.w.org\/{rel}","templated":true}]}}