{"id":59615,"date":"2024-12-04T05:06:38","date_gmt":"2024-12-04T05:06:38","guid":{"rendered":"https:\/\/e.kosmolat.eu\/product\/lady-wow-vitalift-premium-sejas-serums-fillers-7-x-2-ml\/"},"modified":"2026-04-04T05:46:56","modified_gmt":"2026-04-04T05:46:56","slug":"lady-wow-vitalift-premium-sejas-serums-fillers-7-x-2-ml","status":"publish","type":"product","link":"https:\/\/e.kosmolat.eu\/lt\/produktas\/lady-wow-vitalift-premium-sejas-serums-fillers-7-x-2-ml\/","title":{"rendered":"LADY WOW Vitalift Premium Serumas-u\u017epildas veidui, 7 x 2 ml"},"content":{"rendered":"<p>\u017dalingos ultravioletin\u0117s spinduliuot\u0117s \u012ftakoje oda da\u017enai suglemba, i\u0161saus\u0117ja ir tampa pigmentuota. VITALIFT PREMIUM veido odos serumas \u2013 tai profesionalus LADY WOW\u00ae ekspert\u0173 sukurtas gro\u017eio tobulinimas, vadovaujantis moksliniu po\u017ei\u016briu odai \u0161viesinti ir dr\u0117kinti, kovoti su am\u017eiaus d\u0117m\u0117mis ir rauk\u0161l\u0117mis. Galing\u0105 produkto poveik\u012f lemia antioksidantas vitaminas C, sen\u0117jim\u0105 stabdantis peptid\u0173 kompleksas ir hialurono r\u016bg\u0161tis.<\/p>\n<p>\u25cf Ma\u017eina am\u017eiaus d\u0117mes;<br \/>\n\u25cf Skatina kolageno sintez\u0119;<br \/>\n\u25cf \u0160viesina ir i\u0161lygina odos atspalv\u012f;<br \/>\n\u25cf Saugo od\u0105 nuo UV spinduli\u0173 daromos \u017ealos;<br \/>\n\u25cf Hialurono r\u016bg\u0161tis ant odos suformuoja nematom\u0105 pl\u0117vel\u0119 ir sulaiko dr\u0117gm\u0119 jos pavir\u0161iuje, palaikydama odos dr\u0117kinim\u0105;<br \/>\n\u25cf Peptidai gerina odos elastingum\u0105 ir padeda suma\u017einti rauk\u0161les.<\/p>\n<p>Naudojimas: Paruo\u0161kite od\u0105 serumo tepimui. Nuvalykite veid\u0105 kasdieniu valikliu. Nuimkite dangtel\u012f ir nedidel\u012f kiek\u012f serumo tolygiai paskirstykite ant nuvalyto veido ir kaklo, vengdami aki\u0173 srities. Tolygiai masa\u017euokite serum\u0105 palikite veikti. Po 10-15 minu\u010di\u0173 galite tepti krem\u0105 arba makia\u017e\u0105. Rekomenduojama naudoti du kartus per dien\u0105.<\/p>\n<p>Atsargumo priemon\u0117s: Tik i\u0161oriniam naudojimui. Patekus \u012f akis, gerai nuplauti vandeniu ir, jei reikia, kreiptis \u012f gydytoj\u0105.<\/p>\n<p>\u012esp\u0117jimas: galimas individualus padid\u0117j\u0119s jautrumas komponentams. <\/p>\n<p>Geriausias: 24 m\u0117nesiai nuo pagaminimo datos.<\/p>\n<p>Laikyti nuo +5 iki +25\u00b0C temperat\u016broje, atokiau nuo tiesiogini\u0173 saul\u0117s spinduli\u0173. Laikyti bent 0,5 m atstumu nuo \u0161ildymo prietais\u0173.<\/p>\n","protected":false},"excerpt":{"rendered":"<p>\u017dalingos ultravioletin\u0117s spinduliuot\u0117s \u012ftakoje oda da\u017enai suglemba, i\u0161saus\u0117ja ir tampa pigmentuota. VITALIFT PREMIUM veido odos serumas \u2013 tai profesionalus LADY WOW\u00ae ekspert\u0173 sukurtas gro\u017eio tobulinimas, vadovaujantis moksliniu po\u017ei\u016briu odai \u0161viesinti ir dr\u0117kinti, kovoti su am\u017eiaus d\u0117m\u0117mis ir rauk\u0161l\u0117mis. Galing\u0105 produkto poveik\u012f lemia antioksidantas vitaminas C, sen\u0117jim\u0105 stabdantis peptid\u0173 kompleksas ir hialurono r\u016bg\u0161tis. \u25cf Ma\u017eina am\u017eiaus [&#8230;]\n","protected":false},"featured_media":99389,"template":"","meta":[],"product_cat":[2181],"product_tag":[],"class_list":{"0":"post-59615","1":"product","2":"type-product","3":"status-publish","4":"has-post-thumbnail","6":"product_brand-aljans-krasoti_ua-lt","7":"product_cat-bez-kategorijas-lt","9":"first","10":"instock","11":"taxable","12":"shipping-taxable","13":"product-type-simple"},"_links":{"self":[{"href":"https:\/\/e.kosmolat.eu\/lt\/wp-json\/wp\/v2\/product\/59615","targetHints":{"allow":["GET"]}}],"collection":[{"href":"https:\/\/e.kosmolat.eu\/lt\/wp-json\/wp\/v2\/product"}],"about":[{"href":"https:\/\/e.kosmolat.eu\/lt\/wp-json\/wp\/v2\/types\/product"}],"wp:featuredmedia":[{"embeddable":true,"href":"https:\/\/e.kosmolat.eu\/lt\/wp-json\/wp\/v2\/media\/99389"}],"wp:attachment":[{"href":"https:\/\/e.kosmolat.eu\/lt\/wp-json\/wp\/v2\/media?parent=59615"}],"wp:term":[{"taxonomy":"product_cat","embeddable":true,"href":"https:\/\/e.kosmolat.eu\/lt\/wp-json\/wp\/v2\/product_cat?post=59615"},{"taxonomy":"product_tag","embeddable":true,"href":"https:\/\/e.kosmolat.eu\/lt\/wp-json\/wp\/v2\/product_tag?post=59615"}],"curies":[{"name":"wp","href":"https:\/\/api.w.org\/{rel}","templated":true}]}}