{"id":59599,"date":"2024-12-04T05:06:04","date_gmt":"2024-12-04T05:06:04","guid":{"rendered":"https:\/\/e.kosmolat.eu\/product\/lady-wow-hydragenist-sejas-serums-fillers-7-x-2-ml\/"},"modified":"2026-04-20T12:34:51","modified_gmt":"2026-04-20T12:34:51","slug":"lady-wow-hydragenist-sejas-serums-fillers-7-x-2-ml","status":"publish","type":"product","link":"https:\/\/e.kosmolat.eu\/lt\/produktas\/lady-wow-hydragenist-sejas-serums-fillers-7-x-2-ml\/","title":{"rendered":"LADY WOW Hydragenist Serumas-u\u017epildas veidui, 7 x 2 ml"},"content":{"rendered":"<p>HYDRAGENIST veido odos serumas \u2013 tai profesionalus LADY WOW\u00ae ekspert\u0173 gro\u017eio tobulinimas, vadovaujantis moksliniu po\u017ei\u016briu giliai dr\u0117kinti ir pagerinti sausos, dehidratuotos odos b\u016bkl\u0119. Lengvos tekst\u016bros, nepalieka riebaus blizgesio ar lipnios pl\u0117vel\u0117s.<\/p>\n<p>\u25cf Dr\u0117kina iki 72 valand\u0173;<br \/>\n\u25cf Apsauginio barjero stiprinimas;<br \/>\n\u25cf Suma\u017eina odos sausum\u0105 20 %;<br \/>\n\u25cf Hialurono r\u016bg\u0161tis ant odos suformuoja nematom\u0105 \u0161yd\u0105 ir sulaiko dr\u0117gm\u0119 jos pavir\u0161iuje, palaikydama odos dr\u0117kinim\u0105. <\/p>\n<p>Naudojimas: Paruo\u0161kite od\u0105 serumo tepimui. Nuvalykite veid\u0105 kasdieniu valikliu. Nuimkite dangtel\u012f ir nedidel\u012f kiek\u012f serumo tolygiai paskirstykite ant nuvalyto veido ir kaklo, vengdami aki\u0173 srities. Tolygiai masa\u017euokite serum\u0105 palikite veikti. Po 10-15 minu\u010di\u0173 galite tepti krem\u0105 arba makia\u017e\u0105. Rekomenduojama naudoti du kartus per dien\u0105.<\/p>\n<p>Atsargumo priemon\u0117s: Tik i\u0161oriniam naudojimui. Patekus \u012f akis, gerai nuplauti vandeniu ir, jei reikia, kreiptis \u012f gydytoj\u0105.<\/p>\n<p>\u012esp\u0117jimas: galimas individualus padid\u0117j\u0119s jautrumas komponentams. <\/p>\n<p>Geriausias: 24 m\u0117nesiai nuo pagaminimo datos.<\/p>\n<p>Laikyti nuo +5 iki +25\u00b0C temperat\u016broje, atokiau nuo tiesiogini\u0173 saul\u0117s spinduli\u0173. Laikyti bent 0,5 m atstumu nuo \u0161ildymo prietais\u0173.<\/p>\n","protected":false},"excerpt":{"rendered":"<p>HYDRAGENIST veido odos serumas \u2013 tai profesionalus LADY WOW\u00ae ekspert\u0173 gro\u017eio tobulinimas, vadovaujantis moksliniu po\u017ei\u016briu giliai dr\u0117kinti ir pagerinti sausos, dehidratuotos odos b\u016bkl\u0119. Lengvos tekst\u016bros, nepalieka riebaus blizgesio ar lipnios pl\u0117vel\u0117s. \u25cf Dr\u0117kina iki 72 valand\u0173; \u25cf Apsauginio barjero stiprinimas; \u25cf Suma\u017eina odos sausum\u0105 20 %; \u25cf Hialurono r\u016bg\u0161tis ant odos suformuoja nematom\u0105 \u0161yd\u0105 ir [&#8230;]\n","protected":false},"featured_media":99678,"template":"","meta":[],"product_cat":[1327],"product_tag":[],"class_list":{"0":"post-59599","1":"product","2":"type-product","3":"status-publish","4":"has-post-thumbnail","6":"product_brand-aljans-krasoti_ua-lt","7":"product_cat-serumai","9":"first","10":"instock","11":"taxable","12":"shipping-taxable","13":"product-type-simple"},"_links":{"self":[{"href":"https:\/\/e.kosmolat.eu\/lt\/wp-json\/wp\/v2\/product\/59599","targetHints":{"allow":["GET"]}}],"collection":[{"href":"https:\/\/e.kosmolat.eu\/lt\/wp-json\/wp\/v2\/product"}],"about":[{"href":"https:\/\/e.kosmolat.eu\/lt\/wp-json\/wp\/v2\/types\/product"}],"wp:featuredmedia":[{"embeddable":true,"href":"https:\/\/e.kosmolat.eu\/lt\/wp-json\/wp\/v2\/media\/99678"}],"wp:attachment":[{"href":"https:\/\/e.kosmolat.eu\/lt\/wp-json\/wp\/v2\/media?parent=59599"}],"wp:term":[{"taxonomy":"product_cat","embeddable":true,"href":"https:\/\/e.kosmolat.eu\/lt\/wp-json\/wp\/v2\/product_cat?post=59599"},{"taxonomy":"product_tag","embeddable":true,"href":"https:\/\/e.kosmolat.eu\/lt\/wp-json\/wp\/v2\/product_tag?post=59599"}],"curies":[{"name":"wp","href":"https:\/\/api.w.org\/{rel}","templated":true}]}}