{"id":59591,"date":"2024-12-04T05:05:41","date_gmt":"2024-12-04T05:05:41","guid":{"rendered":"https:\/\/e.kosmolat.eu\/product\/lady-wow-thermo-keratin-matu-sprejs-ar-termoaizsardz-200-ml\/"},"modified":"2026-04-22T13:19:18","modified_gmt":"2026-04-22T13:19:18","slug":"lady-wow-thermo-keratin-matu-sprejs-ar-termoaizsardz-200-ml","status":"publish","type":"product","link":"https:\/\/e.kosmolat.eu\/lt\/produktas\/lady-wow-thermo-keratin-matu-sprejs-ar-termoaizsardz-200-ml\/","title":{"rendered":"LADY WOW Thermo Keratin Plauk\u0173 pur\u0161kiklis su kar\u0161\u010dio apsauga, 200 ml"},"content":{"rendered":"<p>Pur\u0161kiklis skirtas patikimai apsaugoti plaukus nuo kar\u0161t\u0173 formavimo priemoni\u0173 poveikio. D\u0117l sud\u0117tyje esan\u010dio keratino, \u0161ilko ir kvie\u010di\u0173 baltym\u0173 produktas apsaugo plaukus nuo pa\u017eeidim\u0173, prisotina juos keratinu, suteikia reikiamos dr\u0117gm\u0117s ir nat\u016bralaus blizgesio.<\/p>\n<p>\u25cf Apsauga nuo kar\u0161to oro ir auk\u0161t\u0173 formavimo priemoni\u0173 temperat\u016br\u0173;<br \/>\n\u25cf Didina plauk\u0173 atsparum\u0105 pa\u017eeidimams;<br \/>\n\u25cf Intensyvi keratinin\u0117 mityba;<br \/>\n\u25cf I\u0161lyginimas su laminavimo efektu;<br \/>\n\u25cf Skatina pa\u017eeist\u0173 plauk\u0173 viet\u0173 atstatym\u0105;<br \/>\n\u25cf I\u0161saugo nat\u016bral\u0173 plauk\u0173 blizges\u012f;<br \/>\n\u25cf Neapsunkina ir nesuklijuoja sruog\u0173;<br \/>\n\u25cf Nereikalauja skalavimo.<\/p>\n<p>Naudojimas: Nedidel\u012f produkto kiek\u012f tolygiai i\u0161purk\u0161kite ma\u017edaug 20 cm atstumu ant dr\u0117gn\u0173 arba saus\u0173 plauk\u0173, tada formuokite plauk\u0173 d\u017eiovintuvu arba kitu \u012fprastu b\u016bdu. NENUPLAUTI.<\/p>\n<p>Atsargumo priemon\u0117s: Tik i\u0161oriniam naudojimui. Patekus \u012f akis, gerai nuplauti vandeniu ir, jei reikia, kreiptis \u012f gydytoj\u0105.<\/p>\n<p>\u012esp\u0117jimas: galimas individualus padid\u0117j\u0119s jautrumas komponentams. <\/p>\n<p>Geriausias: 24 m\u0117nesiai nuo pagaminimo datos.<\/p>\n<p>Laikyti nuo +5 iki +25\u00b0C temperat\u016broje, atokiau nuo tiesiogini\u0173 saul\u0117s spinduli\u0173. Laikyti bent 0,5 m atstumu nuo \u0161ildymo prietais\u0173.<\/p>\n","protected":false},"excerpt":{"rendered":"<p>Pur\u0161kiklis skirtas patikimai apsaugoti plaukus nuo kar\u0161t\u0173 formavimo priemoni\u0173 poveikio. D\u0117l sud\u0117tyje esan\u010dio keratino, \u0161ilko ir kvie\u010di\u0173 baltym\u0173 produktas apsaugo plaukus nuo pa\u017eeidim\u0173, prisotina juos keratinu, suteikia reikiamos dr\u0117gm\u0117s ir nat\u016bralaus blizgesio. \u25cf Apsauga nuo kar\u0161to oro ir auk\u0161t\u0173 formavimo priemoni\u0173 temperat\u016br\u0173; \u25cf Didina plauk\u0173 atsparum\u0105 pa\u017eeidimams; \u25cf Intensyvi keratinin\u0117 mityba; \u25cf I\u0161lyginimas su laminavimo [&#8230;]\n","protected":false},"featured_media":99674,"template":"","meta":[],"product_cat":[2181],"product_tag":[],"class_list":{"0":"post-59591","1":"product","2":"type-product","3":"status-publish","4":"has-post-thumbnail","6":"product_brand-aljans-krasoti_ua-lt","7":"product_cat-bez-kategorijas-lt","9":"first","10":"instock","11":"taxable","12":"shipping-taxable","13":"product-type-simple"},"_links":{"self":[{"href":"https:\/\/e.kosmolat.eu\/lt\/wp-json\/wp\/v2\/product\/59591","targetHints":{"allow":["GET"]}}],"collection":[{"href":"https:\/\/e.kosmolat.eu\/lt\/wp-json\/wp\/v2\/product"}],"about":[{"href":"https:\/\/e.kosmolat.eu\/lt\/wp-json\/wp\/v2\/types\/product"}],"wp:featuredmedia":[{"embeddable":true,"href":"https:\/\/e.kosmolat.eu\/lt\/wp-json\/wp\/v2\/media\/99674"}],"wp:attachment":[{"href":"https:\/\/e.kosmolat.eu\/lt\/wp-json\/wp\/v2\/media?parent=59591"}],"wp:term":[{"taxonomy":"product_cat","embeddable":true,"href":"https:\/\/e.kosmolat.eu\/lt\/wp-json\/wp\/v2\/product_cat?post=59591"},{"taxonomy":"product_tag","embeddable":true,"href":"https:\/\/e.kosmolat.eu\/lt\/wp-json\/wp\/v2\/product_tag?post=59591"}],"curies":[{"name":"wp","href":"https:\/\/api.w.org\/{rel}","templated":true}]}}