{"id":59575,"date":"2024-12-04T05:03:09","date_gmt":"2024-12-04T05:03:09","guid":{"rendered":"https:\/\/e.kosmolat.eu\/product\/vc-skidras-kremziepes-piens-un-aprikoze-300-ml\/"},"modified":"2026-04-22T13:11:29","modified_gmt":"2026-04-22T13:11:29","slug":"vc-skidras-kremziepes-piens-un-aprikoze-300-ml","status":"publish","type":"product","link":"https:\/\/e.kosmolat.eu\/lt\/produktas\/vc-skidras-kremziepes-piens-un-aprikoze-300-ml\/","title":{"rendered":"VITAL CHARM Skystas kreminis muilas Pienas ir abrikosai, 300 ml"},"content":{"rendered":"<p>J\u016bs\u0173 tobulumo paslaptis!<br \/>\n\u0160velnios prie\u017ei\u016bros formul\u0117.<br \/>\nSkystas kreminis muilas su pieno baltymais ir abrikos\u0173 aromatu \u0161velniai valo ir dr\u0117kina od\u0105. Pieno baltymai pasi\u017eymi atkuriamosiomis, dr\u0117kinan\u010diomis ir mink\u0161tinan\u010diomis savyb\u0117mis.<\/p>\n<p>Naudojimas: paspauskite dozatori\u0173, i\u0161spauskite kelis la\u0161us muilo ant i\u0161 anksto vandeniu sudr\u0117kintos odos, suputokite, tada nuplaukite vandeniu.<\/p>\n<p>Laikymo s\u0105lygos: Laikyti sandariai u\u017edarytoje gamintojo talpykloje nuo +5\u00b0C iki +30\u00b0C temperat\u016broje, kai santykin\u0117 oro dr\u0117gm\u0117 ne didesn\u0117 kaip 75% ne ma\u017eesniu kaip 1 m atstumu nuo \u0161ildymo prietais\u0173, atokiau nuo tiesiogini\u0173 saul\u0117s spinduli\u0173.<\/p>\n<p>Atsargumo priemon\u0117s: Naudokite kaip nurodyta. Saugoti nuo vaik\u0173.<\/p>\n<p>Geriausias: 30 m\u0117nesi\u0173 nuo pagaminimo datos.<\/p>\n","protected":false},"excerpt":{"rendered":"<p>J\u016bs\u0173 tobulumo paslaptis! \u0160velnios prie\u017ei\u016bros formul\u0117. Skystas kreminis muilas su pieno baltymais ir abrikos\u0173 aromatu \u0161velniai valo ir dr\u0117kina od\u0105. Pieno baltymai pasi\u017eymi atkuriamosiomis, dr\u0117kinan\u010diomis ir mink\u0161tinan\u010diomis savyb\u0117mis. Naudojimas: paspauskite dozatori\u0173, i\u0161spauskite kelis la\u0161us muilo ant i\u0161 anksto vandeniu sudr\u0117kintos odos, suputokite, tada nuplaukite vandeniu. Laikymo s\u0105lygos: Laikyti sandariai u\u017edarytoje gamintojo talpykloje nuo +5\u00b0C iki [&#8230;]\n","protected":false},"featured_media":99804,"template":"","meta":[],"product_cat":[2181],"product_tag":[],"class_list":{"0":"post-59575","1":"product","2":"type-product","3":"status-publish","4":"has-post-thumbnail","6":"product_brand-aqua-cosmetics_ua-lt","7":"product_cat-bez-kategorijas-lt","9":"first","10":"instock","11":"taxable","12":"shipping-taxable","13":"product-type-simple"},"_links":{"self":[{"href":"https:\/\/e.kosmolat.eu\/lt\/wp-json\/wp\/v2\/product\/59575","targetHints":{"allow":["GET"]}}],"collection":[{"href":"https:\/\/e.kosmolat.eu\/lt\/wp-json\/wp\/v2\/product"}],"about":[{"href":"https:\/\/e.kosmolat.eu\/lt\/wp-json\/wp\/v2\/types\/product"}],"wp:featuredmedia":[{"embeddable":true,"href":"https:\/\/e.kosmolat.eu\/lt\/wp-json\/wp\/v2\/media\/99804"}],"wp:attachment":[{"href":"https:\/\/e.kosmolat.eu\/lt\/wp-json\/wp\/v2\/media?parent=59575"}],"wp:term":[{"taxonomy":"product_cat","embeddable":true,"href":"https:\/\/e.kosmolat.eu\/lt\/wp-json\/wp\/v2\/product_cat?post=59575"},{"taxonomy":"product_tag","embeddable":true,"href":"https:\/\/e.kosmolat.eu\/lt\/wp-json\/wp\/v2\/product_tag?post=59575"}],"curies":[{"name":"wp","href":"https:\/\/api.w.org\/{rel}","templated":true}]}}