{"id":59246,"date":"2024-12-03T05:02:35","date_gmt":"2024-12-03T05:02:35","guid":{"rendered":"https:\/\/e.kosmolat.eu\/product\/i_vc-skidras-kremziepes-olivu-300-ml\/"},"modified":"2026-04-22T13:07:45","modified_gmt":"2026-04-22T13:07:45","slug":"i_vc-skidras-kremziepes-olivu-300-ml","status":"publish","type":"product","link":"https:\/\/e.kosmolat.eu\/lt\/produktas\/i_vc-skidras-kremziepes-olivu-300-ml\/","title":{"rendered":"VITAL CHARM Skystas muilas Alyvuog\u0117, 300 ml"},"content":{"rendered":"<p>VITAL CHARM Skystas muilas Alyvuog\u0117.<br \/>\nJ\u016bs\u0173 tobulumo paslaptis!<br \/>\n&Scaron;velnios prie\u017ei\u016bros formul\u0117<br \/>\nPa\u0161alina odos sausumo ir tempimo jausm\u0105<br \/>\nU\u017etikrina \u0161var\u0105<br \/>\nSkystas kreminis muilas Alyvuog\u0117 \u0161velniai, \u0161velniai valo ir u\u017etikrina tobul\u0105 rank\u0173 odos \u0161var\u0105.<br \/>\nAlyvuogi\u0173 ekstraktas intensyviai maitina ir mink\u0161tina od\u0105, naikina odos sausumo ir tempimo jausm\u0105.<br \/>\n<strong>Naudojimas:<\/strong> paspauskite dozatori\u0173, i\u0161spauskite kelis la\u0161us muilo ant i\u0161 anksto vandeniu sudr\u0117kintos odos, suputokite, tada nuplaukite vandeniu.<\/p>\n<p>\nGaliojimo laikas: 30 m\u0117nesiai nuo pagaminimo datos.<br \/>\nLaikyti nuo +5 C iki +25 C temperat\u016broje<br \/>\nPartijos numeris sutampa su pagaminimo data.<br \/>\nAtsargumo priemon\u0117s: Naudokite kaip nurodyta. Saugoti nuo vaik\u0173.<br \/>\n&nbsp;<\/p>\n","protected":false},"excerpt":{"rendered":"<p>VITAL CHARM Skystas muilas Alyvuog\u0117. J\u016bs\u0173 tobulumo paslaptis! &Scaron;velnios prie\u017ei\u016bros formul\u0117 Pa\u0161alina odos sausumo ir tempimo jausm\u0105 U\u017etikrina \u0161var\u0105 Skystas kreminis muilas Alyvuog\u0117 \u0161velniai, \u0161velniai valo ir u\u017etikrina tobul\u0105 rank\u0173 odos \u0161var\u0105. Alyvuogi\u0173 ekstraktas intensyviai maitina ir mink\u0161tina od\u0105, naikina odos sausumo ir tempimo jausm\u0105. Naudojimas: paspauskite dozatori\u0173, i\u0161spauskite kelis la\u0161us muilo ant i\u0161 anksto [&#8230;]\n","protected":false},"featured_media":100816,"template":"","meta":[],"product_cat":[2181],"product_tag":[],"class_list":{"0":"post-59246","1":"product","2":"type-product","3":"status-publish","4":"has-post-thumbnail","6":"product_brand-aqua-cosmetics_ua-lt","7":"product_cat-bez-kategorijas-lt","9":"first","10":"instock","11":"taxable","12":"shipping-taxable","13":"product-type-simple"},"_links":{"self":[{"href":"https:\/\/e.kosmolat.eu\/lt\/wp-json\/wp\/v2\/product\/59246","targetHints":{"allow":["GET"]}}],"collection":[{"href":"https:\/\/e.kosmolat.eu\/lt\/wp-json\/wp\/v2\/product"}],"about":[{"href":"https:\/\/e.kosmolat.eu\/lt\/wp-json\/wp\/v2\/types\/product"}],"wp:featuredmedia":[{"embeddable":true,"href":"https:\/\/e.kosmolat.eu\/lt\/wp-json\/wp\/v2\/media\/100816"}],"wp:attachment":[{"href":"https:\/\/e.kosmolat.eu\/lt\/wp-json\/wp\/v2\/media?parent=59246"}],"wp:term":[{"taxonomy":"product_cat","embeddable":true,"href":"https:\/\/e.kosmolat.eu\/lt\/wp-json\/wp\/v2\/product_cat?post=59246"},{"taxonomy":"product_tag","embeddable":true,"href":"https:\/\/e.kosmolat.eu\/lt\/wp-json\/wp\/v2\/product_tag?post=59246"}],"curies":[{"name":"wp","href":"https:\/\/api.w.org\/{rel}","templated":true}]}}