{"id":59125,"date":"2024-11-27T05:02:31","date_gmt":"2024-11-27T05:02:31","guid":{"rendered":"https:\/\/e.kosmolat.eu\/product\/i_bc-for-mendusas-zeleja-vinogas-un-viges-250-ml\/"},"modified":"2025-03-28T07:54:04","modified_gmt":"2025-03-28T07:54:04","slug":"i_bc-for-mendusas-zeleja-vinogas-un-viges-250-ml","status":"publish","type":"product","link":"https:\/\/e.kosmolat.eu\/lt\/produktas\/i_bc-for-mendusas-zeleja-vinogas-un-viges-250-ml\/","title":{"rendered":"I_BIOTON COSMETICS FOR MEN Du\u0161o \u017eel\u0117 Vynuog\u0117s ir figos, 250 ml"},"content":{"rendered":"<p>Du\u0161o \u017eel\u0117&nbsp;Vynuog\u0117s ir figos vyrams puikiai tonizuoja ir valo od\u0105, nepersausindama. Vynuogi\u0173 ekstraktas pasi\u017eymi antioksidaciniu poveikiu, skatina odos regeneracij\u0105. Fig\u0173 ekstraktas, kuriame gausu vitamin\u0173 ir mineral\u0173, didina apsaugin\u0119 odos funkcij\u0105, suteikia energijos. Du\u0161o \u017eel\u0117 suteikia \u0161vie\u017eumo, gaivumo ir \u0161varos poj\u016bt\u012f.<\/p>\n<p><strong>Naudojimas:<\/strong> u\u017etepkite gel\u012f ant delno ar kempin\u0117s, lengvais judesiais suputokite tepkite ant k\u016bno, nuplaukite vandeniu.<\/p>\n<p><strong>Atsargumo priemon\u0117s: <\/strong>Tik i\u0161oriniam naudojimui.<\/p>\n<p><strong>Tinkamumo laikas: <\/strong>30 m\u0117nesi\u0173. Laikyti nuo 0 &deg;C iki +25 &deg;C temperat\u016broje.<br \/>\n&nbsp;<\/p>\n","protected":false},"excerpt":{"rendered":"<p>Du\u0161o \u017eel\u0117&nbsp;Vynuog\u0117s ir figos vyrams puikiai tonizuoja ir valo od\u0105, nepersausindama. Vynuogi\u0173 ekstraktas pasi\u017eymi antioksidaciniu poveikiu, skatina odos regeneracij\u0105. Fig\u0173 ekstraktas, kuriame gausu vitamin\u0173 ir mineral\u0173, didina apsaugin\u0119 odos funkcij\u0105, suteikia energijos. Du\u0161o \u017eel\u0117 suteikia \u0161vie\u017eumo, gaivumo ir \u0161varos poj\u016bt\u012f. Naudojimas: u\u017etepkite gel\u012f ant delno ar kempin\u0117s, lengvais judesiais suputokite tepkite ant k\u016bno, nuplaukite vandeniu. [&#8230;]\n","protected":false},"featured_media":59127,"template":"","meta":[],"product_cat":[1691],"product_tag":[],"class_list":{"0":"post-59125","1":"product","2":"type-product","3":"status-publish","4":"has-post-thumbnail","6":"product_brand-bioton_ua-lt","7":"product_cat-duso-geliai","9":"first","10":"outofstock","11":"taxable","12":"shipping-taxable","13":"product-type-simple"},"_links":{"self":[{"href":"https:\/\/e.kosmolat.eu\/lt\/wp-json\/wp\/v2\/product\/59125","targetHints":{"allow":["GET"]}}],"collection":[{"href":"https:\/\/e.kosmolat.eu\/lt\/wp-json\/wp\/v2\/product"}],"about":[{"href":"https:\/\/e.kosmolat.eu\/lt\/wp-json\/wp\/v2\/types\/product"}],"wp:featuredmedia":[{"embeddable":true,"href":"https:\/\/e.kosmolat.eu\/lt\/wp-json\/wp\/v2\/media\/59127"}],"wp:attachment":[{"href":"https:\/\/e.kosmolat.eu\/lt\/wp-json\/wp\/v2\/media?parent=59125"}],"wp:term":[{"taxonomy":"product_cat","embeddable":true,"href":"https:\/\/e.kosmolat.eu\/lt\/wp-json\/wp\/v2\/product_cat?post=59125"},{"taxonomy":"product_tag","embeddable":true,"href":"https:\/\/e.kosmolat.eu\/lt\/wp-json\/wp\/v2\/product_tag?post=59125"}],"curies":[{"name":"wp","href":"https:\/\/api.w.org\/{rel}","templated":true}]}}