{"id":59111,"date":"2024-11-23T05:38:53","date_gmt":"2024-11-23T05:38:53","guid":{"rendered":"https:\/\/e.kosmolat.eu\/product\/gp-micelar-skidums-3-in-1-kumelite-un-hialuronskabe-250-ml\/"},"modified":"2026-03-16T14:46:29","modified_gmt":"2026-03-16T14:46:29","slug":"i_gp-micelar-skidums-3-in-1-kumelite-un-hialuronskabe-250-ml","status":"publish","type":"product","link":"https:\/\/e.kosmolat.eu\/lt\/produktas\/i_gp-micelar-skidums-3-in-1-kumelite-un-hialuronskabe-250-ml\/","title":{"rendered":"GREEN PHARMACY Micelinis tirpalas 3 in 1 Ramun\u0117li\u0173 ir Hialurono r\u016bg\u0161ties, 250 ml"},"content":{"rendered":"<p>Be kvapo. Pasi\u017eymi trigubu poveikiu: valo, tonizuoja ir dr\u0117kina. Vegani\u0161kas produktas.<\/p>\n<p>\u012esp\u0117jimas: \u0161iame produkte yra nat\u016brali\u0173 ekstrakt\u0173 ir tai gali sukelti nuos\u0117d\u0173 susidarym\u0105. Dermatologi\u0161kai patikrintas.<\/p>\n<p>Atsargumo priemon\u0117s: galimas individualus jautrumas atskiroms sudedamosioms dalims.<\/p>\n<p>Naudojimas: nedidel\u012f kiek\u012f priemon\u0117s u\u017etepkite ant vatos diskelio ir \u0161velniai nuvalykite od\u0105 aplink akis, veid\u0105, kakl\u0105 ir dekolt\u0117 srit\u012f. Kartokite proced\u016br\u0105 su naujais vatos diskeliais, kol oda bus visi\u0161kai \u0161vari. Tinka ne\u0161iojantiems kontaktinius l\u0119\u0161ius.<\/p>\n<p>Laikyti nuo +5 \u00b0C iki +25 \u00b0C temperat\u016broje.<\/p>\n<p>Geriausias: 30 m\u0117nesi\u0173 nuo pagaminimo datos.<\/p>\n","protected":false},"excerpt":{"rendered":"<p>Be kvapo. Pasi\u017eymi trigubu poveikiu: valo, tonizuoja ir dr\u0117kina. Vegani\u0161kas produktas. \u012esp\u0117jimas: \u0161iame produkte yra nat\u016brali\u0173 ekstrakt\u0173 ir tai gali sukelti nuos\u0117d\u0173 susidarym\u0105. Dermatologi\u0161kai patikrintas. Atsargumo priemon\u0117s: galimas individualus jautrumas atskiroms sudedamosioms dalims. Naudojimas: nedidel\u012f kiek\u012f priemon\u0117s u\u017etepkite ant vatos diskelio ir \u0161velniai nuvalykite od\u0105 aplink akis, veid\u0105, kakl\u0105 ir dekolt\u0117 srit\u012f. Kartokite proced\u016br\u0105 su [&#8230;]\n","protected":false},"featured_media":98715,"template":"","meta":[],"product_cat":[1570],"product_tag":[],"class_list":{"0":"post-59111","1":"product","2":"type-product","3":"status-publish","4":"has-post-thumbnail","6":"product_brand-sale-lt","7":"product_cat-micelinis-vanduo","9":"first","10":"outofstock","11":"taxable","12":"shipping-taxable","13":"product-type-simple"},"_links":{"self":[{"href":"https:\/\/e.kosmolat.eu\/lt\/wp-json\/wp\/v2\/product\/59111","targetHints":{"allow":["GET"]}}],"collection":[{"href":"https:\/\/e.kosmolat.eu\/lt\/wp-json\/wp\/v2\/product"}],"about":[{"href":"https:\/\/e.kosmolat.eu\/lt\/wp-json\/wp\/v2\/types\/product"}],"wp:featuredmedia":[{"embeddable":true,"href":"https:\/\/e.kosmolat.eu\/lt\/wp-json\/wp\/v2\/media\/98715"}],"wp:attachment":[{"href":"https:\/\/e.kosmolat.eu\/lt\/wp-json\/wp\/v2\/media?parent=59111"}],"wp:term":[{"taxonomy":"product_cat","embeddable":true,"href":"https:\/\/e.kosmolat.eu\/lt\/wp-json\/wp\/v2\/product_cat?post=59111"},{"taxonomy":"product_tag","embeddable":true,"href":"https:\/\/e.kosmolat.eu\/lt\/wp-json\/wp\/v2\/product_tag?post=59111"}],"curies":[{"name":"wp","href":"https:\/\/api.w.org\/{rel}","templated":true}]}}