{"id":59094,"date":"2024-11-22T10:50:25","date_gmt":"2024-11-22T10:50:25","guid":{"rendered":"https:\/\/e.kosmolat.eu\/?post_type=product&#038;p=59094"},"modified":"2026-04-21T10:22:37","modified_gmt":"2026-04-21T10:22:37","slug":"nc-8-zales-zeleja-balzams-hemoroidiem-40-ml","status":"publish","type":"product","link":"https:\/\/e.kosmolat.eu\/lt\/produktas\/nc-8-zales-zeleja-balzams-hemoroidiem-40-ml\/","title":{"rendered":"NARODNYJ CELITEL 8 \u017doleli\u0173 Gelis-balzamas prie\u0161 hemoroj\u0173, 40 ml"},"content":{"rendered":"<p>Veiksmingas produktas, pagr\u012fstas nat\u016braliais ingredientais.<\/p>\n<p>Veikli\u0173j\u0173 med\u017eiag\u0173 sud\u0117tis: \u010demer\u0173, tuop\u0173, \u0105\u017euol\u0173 \u017eiev\u0117s, ka\u0161ton\u0173, avie\u010di\u0173 lap\u0173 ekstraktai, siera, citrin\u0173, arbatmed\u017eio ir kiparis\u0173 eteriniai aliejai.<\/p>\n<p>Naudojimo instrukcija: po tu\u0161tinimosi ir nusiprausimo po du\u0161u tepti problemines vietas 2-3 kartus per dien\u0105.<\/p>\n<p>Atsargumo priemon\u0117s: tik i\u0161oriniam naudojimui. Nenaudokite, jei yra padid\u0117j\u0119s jautrumas tam tikriems kompozicijos komponentai. Ne vaistas.<\/p>\n<p>Laikymo s\u0105lygos: laikyti nuo +5 \u00b0C iki +25 \u00b0C temperat\u016broje ir santykin\u0117je oro dr\u0117gm\u0117je iki 75%, saugoti nuo tiesiogini\u0173 saul\u0117s spinduli\u0173. Laikyti vaikams nepasiekiamoje vietoje.<\/p>\n<p>Geriausias: 36 m\u0117nesiai nuo pagaminimo datos.<\/p>\n","protected":false},"excerpt":{"rendered":"<p>Veiksmingas produktas, pagr\u012fstas nat\u016braliais ingredientais. Veikli\u0173j\u0173 med\u017eiag\u0173 sud\u0117tis: \u010demer\u0173, tuop\u0173, \u0105\u017euol\u0173 \u017eiev\u0117s, ka\u0161ton\u0173, avie\u010di\u0173 lap\u0173 ekstraktai, siera, citrin\u0173, arbatmed\u017eio ir kiparis\u0173 eteriniai aliejai. Naudojimo instrukcija: po tu\u0161tinimosi ir nusiprausimo po du\u0161u tepti problemines vietas 2-3 kartus per dien\u0105. Atsargumo priemon\u0117s: tik i\u0161oriniam naudojimui. Nenaudokite, jei yra padid\u0117j\u0119s jautrumas tam tikriems kompozicijos komponentai. Ne vaistas. Laikymo [&#8230;]\n","protected":false},"featured_media":98856,"template":"","meta":[],"product_cat":[1390],"product_tag":[],"class_list":{"0":"post-59094","1":"product","2":"type-product","3":"status-publish","4":"has-post-thumbnail","6":"product_brand-healer-cosmetics_ua-lt","7":"product_cat-kremai-aliejai-kuno-pienelis","9":"first","10":"instock","11":"taxable","12":"shipping-taxable","13":"product-type-simple"},"_links":{"self":[{"href":"https:\/\/e.kosmolat.eu\/lt\/wp-json\/wp\/v2\/product\/59094","targetHints":{"allow":["GET"]}}],"collection":[{"href":"https:\/\/e.kosmolat.eu\/lt\/wp-json\/wp\/v2\/product"}],"about":[{"href":"https:\/\/e.kosmolat.eu\/lt\/wp-json\/wp\/v2\/types\/product"}],"wp:featuredmedia":[{"embeddable":true,"href":"https:\/\/e.kosmolat.eu\/lt\/wp-json\/wp\/v2\/media\/98856"}],"wp:attachment":[{"href":"https:\/\/e.kosmolat.eu\/lt\/wp-json\/wp\/v2\/media?parent=59094"}],"wp:term":[{"taxonomy":"product_cat","embeddable":true,"href":"https:\/\/e.kosmolat.eu\/lt\/wp-json\/wp\/v2\/product_cat?post=59094"},{"taxonomy":"product_tag","embeddable":true,"href":"https:\/\/e.kosmolat.eu\/lt\/wp-json\/wp\/v2\/product_tag?post=59094"}],"curies":[{"name":"wp","href":"https:\/\/api.w.org\/{rel}","templated":true}]}}