{"id":59082,"date":"2024-11-22T05:02:27","date_gmt":"2024-11-22T05:02:27","guid":{"rendered":"https:\/\/e.kosmolat.eu\/product\/i_za-kaju-krems-tonizejoss-tusku-nonemoss-100-ml\/"},"modified":"2026-05-08T21:42:14","modified_gmt":"2026-05-08T21:42:14","slug":"gp-kaju-krems-relaksejoss-un-tonizejoss-100-ml","status":"publish","type":"product","link":"https:\/\/e.kosmolat.eu\/lt\/produktas\/gp-kaju-krems-relaksejoss-un-tonizejoss-100-ml\/","title":{"rendered":"GREEN PHARMACY Koj\u0173 kremas Atpalaiduojantis, tonizuojantis, 100 ml"},"content":{"rendered":"<p>Su ka\u0161ton\u0173 ekstraktu ir raudon\u0173j\u0173 vynuogi\u0173 aliejumi.<\/p>\n<p>Naudojimas: paskirstykite krem\u0105 per vis\u0105 \u0161vari\u0173 ir rank\u0161luos\u010diu nusausint\u0173 p\u0117d\u0173 pavir\u0161i\u0173, \u0161velniai masa\u017euokite.<\/p>\n<p>Atsargumo priemon\u0117s: padid\u0117j\u0119s individualus jautrumas atskiriems komponentams. Sud\u0117tyje yra vitamino A. Prie\u0161 vartojim\u0105 b\u016btina atsi\u017evelgti \u012f paros doz\u0119.<br \/>\nLaikymo temperat\u016bra: laikyti nuo +5\u00b0C iki +25\u00b0C temperat\u016broje.<br \/>\nGeriausias: 30 m\u0117nesi\u0173 nuo pagaminimo datos.<\/p>\n","protected":false},"excerpt":{"rendered":"<p>Su ka\u0161ton\u0173 ekstraktu ir raudon\u0173j\u0173 vynuogi\u0173 aliejumi. Naudojimas: paskirstykite krem\u0105 per vis\u0105 \u0161vari\u0173 ir rank\u0161luos\u010diu nusausint\u0173 p\u0117d\u0173 pavir\u0161i\u0173, \u0161velniai masa\u017euokite. Atsargumo priemon\u0117s: padid\u0117j\u0119s individualus jautrumas atskiriems komponentams. Sud\u0117tyje yra vitamino A. Prie\u0161 vartojim\u0105 b\u016btina atsi\u017evelgti \u012f paros doz\u0119. Laikymo temperat\u016bra: laikyti nuo +5\u00b0C iki +25\u00b0C temperat\u016broje. Geriausias: 30 m\u0117nesi\u0173 nuo pagaminimo datos.<\/p>\n","protected":false},"featured_media":79602,"template":"","meta":[],"product_cat":[1763],"product_tag":[],"class_list":{"0":"post-59082","1":"product","2":"type-product","3":"status-publish","4":"has-post-thumbnail","6":"product_brand-elfa_ua-lt","7":"product_cat-koju-prieziuros-kosmetika","9":"first","10":"instock","11":"taxable","12":"shipping-taxable","13":"product-type-simple"},"_links":{"self":[{"href":"https:\/\/e.kosmolat.eu\/lt\/wp-json\/wp\/v2\/product\/59082","targetHints":{"allow":["GET"]}}],"collection":[{"href":"https:\/\/e.kosmolat.eu\/lt\/wp-json\/wp\/v2\/product"}],"about":[{"href":"https:\/\/e.kosmolat.eu\/lt\/wp-json\/wp\/v2\/types\/product"}],"wp:featuredmedia":[{"embeddable":true,"href":"https:\/\/e.kosmolat.eu\/lt\/wp-json\/wp\/v2\/media\/79602"}],"wp:attachment":[{"href":"https:\/\/e.kosmolat.eu\/lt\/wp-json\/wp\/v2\/media?parent=59082"}],"wp:term":[{"taxonomy":"product_cat","embeddable":true,"href":"https:\/\/e.kosmolat.eu\/lt\/wp-json\/wp\/v2\/product_cat?post=59082"},{"taxonomy":"product_tag","embeddable":true,"href":"https:\/\/e.kosmolat.eu\/lt\/wp-json\/wp\/v2\/product_tag?post=59082"}],"curies":[{"name":"wp","href":"https:\/\/api.w.org\/{rel}","templated":true}]}}