{"id":59021,"date":"2024-11-20T05:02:22","date_gmt":"2024-11-20T05:02:22","guid":{"rendered":"https:\/\/e.kosmolat.eu\/product\/eov-skidr-ziepes-ar-ananasa-ekstaktu-500-ml\/"},"modified":"2026-04-24T06:07:32","modified_gmt":"2026-04-24T06:07:32","slug":"eov-skidr-ziepes-ar-ananasa-ekstaktu-500-ml","status":"publish","type":"product","link":"https:\/\/e.kosmolat.eu\/lt\/produktas\/eov-skidr-ziepes-ar-ananasa-ekstaktu-500-ml\/","title":{"rendered":"ENERGY OF VITAMINS Gelinis muilas su ananas\u0173 ekstraktu, 500 ml"},"content":{"rendered":"<p>Gelinis muilas \u0161velniai valo od\u0105 nuo ne\u0161varum\u0173, palikdamas gaivumo ir \u0161varos poj\u016bt\u012f.<\/p>\n<p>Naudojimas: Ant dr\u0117gnos odos u\u017etepkite gelin\u012f muil\u0105. Supuutokite Nuplaukite vandeniu.<\/p>\n<p>Atsargumo priemon\u0117s: Tik i\u0161oriniam naudojimui. Patekus \u012f akis, gerai nuplauti vandeniu ir, jei reikia, kreiptis \u012f gydytoj\u0105. <\/p>\n<p>\u012esp\u0117jimas: galimas individualus padid\u0117j\u0119s jautrumas komponentams. <\/p>\n<p>Geriausias: 30 m\u0117nesi\u0173 nuo pagaminimo datos.<\/p>\n<p>Laikyti nuo +5 iki +25\u00b0C temperat\u016broje, atokiau nuo tiesiogini\u0173 saul\u0117s spinduli\u0173. Laikyti bent 0,5 m atstumu nuo \u0161ildymo prietais\u0173.<\/p>\n","protected":false},"excerpt":{"rendered":"<p>Gelinis muilas \u0161velniai valo od\u0105 nuo ne\u0161varum\u0173, palikdamas gaivumo ir \u0161varos poj\u016bt\u012f. Naudojimas: Ant dr\u0117gnos odos u\u017etepkite gelin\u012f muil\u0105. Supuutokite Nuplaukite vandeniu. Atsargumo priemon\u0117s: Tik i\u0161oriniam naudojimui. Patekus \u012f akis, gerai nuplauti vandeniu ir, jei reikia, kreiptis \u012f gydytoj\u0105. \u012esp\u0117jimas: galimas individualus padid\u0117j\u0119s jautrumas komponentams. Geriausias: 30 m\u0117nesi\u0173 nuo pagaminimo datos. Laikyti nuo +5 iki [&#8230;]\n","protected":false},"featured_media":99832,"template":"","meta":[],"product_cat":[1748],"product_tag":[],"class_list":{"0":"post-59021","1":"product","2":"type-product","3":"status-publish","4":"has-post-thumbnail","6":"product_brand-aljans-krasoti_ua-lt","7":"product_cat-skystas-muilas","9":"first","10":"instock","11":"taxable","12":"shipping-taxable","13":"product-type-simple"},"_links":{"self":[{"href":"https:\/\/e.kosmolat.eu\/lt\/wp-json\/wp\/v2\/product\/59021","targetHints":{"allow":["GET"]}}],"collection":[{"href":"https:\/\/e.kosmolat.eu\/lt\/wp-json\/wp\/v2\/product"}],"about":[{"href":"https:\/\/e.kosmolat.eu\/lt\/wp-json\/wp\/v2\/types\/product"}],"wp:featuredmedia":[{"embeddable":true,"href":"https:\/\/e.kosmolat.eu\/lt\/wp-json\/wp\/v2\/media\/99832"}],"wp:attachment":[{"href":"https:\/\/e.kosmolat.eu\/lt\/wp-json\/wp\/v2\/media?parent=59021"}],"wp:term":[{"taxonomy":"product_cat","embeddable":true,"href":"https:\/\/e.kosmolat.eu\/lt\/wp-json\/wp\/v2\/product_cat?post=59021"},{"taxonomy":"product_tag","embeddable":true,"href":"https:\/\/e.kosmolat.eu\/lt\/wp-json\/wp\/v2\/product_tag?post=59021"}],"curies":[{"name":"wp","href":"https:\/\/api.w.org\/{rel}","templated":true}]}}