{"id":59017,"date":"2024-11-19T10:50:30","date_gmt":"2024-11-19T10:50:30","guid":{"rendered":"https:\/\/e.kosmolat.eu\/?post_type=product&#038;p=59017"},"modified":"2026-04-13T09:25:17","modified_gmt":"2026-04-13T09:25:17","slug":"deba-ceramides-izlidzinoss-sejas-serums-30-ml","status":"publish","type":"product","link":"https:\/\/e.kosmolat.eu\/lt\/produktas\/deba-ceramides-izlidzinoss-sejas-serums-30-ml\/","title":{"rendered":"DeBa Ceramides Refining serumas veidui, 30 ml"},"content":{"rendered":"<p>Praturtintas keramid\u0173 kompleksu, niacinamidais, peptidais.<\/p>\n<p>Dr\u0117kinamasis serumas, sukurtas palaikyti, apsaugoti ir atkurti odos barjer\u0105, optimaliai subalansuoti dr\u0117kinim\u0105 ir \u0161vytin\u010di\u0105 od\u0105.<\/p>\n<p>Veikliosios med\u017eiagos ir j\u0173 poveikis:<br \/>\nKeramid\u0173  kompleksas \u2013 maitina ir stiprina odos barjer\u0105.<br \/>\nNiacinamidas \u2013 pagerina veido tekst\u016br\u0105 ir veido spalv\u0105.<br \/>\nRy\u017ei\u0173 peptidai \u2013 skatina kolageno gamyb\u0105, didina odos stangrum\u0105 ir elastingum\u0105<br \/>\nDienos ir nakties prie\u017ei\u016brai; visiems odos tipams; be kvapo.<\/p>\n<p>Naudojimas: ryte ir vakare kelis la\u0161us serumo u\u017ela\u0161inkite ant \u0161varios odos \u0161velniais masa\u017eo judesiais. Tinka odai aplink akis.<\/p>\n<p>Laikyti nuo +5 \u00b0C iki +25 \u00b0C temperat\u016broje.<\/p>\n","protected":false},"excerpt":{"rendered":"<p>Praturtintas keramid\u0173 kompleksu, niacinamidais, peptidais. Dr\u0117kinamasis serumas, sukurtas palaikyti, apsaugoti ir atkurti odos barjer\u0105, optimaliai subalansuoti dr\u0117kinim\u0105 ir \u0161vytin\u010di\u0105 od\u0105. Veikliosios med\u017eiagos ir j\u0173 poveikis: Keramid\u0173 kompleksas \u2013 maitina ir stiprina odos barjer\u0105. Niacinamidas \u2013 pagerina veido tekst\u016br\u0105 ir veido spalv\u0105. Ry\u017ei\u0173 peptidai \u2013 skatina kolageno gamyb\u0105, didina odos stangrum\u0105 ir elastingum\u0105 Dienos ir nakties [&#8230;]\n","protected":false},"featured_media":101526,"template":"","meta":[],"product_cat":[1327],"product_tag":[],"class_list":{"0":"post-59017","1":"product","2":"type-product","3":"status-publish","4":"has-post-thumbnail","6":"product_brand-rubella-bg-lt","7":"product_cat-serumai","9":"first","10":"instock","11":"taxable","12":"shipping-taxable","13":"product-type-simple"},"_links":{"self":[{"href":"https:\/\/e.kosmolat.eu\/lt\/wp-json\/wp\/v2\/product\/59017","targetHints":{"allow":["GET"]}}],"collection":[{"href":"https:\/\/e.kosmolat.eu\/lt\/wp-json\/wp\/v2\/product"}],"about":[{"href":"https:\/\/e.kosmolat.eu\/lt\/wp-json\/wp\/v2\/types\/product"}],"wp:featuredmedia":[{"embeddable":true,"href":"https:\/\/e.kosmolat.eu\/lt\/wp-json\/wp\/v2\/media\/101526"}],"wp:attachment":[{"href":"https:\/\/e.kosmolat.eu\/lt\/wp-json\/wp\/v2\/media?parent=59017"}],"wp:term":[{"taxonomy":"product_cat","embeddable":true,"href":"https:\/\/e.kosmolat.eu\/lt\/wp-json\/wp\/v2\/product_cat?post=59017"},{"taxonomy":"product_tag","embeddable":true,"href":"https:\/\/e.kosmolat.eu\/lt\/wp-json\/wp\/v2\/product_tag?post=59017"}],"curies":[{"name":"wp","href":"https:\/\/api.w.org\/{rel}","templated":true}]}}