{"id":58998,"date":"2024-11-16T05:04:55","date_gmt":"2024-11-16T05:04:55","guid":{"rendered":"https:\/\/e.kosmolat.eu\/product\/karapuz-puderis-berniem-sensitive-50-g\/"},"modified":"2026-04-23T13:20:25","modified_gmt":"2026-04-23T13:20:25","slug":"karapuz-puderis-berniem-sensitive-50-g","status":"publish","type":"product","link":"https:\/\/e.kosmolat.eu\/lt\/produktas\/karapuz-puderis-berniem-sensitive-50-g\/","title":{"rendered":"KARAPUZ Pudra k\u016bdikiams Sensitive, 50 g"},"content":{"rendered":"<p>Pudra k\u016bdikiams, skirta naujagimi\u0173 vystykl\u0173 b\u0117rimo ir dirginimo profilaktikai.<br \/>\nNaudojimas: barstykite vaiko od\u0105 rauk\u0161li\u0173 vietose kasdien po higienos proced\u016br\u0173.<\/p>\n<p>\u012esp\u0117jimas: nenaudokite milteli\u0173 \u0161alia k\u016bdikio nosies ir burnos. Vengti milteli\u0173 patekimo \u012f vaik\u0173 burn\u0105 ir nos\u012f<\/p>\n<p>Geriausias: 24 m\u0117nesiai nuo pagaminimo dienos. <\/p>\n<p>Laikyti vaikams nepasiekiamoje vietoje nuo +5 iki +25 \u00b0C temperat\u016broje.<\/p>\n","protected":false},"excerpt":{"rendered":"<p>Pudra k\u016bdikiams, skirta naujagimi\u0173 vystykl\u0173 b\u0117rimo ir dirginimo profilaktikai. Naudojimas: barstykite vaiko od\u0105 rauk\u0161li\u0173 vietose kasdien po higienos proced\u016br\u0173. \u012esp\u0117jimas: nenaudokite milteli\u0173 \u0161alia k\u016bdikio nosies ir burnos. Vengti milteli\u0173 patekimo \u012f vaik\u0173 burn\u0105 ir nos\u012f Geriausias: 24 m\u0117nesiai nuo pagaminimo dienos. Laikyti vaikams nepasiekiamoje vietoje nuo +5 iki +25 \u00b0C temperat\u016broje.<\/p>\n","protected":false},"featured_media":78260,"template":"","meta":[],"product_cat":[1363],"product_tag":[],"class_list":{"0":"post-58998","1":"product","2":"type-product","3":"status-publish","4":"has-post-thumbnail","6":"product_brand-karapuz_ua-lt","7":"product_cat-kuno-prieziuros-kosmetika","9":"first","10":"instock","11":"taxable","12":"shipping-taxable","13":"product-type-simple"},"_links":{"self":[{"href":"https:\/\/e.kosmolat.eu\/lt\/wp-json\/wp\/v2\/product\/58998","targetHints":{"allow":["GET"]}}],"collection":[{"href":"https:\/\/e.kosmolat.eu\/lt\/wp-json\/wp\/v2\/product"}],"about":[{"href":"https:\/\/e.kosmolat.eu\/lt\/wp-json\/wp\/v2\/types\/product"}],"wp:featuredmedia":[{"embeddable":true,"href":"https:\/\/e.kosmolat.eu\/lt\/wp-json\/wp\/v2\/media\/78260"}],"wp:attachment":[{"href":"https:\/\/e.kosmolat.eu\/lt\/wp-json\/wp\/v2\/media?parent=58998"}],"wp:term":[{"taxonomy":"product_cat","embeddable":true,"href":"https:\/\/e.kosmolat.eu\/lt\/wp-json\/wp\/v2\/product_cat?post=58998"},{"taxonomy":"product_tag","embeddable":true,"href":"https:\/\/e.kosmolat.eu\/lt\/wp-json\/wp\/v2\/product_tag?post=58998"}],"curies":[{"name":"wp","href":"https:\/\/api.w.org\/{rel}","templated":true}]}}