{"id":58982,"date":"2024-11-16T05:04:09","date_gmt":"2024-11-16T05:04:09","guid":{"rendered":"https:\/\/e.kosmolat.eu\/product\/okey-granulets-lidzeklis-caurulu-tiris-ar-karstu-udeni-70-g\/"},"modified":"2026-04-01T15:55:14","modified_gmt":"2026-04-01T15:55:14","slug":"okey-granulets-lidzeklis-caurulu-tiris-ar-karstu-udeni-70-g","status":"publish","type":"product","link":"https:\/\/e.kosmolat.eu\/lt\/produktas\/okey-granulets-lidzeklis-caurulu-tiris-ar-karstu-udeni-70-g\/","title":{"rendered":"O&#8217;KEY Granul\u0117s vamzd\u017ei\u0173 valymui. Kar\u0161tu vandeniu, 70 g"},"content":{"rendered":"<p>Greitai i&scaron;valo ne&scaron;varius vamzd\u017eius. Pa&scaron;alina organines gleives, riebalus, plaukus, maisto liku\u010dius, mikrobus ir nemalonius kvapus.<\/p>\n<p><strong>Naudojimo instrukcijos:<\/strong><\/p>\n<p>1. Pa&scaron;alinkite likus\u012f vanden\u012f i&scaron; vonios arba kriaukl\u0117s.<\/p>\n<p>2. I&scaron;tu&scaron;tinkite mai&scaron;elio turin\u012f \u012f i&scaron;leidimo ang\u0105.<\/p>\n<p>3. Palaipsniui \u012fpilkite vien\u0105 stiklin\u0119 kar&scaron;to vandens.<\/p>\n<p>4. Po 15 minu\u010di\u0173 nuplaukite dideliu kiekiu vandens, vengdami pursl\u0173.<\/p>\n<p>5. Nor\u0117dami gauti geresni\u0173 rezultat\u0173, pakartokite proced\u016br\u0105.<\/p>\n<p>6. Nusiplaukite rankas.<\/p>\n<p><strong>Laikymo s\u0105lygos:<\/strong> Laikyti neatidaryt\u0105 sausoje, v\u0117dinamoje vietoje, apsaugotoje nuo dr\u0117gm\u0117s ir tiesiogini\u0173 saul\u0117s spinduli\u0173, temperat\u016broje nuo +5 &deg;C iki +30 &deg;C.<\/p>\n<p>Laikyti vaikams ir naminiams gyv\u016bn\u0117liams nepasiekiamoje vietoje.<\/p>\n<p><strong>Geriausias: <\/strong>3 metai nuo pagaminimo datos.<\/p>\n<p><strong>Sud\u0117tis:<\/strong> 30 % ir daugiau natrio hidroksido.<\/p>\n<p>&nbsp;<\/p>\n<p><img decoding=\"async\" alt=\"\" src=\"data:image\/png;base64,iVBORw0KGgoAAAANSUhEUgAAAD0AAAA6CAYAAAF0YGHHAAAAAXNSR0IArs4c6QAAAARnQU1BAACxjwv8YQUAAAAJcEhZcwAAFxEAABcRAcom8z8AAA+ESURBVFhH3ZkJcFRVuoCpeTD1yueUlr55U\/PeSJWgMBqfIIsEkiZ7upPudGcjexoCSSAbYYdIZCtQBERWYQRRcGQphBlE8gQ1AZ4OkUVGIiCghj0g6X25t+\/t7n\/O\/\/fpLGQhCQnD+FV1dfc9+z3nX0+vTmEcPQQQ1\/vvBPBHjRiGDaRCP6650xfxItZy6LP8sY\/Kykr6lsem1lAF58rXYcmSJfRB3n33XfoG5SigCohZG+57yJFVwW5e1Ihx+B+pUIgPP80ftcQ1PmUx\/9kFsHvj8OcaJ+bnxuzJfWlwjnHowMZKQuHYPHxYW1tLhUhBQQFYklS+Si5lkKfpO8jJyYHFixeDfPZMYy+iJryaSjnCxjUt5+EYEzsVC83+rlvDXJDRj\/\/sGMaQoWAMfAFMAI\/zR\/eGzaI3Nrob4+BnQFy6JJFXa4lUmBNs5Gdq06ZNEBUVBbm5uVBcXAzDhw+nV4eYwoaDu2TCR7wZW3xWwvumyEAqRL788kvQ6XT8n4\/XXnsNnn76aerQj33OFBBmlWzl3bAZxCpu2Yon8OK2cR3YB96okW2\/aTE+aouJy05TbNMLwaULt\/Jq98aclqAyDO4PpohAEFI0e\/njzuHKzazkPzuHlBh1zZqfBRA7uu21toYUM9rlWL6I1uw+fxagvZfVFIhRgPjxHmrox2M0gBw+vP0OICYY5NMneJO7kCRwsKPMqzYHIkeA5+fbYDabYcOGDaBWq6lNWloahIWFgV6vp\/+WuztwsSmB2w0ejwdu3boFTqeTKvrRarWwbNkyOHr0KP03+TuwsvPblE8++YT\/amTAgAFQVFREHz9mfwdGxWD49ty5BvWJH1QbfpRKJfzwww8wd+5c+o8K0l4+dRA1Royhw6jgXhgCA8CydeuTvFkjKILtYQwe3P52WcNf5lWbgxqHV2kfIYJ14JZ5M59S4EUdwxsVCB5DPdjYTPijzoEHh\/\/sXgRtRA294LgwXNmv+eOeRdSEWtDa2+fNovcpHz9G5wZUQeCtqvgDr9a9uONCwTjqRXBuXk+D3o372hVmNvqDN2IEOFcuUfBmXcdUWvo4KIPAOCIAXIc\/58O0j1dwApolkQmNtPjVQt5VxzGWzXgRFaDxpWdpReeY6J45c4bEdvz48TBz5kz44IMPSPug6Tpw4AAsWLAAysrK4O2334aPPvqIJoJG1c7kQ5xR\/CfedduIeZlaNzviaDy8FjN1gFgsFvjwww\/5v7bBekh4eDjs3r0bZs+eTf\/NymAwhQ4FOT\/zMB+qEXt2\/DwnU4vGkf9LlZuCuvTQoUPUmUaj4U9bx2g0wtmzZyE\/P79BfTbFMj6dNIWUmXCVD40WgO0r0zvO9\/5ElTZu3Ijy2fAJDQ2FwMDAZs+akpCQQPp6zpw59D8rixm+VnBfriU3D5jHwfpojkulcBhQjOZO49U7j9fr5b8akU5wcWTe8a2yst\/x4VpHUodeMrHTah03hjfvGuL2rWAMGkTm33vw4H\/w7juGUxtZYWFazMTErTPYF8wBVESO6FEi76rryEmq1+xMwaPv3h7WvEx2qpl868Ku8KbdhyVFrZeYBjMOGQBel8iHZKLEXquZvSExOeYYr9pz3MlOGwbRgUyJBICdDWpPUa\/mRQ+G63OKnpSbRogPAlv5rACIHgnWkCEgzix+mz\/uWawFOSFe5hwYRzwPZm0EWJi6lCbn7eHFPYMpJzlZZhqJzKXN6jtgqmAws1Mt52cf5dW6F2mifqILxWvIM6i2aFA\/5kQV09HDwD0hzRfwdxdSVmI5GhkTGZmWqhJBeUYDIWfprvFm94eYoV1rR8vGvJV7YSud6LNOY+IsvHnXELLid1vChrHgr3VnuTXs8+eAQfESiElKmXfTOVjDI3hozElK3mXHcW5YRSbYq4tsaRrbwxEfdRZdXku6ljo6cuQI7Nixg2wxBmKvvPIKuUqZmZlw4cIFWL58OXkk6EIdPHgQbv58B8QP3vVZK5\/b3Id33TZSkvIq7pN1YjYNiqSnp8PmzZsp1xAXF0dBHPpgGE6NGzeOosOAgABQqVTkLGDUiEgV+8g\/A3UI3Dl\/\/jd8iJa4NaH15Ge\/OpMa+omMjASXy8X\/tc5XX33FQlmJVo\/R5hdffAGiKIJ8ohqMLzMLx+TdsWvX\/\/ChGpHVCsE4+iWwL13Au2IiYvUpidTUVPq+c+cOfbdGdXU1pKSkQE1NDVRUVNBW+JFr\/s7cY+aZMA\/XtXPbC3xI9no1Id7WnPstW7aQi9u3b1+IiIi456rLy8vJY8VXXV9fz5\/68FypBcOQZwGYhNg2rfpdLwxXjOz4S1WHeJXmPProo\/TdngeKwTyeg+zsbBg4cCA5koWFhfDTTz\/xGj68bAuMo5gS0oRCL0eycjl5Giyy8MNeQsPnscceo0F79+7d8CwkJITXZHJrt0NGRgYsWrSITvhbb70Fp06d4qXNseZnU7xrz0pcw\/phZi4pdioGxJQ9k6VmiYHWPtu3b+dd+cC9f+qpp8gFvnLlCuzbtw\/y8vLg2rVrvAbzuZNjfJm3+IhqGtSPLUWdKaG5w324x162B+ZR7sYcoyC\/TEyK+RsfrjlypibCw8Ic40vPgKf+Z97s\/jAxXw2zAlKqehcfpnXM2Uk+n2roAHD\/eJE37xqoPGzs9TpT4jrml93O0\/cHJYsqWVQgf\/ct76YTsNeN58XODIxlbPJS3m3HuFlS8ltQjQID86ul\/\/dl9jsE01Y4YYkdVmF82iTeXee4MX\/+IxjsGZgDIO7ZwXtuG6\/JQG6RzPbVMkmv5d10jfkAv6JIk1kagVmctvBcvUwSgYlL25S8SN78\/pGUwR6DYjA4Vr7Oh2rEff5cQ5ToLSt5njfpPqSYIDtZLxak+ZG\/\/groKoj52fXzZ\/VMpgiR1Io6tNe2mSUgVR4ikcEsHin+noZZswtGJp\/o3oB6NNw4efIRXtTzyLqwY+zV3388\/KAQ5s\/p506LPQbs9Hs0YeCaXbqcHZVf8eJfFuai8cPkxKgLKACYWce4D9WDlcV96A8Kk\/P\/fN7rbdsn\/FfCPqNQJWnD6yjAZYvF\/KJtegF4HXaQvzxCxhMF04yLj2H+aIH+kP3Ekd\/z5v9aWHLS9ZIuzC5h5MfUHtpLx8Iy8DIzdjfyyWowJ0STKsQEKUSPAjkv86R4YO8A3t3DjZSRMFWKGe1BR9LAtBx6NRjQNb1laQv3Tz+w2E1Hvjjec2Fu1J2TclHavHEY7\/7hAU24PC7ldTyemAozMFnFtJjw5y18OZ3DU3eTYkg8HWifPOy0uDN0dcJbK5R8yH8eNz7++BEpLW4L2iy8eDQw5YQyKh74K5\/+\/eE1GcFePoNu91FEJOZOulNirfZli\/R8Cg8O665dv3WNUVag\/4O5ZwPzhfDCQmKy2SPIMjiWLiRRwahTwIuR+Ei3OG\/2TD6lnuP2jBn9xTGaajQ7GCOh44dJG\/e5Gj67lmD24Pz583TNhFdO77zzDhw7dozK8KJlypQpsHTpUti2bRvs2bOHympra1uNzRBh03owMW1vDHqRbthBFwH2mZPfrALozafZPTim5A+T4iMu0WLZQBjvWSfqwX25MSavqTkDCoUCVq1aBevXr6cot6qqihZss9komsXFXLx4ESZNmgRvvvkmFBcXw7p16yghcfnyZYp+L126RHWvX78Ohw8fhv3798OKFSsgOTkZbt68yUdjse7He8A0iukOFodYcfGaUJCm5m+7DfAon3bXEIpzIt3Mxnq4jcXF2krzmt3jNQWzYn369IFBgwZRmgYzJitXrqSJ42LwOq2tHXQ4HHD79m345ptv6CW88cYbdCEZFRUFTzzxBJSWlvKaPuysPvYkff5\/pEcMTHFightiFeAu0B+A77\/\/T76MjuEcm5wpacMcEou4MXGJx9hONlbwjdgKJ06coATK1q1b+ZOug6cAM3tFRUX0H9NTOp2Odj83N5duYktKSqjMj3zyazDrIpnG\/6PP1jN9487N\/FqoqOjvW1UbOPRJU12q4OY2duNqpkZb7o4gCJT3\/PZbX3CPx3by5MmUA\/vss8+o7NNPP6WyziIzxbV27VpKca5Zs4Z+BwUFUWYxOjqanrUF2fo0LV1n4elEWy+PS77g2L61ua13jEtd4bexGDZhrkzYtpl30zY\/\/vgj9OvXj66e8UiijOr1ekqhoax2lePHj9OOYi5v586dpNzwuGNG7OrVq7xW+3huXgdrwTh2Sp8jpQtMRF2T89b5FpyqeR\/dPiuzgZhuNUWNBHH\/X3jTRr777jvK76GiWr16NX38SgtzgHhNjlRWVtJONK2HH1RGe\/fupTp343a7qR2maHEnUZtjohoz6qjtMd2LShDBjCpqfcy0Y9KzPbz1d8A2rZAuQNCPwIyfmJuxlhaOWBNV8yRVsNeJSVDc7ZefA+e6lbw5wIYNGxoSn1394BFtDbwxP336NIwZMwZGjhxJ2fuxY8fScfZr7Lq6uoZUMyZbccdR+bWGh1kVSwZ3Z3GXowLBHh91xTZ90n+xebRESFPnSbFBggujH7bzqLHtS17F7eBd9iy4MBQNVGLz5s2DhQsXkhWYNm0aafD33nuPrjDQDOLLaop86jiYE5XkvuJ1NEZ2YrKy2lo+6zm+vPYRM7VaOVZR70ZzxewgvjXbrBLwsCPzsCEd+RxMeE0a+Dx5iBCjAFti9D7HG\/P\/my+nczgzkxSSOuQq5YHRVjONbpmQDp7bdXzIfx6uT\/4KJhTFkS\/4FqsKBiFDu4t5Rd3jnRn1SS861CFnyStDLc923pwaB+6L3\/MpPDiEzcwVZZ4YuqKog1xMETsy41ewon\/j0+1ebuRn9xU04UcwCY9ygwrPHBcG0t+O+mbUQ3iZrDuWL6aTZmARl8gW61GHgKhPLuVT63lqS0sfF3SRu\/2RFl57oV\/uqjzIp9k9eJnCwqtS1CkYXoosthZjQxz2idl5fCoPnqqq+b3FJOVavGykOz8mX3QfsHMbn3bX8NyqA+skfUMiAZPbojrkplAyQcWHfjgQk2PL5Zimtv55cK5ntv4u09Ie7iu1YMlKJFNJbiRbrJQQVWvKzRjMh3k4EVI0E10qhctn64eAYfAz4Fi2qN27T\/nvp3w2FmN0Ji5e1lZOVH1tLZve\/Zc0PYk1XZckxI62kK0fzeLwoc+C\/ZWp4LXb+FKZjT1a6UsDj+A2loWGjkTlftuSsp6\/p+lJrOnxIS614prXb+txgTmpYI4NpZy3z8YGgZCp21FVW\/vvvNkvA5s+LUDQhNb40k3DycaK0aO8ruxEvNrpw6v9MrlelP2kmKaptI9NnsUfPUB69foHCSiy68vTY+4AAAAASUVORK5CYII=\" \/><strong>GHS05 Pavojinga<\/strong><\/p>\n<p><strong>H314<\/strong> Smarkiai nudegina od\u0105 ir pa\u017eeid\u017eia akis.<\/p>\n<p><strong>H290 <\/strong>Gali \u0117sdinti metalus<\/p>\n<p>P101 Jei reikalinga gydytojo konsultacija, su savimi tur\u0117kite produkto talpykl\u0105 ar jo etiket\u0119.<\/p>\n<p>P102 Laikyti vaikams neprieinamoje vietoje<\/p>\n<p>P103 Prie&scaron; naudojim\u0105 perskaityti etiket\u0119.<\/p>\n<p>P260 Ne\u012fkv\u0117pti r\u016bko\/gar\u0173.<\/p>\n<p>P264 Po naudojimo kruop&scaron;\u010diai nuplaukite rankas<\/p>\n<p>P280 M\u016bv\u0117ti apsaugines pir&scaron;tines\/d\u0117v\u0117ti apsauginius drabu\u017eius\/naudoti aki\u0173 (veido) apsaugos priemones.<\/p>\n<p>P305+P351+P338 PATEKUS \u012e AKIS: Kelias minutes atsargiai plauti vandeniu. I&scaron;imti kontaktinius l\u0119&scaron;ius, jeigu jie yra ir jeigu lengvai galima tai padaryti. Toliau plauti akis.<\/p>\n<p>P301+P330+P331 PRARIJUS: i&scaron;skalauti burn\u0105. NESKATINTI v\u0117mimo.<\/p>\n<p>P303+P361+P353 PATEKUS ANT ODOS (arba plauk\u0173): nedelsiant nuvilkti visus u\u017eter&scaron;tus drabu\u017eius. Od\u0105 nuplauti vandeniu [arba \u010diurk&scaron;le].<\/p>\n<p>P304+P340 \u012eKV\u0116PUS: i&scaron;ne&scaron;ti nukent\u0117jus\u012fj\u012f \u012f gryn\u0105 or\u0105; jam b\u016btina patogi pad\u0117tis, leid\u017eianti laisvai kv\u0117puoti.<\/p>\n<p>P310 Nedelsiant skambinti \u012f APSINUODIJIM\u0172 KONTROL\u0116S IR INFORMACIJOS BIUR\u0104 arba kreiptis \u012f gydytoj\u0105<\/p>\n<p>P321 Specialus gydymas (nuplaukite kontakto vietas muilu ir vandeniu).<\/p>\n<p>P405 Laikyti u\u017erakint\u0105.<\/p>\n<p>P234 Laikyti tik originalioje pakuot\u0117je.<\/p>\n<p>P501 Turin\u012f\/talpykl\u0105 i&scaron;pilti (i&scaron;mesti) &#8211; sunaudot\u0105&nbsp; pakuot\u0117 utilizuoti&nbsp; kaip buitines atliekas.<\/p>\n","protected":false},"excerpt":{"rendered":"<p>Greitai i&scaron;valo ne&scaron;varius vamzd\u017eius. Pa&scaron;alina organines gleives, riebalus, plaukus, maisto liku\u010dius, mikrobus ir nemalonius kvapus. Naudojimo instrukcijos: 1. Pa&scaron;alinkite likus\u012f vanden\u012f i&scaron; vonios arba kriaukl\u0117s. 2. I&scaron;tu&scaron;tinkite mai&scaron;elio turin\u012f \u012f i&scaron;leidimo ang\u0105. 3. Palaipsniui \u012fpilkite vien\u0105 stiklin\u0119 kar&scaron;to vandens. 4. Po 15 minu\u010di\u0173 nuplaukite dideliu kiekiu vandens, vengdami pursl\u0173. 5. Nor\u0117dami gauti geresni\u0173 rezultat\u0173, pakartokite [&#8230;]\n","protected":false},"featured_media":98968,"template":"","meta":[],"product_cat":[2181],"product_tag":[],"class_list":{"0":"post-58982","1":"product","2":"type-product","3":"status-publish","4":"has-post-thumbnail","6":"product_brand-karapuz_ua-lt","7":"product_cat-bez-kategorijas-lt","9":"first","10":"instock","11":"taxable","12":"shipping-taxable","13":"product-type-simple"},"_links":{"self":[{"href":"https:\/\/e.kosmolat.eu\/lt\/wp-json\/wp\/v2\/product\/58982","targetHints":{"allow":["GET"]}}],"collection":[{"href":"https:\/\/e.kosmolat.eu\/lt\/wp-json\/wp\/v2\/product"}],"about":[{"href":"https:\/\/e.kosmolat.eu\/lt\/wp-json\/wp\/v2\/types\/product"}],"wp:featuredmedia":[{"embeddable":true,"href":"https:\/\/e.kosmolat.eu\/lt\/wp-json\/wp\/v2\/media\/98968"}],"wp:attachment":[{"href":"https:\/\/e.kosmolat.eu\/lt\/wp-json\/wp\/v2\/media?parent=58982"}],"wp:term":[{"taxonomy":"product_cat","embeddable":true,"href":"https:\/\/e.kosmolat.eu\/lt\/wp-json\/wp\/v2\/product_cat?post=58982"},{"taxonomy":"product_tag","embeddable":true,"href":"https:\/\/e.kosmolat.eu\/lt\/wp-json\/wp\/v2\/product_tag?post=58982"}],"curies":[{"name":"wp","href":"https:\/\/api.w.org\/{rel}","templated":true}]}}