{"id":58910,"date":"2024-11-12T05:04:30","date_gmt":"2024-11-12T05:04:30","guid":{"rendered":"https:\/\/e.kosmolat.eu\/product\/hc-krems-balz-balzams-pret-varzacim-un-tulznam-10-g-5\/"},"modified":"2026-04-03T05:46:52","modified_gmt":"2026-04-03T05:46:52","slug":"hc-krems-balz-balzams-pret-varzacim-un-tulznam-10-g-5","status":"publish","type":"product","link":"https:\/\/e.kosmolat.eu\/lt\/produktas\/hc-krems-balz-balzams-pret-varzacim-un-tulznam-10-g-5\/","title":{"rendered":"HEALER COSMETICS Kremas-balzamas nuo pritrynim\u0173 ir nuospaud\u0173, 10 g \u013b 5%"},"content":{"rendered":"<p>Veiksminga priemon\u0117 nuospaudoms ir pritrynimams \u0161alinti, pagaminta nat\u016brali\u0173 ingredient\u0173 pagrindu, kurie padeda sumink\u0161tinti \u0161iurk\u0161\u010dias odos vietas.<\/p>\n<p>Naudojimas: Po kar\u0161tos p\u0117d\u0173 vonios kruop\u0161\u010diai nusausinkite problemines odos vietas. Tepkite lokaliai problemines vietas<br \/>\nN\u0117ra vaistas.<\/p>\n<p>Laikymo s\u0105lygos: laikyti sausoje vietoje nuo 0\u00b0C iki +25\u00b0C temperat\u016broje.<\/p>\n<p>Geriausias  3 metai nuo pagaminimo datos<\/p>\n","protected":false},"excerpt":{"rendered":"<p>Veiksminga priemon\u0117 nuospaudoms ir pritrynimams \u0161alinti, pagaminta nat\u016brali\u0173 ingredient\u0173 pagrindu, kurie padeda sumink\u0161tinti \u0161iurk\u0161\u010dias odos vietas. Naudojimas: Po kar\u0161tos p\u0117d\u0173 vonios kruop\u0161\u010diai nusausinkite problemines odos vietas. Tepkite lokaliai problemines vietas N\u0117ra vaistas. Laikymo s\u0105lygos: laikyti sausoje vietoje nuo 0\u00b0C iki +25\u00b0C temperat\u016broje. Geriausias 3 metai nuo pagaminimo datos<\/p>\n","protected":false},"featured_media":98695,"template":"","meta":[],"product_cat":[1763],"product_tag":[],"class_list":{"0":"post-58910","1":"product","2":"type-product","3":"status-publish","4":"has-post-thumbnail","6":"product_brand-healer-cosmetics_ua-lt","7":"product_cat-koju-prieziuros-kosmetika","9":"first","10":"instock","11":"taxable","12":"shipping-taxable","13":"product-type-simple"},"_links":{"self":[{"href":"https:\/\/e.kosmolat.eu\/lt\/wp-json\/wp\/v2\/product\/58910","targetHints":{"allow":["GET"]}}],"collection":[{"href":"https:\/\/e.kosmolat.eu\/lt\/wp-json\/wp\/v2\/product"}],"about":[{"href":"https:\/\/e.kosmolat.eu\/lt\/wp-json\/wp\/v2\/types\/product"}],"wp:featuredmedia":[{"embeddable":true,"href":"https:\/\/e.kosmolat.eu\/lt\/wp-json\/wp\/v2\/media\/98695"}],"wp:attachment":[{"href":"https:\/\/e.kosmolat.eu\/lt\/wp-json\/wp\/v2\/media?parent=58910"}],"wp:term":[{"taxonomy":"product_cat","embeddable":true,"href":"https:\/\/e.kosmolat.eu\/lt\/wp-json\/wp\/v2\/product_cat?post=58910"},{"taxonomy":"product_tag","embeddable":true,"href":"https:\/\/e.kosmolat.eu\/lt\/wp-json\/wp\/v2\/product_tag?post=58910"}],"curies":[{"name":"wp","href":"https:\/\/api.w.org\/{rel}","templated":true}]}}