{"id":58902,"date":"2024-11-12T05:04:02","date_gmt":"2024-11-12T05:04:02","guid":{"rendered":"https:\/\/e.kosmolat.eu\/product\/shik-elixir-kr-balzams-kajam-ar-pretsenisu-piedevu-octopirox-un-si-sviestu-75-ml\/"},"modified":"2026-04-02T08:25:24","modified_gmt":"2026-04-02T08:25:24","slug":"shik-elixir-kr-balzams-kajam-ar-pretsenisu-piedevu-octopirox-un-si-sviestu-75-ml","status":"publish","type":"product","link":"https:\/\/e.kosmolat.eu\/lt\/produktas\/shik-elixir-kr-balzams-kajam-ar-pretsenisu-piedevu-octopirox-un-si-sviestu-75-ml\/","title":{"rendered":"SHIK ELIXIR P\u0117d\u0173 kremas-balzamas su prie\u0161grybeliniu priedu Octopirox, karbamidu ir taukmed\u017ei\u0173 sviest"},"content":{"rendered":"<p>P\u0117d\u0173 kremas-balzamas gaivina od\u0105, o specialus Octopirox priedas pasi\u017eymi prie\u0161grybelin\u0117mis savyb\u0117mis. Jis gaivina ir akimirksniu atkuria komfort\u0105, palikdamas p\u0117das sausas ir \u0161vie\u017eias vis\u0105 dien\u0105. Sud\u0117tyje esantis karbamidas skatina intensyv\u0173 sausos p\u0117d\u0173 odos dr\u0117kinim\u0105, o bisabololis ir alantoinas pasi\u017eymi raminamuoju, mink\u0161tinamuoju ir apsauginiu poveikiu. Taukmed\u017ei\u0173 sviestas pagreitina atsigavimo proces\u0105 ir apsaugo nuo odos i\u0161saus\u0117jimo bei \u0161erpetojimo. Maitinamasis kremas yra lengvos, malonios konsistencijos ir greito poveikio. Puikiai dr\u0117kina sausas p\u0117das.<br \/>\nNaudojimas: nedidel\u012f kiek\u012f kremo u\u017etepkite ant \u0161varios, sausos p\u0117d\u0173 odos lengvais masa\u017eo judesiais.<\/p>\n<p>Atsargumo priemon\u0117s: Tik i\u0161oriniam naudojimui. Patekus \u012f akis, gerai nuplauti dideliu kiekiu tekan\u010dio vandens.<\/p>\n<p>Geriausias: 36 m\u0117n. nuo pagaminimo datos.<\/p>\n<p>Laikymo s\u0105lygos: laikyti nuo +5\u00b0C iki +25\u00b0C temperat\u016broje, apsaugotoje nuo saul\u0117s spinduli\u0173.<\/p>\n","protected":false},"excerpt":{"rendered":"<p>P\u0117d\u0173 kremas-balzamas gaivina od\u0105, o specialus Octopirox priedas pasi\u017eymi prie\u0161grybelin\u0117mis savyb\u0117mis. Jis gaivina ir akimirksniu atkuria komfort\u0105, palikdamas p\u0117das sausas ir \u0161vie\u017eias vis\u0105 dien\u0105. Sud\u0117tyje esantis karbamidas skatina intensyv\u0173 sausos p\u0117d\u0173 odos dr\u0117kinim\u0105, o bisabololis ir alantoinas pasi\u017eymi raminamuoju, mink\u0161tinamuoju ir apsauginiu poveikiu. Taukmed\u017ei\u0173 sviestas pagreitina atsigavimo proces\u0105 ir apsaugo nuo odos i\u0161saus\u0117jimo bei \u0161erpetojimo. [&#8230;]\n","protected":false},"featured_media":78387,"template":"","meta":[],"product_cat":[2181],"product_tag":[],"class_list":{"0":"post-58902","1":"product","2":"type-product","3":"status-publish","4":"has-post-thumbnail","6":"product_brand-slobozanskij-milovar_ua-lt","7":"product_cat-bez-kategorijas-lt","9":"first","10":"instock","11":"taxable","12":"shipping-taxable","13":"product-type-simple"},"_links":{"self":[{"href":"https:\/\/e.kosmolat.eu\/lt\/wp-json\/wp\/v2\/product\/58902","targetHints":{"allow":["GET"]}}],"collection":[{"href":"https:\/\/e.kosmolat.eu\/lt\/wp-json\/wp\/v2\/product"}],"about":[{"href":"https:\/\/e.kosmolat.eu\/lt\/wp-json\/wp\/v2\/types\/product"}],"wp:featuredmedia":[{"embeddable":true,"href":"https:\/\/e.kosmolat.eu\/lt\/wp-json\/wp\/v2\/media\/78387"}],"wp:attachment":[{"href":"https:\/\/e.kosmolat.eu\/lt\/wp-json\/wp\/v2\/media?parent=58902"}],"wp:term":[{"taxonomy":"product_cat","embeddable":true,"href":"https:\/\/e.kosmolat.eu\/lt\/wp-json\/wp\/v2\/product_cat?post=58902"},{"taxonomy":"product_tag","embeddable":true,"href":"https:\/\/e.kosmolat.eu\/lt\/wp-json\/wp\/v2\/product_tag?post=58902"}],"curies":[{"name":"wp","href":"https:\/\/api.w.org\/{rel}","templated":true}]}}